{"id":58102,"date":"2024-05-20T14:13:38","date_gmt":"2024-05-20T12:13:38","guid":{"rendered":"https:\/\/ak47.nu\/produkt\/denix-trastall-2\/"},"modified":"2025-12-04T02:19:51","modified_gmt":"2025-12-04T01:19:51","slug":"denix-holzstander-repliken","status":"publish","type":"product","link":"https:\/\/ak47.nu\/de\/produkt\/replikor\/tillbehor-replikor\/denix-holzstander-repliken\/","title":{"rendered":"Denix Holzst\u00e4nder f\u00fcr Repliken | Pr\u00e4sentationsst\u00e4nder"},"content":{"rendered":"<h1>Denix Holzst\u00e4nder f\u00fcr Repliken<\/h1>\n<h2>Pr\u00e4sentieren Sie Ihre Repliken mit Stil<\/h2>\n<p>Dieser Holzst\u00e4nder von Denix ist perfekt, um Ihre Repliken elegant und stilvoll zu pr\u00e4sentieren. Passend f\u00fcr diverse Denix Modelle. Bitte beachten Sie, dass die Replika nicht enthalten ist.<\/p>\n<h3>Eigenschaften<\/h3>\n<ul>\n <li>H\u00f6he: 24 cm<\/li>\n <li>Gewicht: 53 g<\/li>\n <li>Passend f\u00fcr mehrere Denix Repliken<\/li>\n<\/ul>\n<p>Geben Sie Ihren Repliken die Aufmerksamkeit, die sie verdienen, mit diesem Holzst\u00e4nder von Denix. Perfekt f\u00fcr Sammler und Enthusiasten, die ihre Repliken stilvoll pr\u00e4sentieren m\u00f6chten. Vervollst\u00e4ndigen Sie noch heute Ihre Sammlung! Entdecken Sie weitere <a href=\"https:\/\/ak47.nu\/de\/butik\/\">Denix Repliken<\/a> in unserem Sortiment. Besuchen Sie unsere <a href=\"https:\/\/ak47.nu\/de\/replikor\/\">Waffenreplik Kategorie<\/a>, um das gesamte Angebot zu sehen. Weitere Produkte finden Sie auf unserer <a href=\"https:\/\/ak47.nu\/de\/\">Homepage<\/a>.<\/p>","protected":false},"excerpt":{"rendered":"<p>Denix Holzst\u00e4nder f\u00fcr Repliken Pr\u00e4sentieren Sie Ihre Repliken mit Stil Dieser Holzst\u00e4nder von Denix ist perfekt, um Ihre Repliken elegant und stilvoll zu pr\u00e4sentieren. Passend f\u00fcr diverse Denix Modelle. Bitte beachten Sie, dass die Replika nicht enthalten ist. Eigenschaften H\u00f6he: 24 cm Gewicht: 53 g Passend f\u00fcr mehrere Denix Repliken Geben Sie Ihren Repliken die [&#8230;]","protected":false},"featured_media":58093,"template":"","meta":[],"product_brand":[],"product_cat":[449],"product_tag":[],"class_list":{"0":"post-58102","1":"product","2":"type-product","3":"status-publish","4":"has-post-thumbnail","6":"product_cat-tillbehor-replikor","7":"pa_brand-denix","8":"pa_farg-trad","10":"first","11":"instock","12":"sale","13":"taxable","14":"shipping-taxable","15":"purchasable","16":"product-type-simple"},"_links":{"self":[{"href":"https:\/\/ak47.nu\/de\/wp-json\/wp\/v2\/product\/58102","targetHints":{"allow":["GET"]}}],"collection":[{"href":"https:\/\/ak47.nu\/de\/wp-json\/wp\/v2\/product"}],"about":[{"href":"https:\/\/ak47.nu\/de\/wp-json\/wp\/v2\/types\/product"}],"wp:featuredmedia":[{"embeddable":true,"href":"https:\/\/ak47.nu\/de\/wp-json\/wp\/v2\/media\/58093"}],"wp:attachment":[{"href":"https:\/\/ak47.nu\/de\/wp-json\/wp\/v2\/media?parent=58102"}],"wp:term":[{"taxonomy":"product_brand","embeddable":true,"href":"https:\/\/ak47.nu\/de\/wp-json\/wp\/v2\/product_brand?post=58102"},{"taxonomy":"product_cat","embeddable":true,"href":"https:\/\/ak47.nu\/de\/wp-json\/wp\/v2\/product_cat?post=58102"},{"taxonomy":"product_tag","embeddable":true,"href":"https:\/\/ak47.nu\/de\/wp-json\/wp\/v2\/product_tag?post=58102"}],"curies":[{"name":"wp","href":"https:\/\/api.w.org\/{rel}","templated":true}]}}