{"id":58595,"date":"2024-08-19T10:48:49","date_gmt":"2024-08-19T08:48:49","guid":{"rendered":"https:\/\/ak47.nu\/produkt\/okategoriserad\/derringer-grepp-panel-imitation-elfenben\/"},"modified":"2026-01-07T14:27:41","modified_gmt":"2026-01-07T13:27:41","slug":"derringer-griffstuck-elfenbeinimitation","status":"publish","type":"product","link":"https:\/\/ak47.nu\/de\/produkt\/replikor\/tillbehor-replikor\/derringer-griffstuck-elfenbeinimitation\/","title":{"rendered":"Derringer Griffst\u00fcck - Elfenbeinimitation | Kolser"},"content":{"rendered":"<h1>Derringer Griffst\u00fcck - Elfenbeinimitation<\/h1>\n<h2>Kolser Derringer Replika Griffst\u00fccke<\/h2>\n<p>Diese Griffst\u00fccke in Elfenbeinimitation von Kolser sind aus widerstandsf\u00e4higem Harz gefertigt und passen auf das Kolser Derringer Replika Modell 8752. R\u00fcsten Sie Ihre Nachbildung mit diesen stilvollen und langlebigen Griffst\u00fccken auf. Entdecken Sie unsere Auswahl an anderen <a href=\"https:\/\/ak47.nu\/de\/butik\/\">Kolser Replika Teilen<\/a>, um Ihre Sammlung zu vervollst\u00e4ndigen.<\/p>\n<h3>Eigenschaften:<\/h3>\n<ul>\n <li><strong>Material:<\/strong> Widerstandsf\u00e4higes Harz<\/li>\n <li><strong>Design:<\/strong> Elfenbeinimitation<\/li>\n <li><strong>Kompatibilit\u00e4t:<\/strong> Passend f\u00fcr Kolser Derringer Replika Modell 8752<\/li>\n<\/ul>\n<p>F\u00fcr weitere Informationen \u00fcber Kolser und deren Produkte besuchen Sie unsere <a href=\"https:\/\/ak47.nu\/de\/\">Homepage<\/a>. Sehen Sie sich auch unser breites Sortiment an <a href=\"https:\/\/ak47.nu\/de\/replikor\/\">Replika-Waffenzubeh\u00f6r<\/a> an.<\/p>","protected":false},"excerpt":{"rendered":"<p>Derringer Griffst\u00fcck &#8211; Elfenbeinimitation Kolser Derringer Replika Griffst\u00fccke Diese Griffst\u00fccke in Elfenbeinimitation von Kolser sind aus widerstandsf\u00e4higem Harz gefertigt und passen auf das Kolser Derringer Replika Modell 8752. R\u00fcsten Sie Ihre Nachbildung mit diesen stilvollen und langlebigen Griffst\u00fccken auf. Entdecken Sie unsere Auswahl an anderen Kolser Replika Teilen, um Ihre Sammlung zu vervollst\u00e4ndigen. Eigenschaften: Material: [&#8230;]","protected":false},"featured_media":58594,"template":"","meta":[],"product_brand":[],"product_cat":[449],"product_tag":[],"class_list":{"0":"post-58595","1":"product","2":"type-product","3":"status-publish","4":"has-post-thumbnail","6":"product_cat-tillbehor-replikor","7":"pa_brand-kolser","8":"pa_farg-ben-vit","10":"first","11":"instock","12":"taxable","13":"shipping-taxable","14":"purchasable","15":"product-type-simple"},"_links":{"self":[{"href":"https:\/\/ak47.nu\/de\/wp-json\/wp\/v2\/product\/58595","targetHints":{"allow":["GET"]}}],"collection":[{"href":"https:\/\/ak47.nu\/de\/wp-json\/wp\/v2\/product"}],"about":[{"href":"https:\/\/ak47.nu\/de\/wp-json\/wp\/v2\/types\/product"}],"wp:featuredmedia":[{"embeddable":true,"href":"https:\/\/ak47.nu\/de\/wp-json\/wp\/v2\/media\/58594"}],"wp:attachment":[{"href":"https:\/\/ak47.nu\/de\/wp-json\/wp\/v2\/media?parent=58595"}],"wp:term":[{"taxonomy":"product_brand","embeddable":true,"href":"https:\/\/ak47.nu\/de\/wp-json\/wp\/v2\/product_brand?post=58595"},{"taxonomy":"product_cat","embeddable":true,"href":"https:\/\/ak47.nu\/de\/wp-json\/wp\/v2\/product_cat?post=58595"},{"taxonomy":"product_tag","embeddable":true,"href":"https:\/\/ak47.nu\/de\/wp-json\/wp\/v2\/product_tag?post=58595"}],"curies":[{"name":"wp","href":"https:\/\/api.w.org\/{rel}","templated":true}]}}