{"id":59830,"date":"2025-01-20T13:59:43","date_gmt":"2025-01-20T12:59:43","guid":{"rendered":"https:\/\/ak47.nu\/produkt\/okategoriserad\/ics-191-glm-airsoft-granatkastare-40-mm\/"},"modified":"2025-12-04T03:54:11","modified_gmt":"2025-12-04T02:54:11","slug":"ics-191-glm-40mm-airsoft-granatwerfer","status":"publish","type":"product","link":"https:\/\/ak47.nu\/de\/produkt\/airsoft\/grongas\/ovriga-vapen-grongas\/ics-191-glm-40mm-airsoft-granatwerfer\/","title":{"rendered":"ICS-191 GLM 40mm Airsoft Granatwerfer | ICS"},"content":{"rendered":"<h1>ICS-191 GLM 40mm Airsoft Granatwerfer<\/h1>\n<h2>Leistungsstarke Nachbildung f\u00fcr das Airsoft-Schlachtfeld<\/h2>\n<p>Der ICS-191 GLM Granatwerfer ist eine kompromisslose Airsoft-Nachbildung, mit der Sie 6 Granaten in Sekundenschnelle abfeuern k\u00f6nnen. Diese Nachbildung erm\u00f6glicht es Ihnen, \u00fcber 1000 BBs schnell und effizient auf das Schlachtfeld zu bringen. Der Werfer ist mit allenStandard 40-mm-Airsoft-Granaten (130 mm L\u00e4nge) kompatibel. Verst\u00e4rken Sie Ihr Arsenal mit diesem vielseitigen Granatwerfer. Entdecken Sie unsere Auswahl an <a href=\"https:\/\/ak47.nu\/de\/butik\/\">Airsoft-Granaten<\/a>, um Ihr Spielerlebnis zu maximieren.<\/p>\n<h3>Leichtes und verstellbares Design<\/h3>\n<p>Der Granatwerfer besteht haupts\u00e4chlich aus Polymeren, um das Gewicht zu reduzieren, was entscheidend ist, wenn 6 Granaten geladen sind (Granaten nicht im Lieferumfang enthalten). Es handelt sich um einen Revolvergranatwerfer mit einem Trommelmagazin. Jeder Druck auf den Abzug spannt den Schlagbolzen und dreht die Trommel. Der Mechanismus muss zuerst gegen den Uhrzeigersinn aufgezogen werden, damit sich die Trommel bei jedem Ausl\u00f6sen korrekt dreht. F\u00fcr weitere Informationen zu unseren Produkten besuchen Sie bitte unsere <a href=\"https:\/\/ak47.nu\/de\/\">Website<\/a>.<\/p>\n<h3>Anpassbarer Schaft und Zubeh\u00f6rschienen<\/h3>\n<p>Der Schaft ist von der M4-Serie inspiriert und in L\u00e4nge und Winkel verstellbar, was besonders beim Schie\u00dfen in einer parabolischen Flugbahn n\u00fctzlich ist. Mit Picatinny-Schienen an der Vorderseite und einer oberen Montageschiene k\u00f6nnen Sie die Nachbildung problemlos mit zus\u00e4tzlichem Zubeh\u00f6r wie optischen Visieren und Griffen ausstatten. Optimieren Sie Ihre Ausr\u00fcstung mit hochwertigem Zubeh\u00f6r aus unserer <a href=\"https:\/\/ak47.nu\/de\/airsoft\/\">Airsoft-Zubeh\u00f6rkategorie<\/a>.<\/p>\n<ul>\n  <li>Verstellbarer Schaft (M4-Stil)<\/li>\n  <li>Picatinny-Schienen f\u00fcr Zubeh\u00f6r<\/li>\n<\/ul>\n<h3>Ergonomischer vertikaler Griff im Lieferumfang enthalten<\/h3>\n<p>Ein vertikaler Griff ist standardm\u00e4\u00dfig f\u00fcr erh\u00f6hten Komfort und Kontrolle enthalten. Dieses Set beinhaltet:<\/p>\n<ul>\n  <li>Granatwerfer<\/li>\n  <li>Vertikaler Griff<\/li>\n  <li>Benutzerhandbuch<\/li>\n<\/ul>\n<p><strong>Marke:<\/strong> ICS<br><strong>Produktl\u00e4nge [cm]:<\/strong> 72.90<br><strong>Produktgewicht [g]:<\/strong> 2120<br><strong>L\u00e4nge minimal [mm]:<\/strong> 631<br><strong>Produktcode:<\/strong> ICS-04-002483<\/p>","protected":false},"excerpt":{"rendered":"<p>ICS-191 GLM 40mm Airsoft Granatwerfer Leistungsstarke Nachbildung f\u00fcr das Airsoft-Schlachtfeld Der ICS-191 GLM Granatwerfer ist eine kompromisslose Airsoft-Nachbildung, mit der Sie 6 Granaten in Sekundenschnelle abfeuern k\u00f6nnen. Diese Nachbildung erm\u00f6glicht es Ihnen, \u00fcber 1000 BBs schnell und effizient auf das Schlachtfeld zu bringen. Der Werfer ist mit allenStandard 40-mm-Airsoft-Granaten (130 mm L\u00e4nge) kompatibel. Verst\u00e4rken Sie [&#8230;]","protected":false},"featured_media":59818,"template":"","meta":[],"product_brand":[],"product_cat":[416],"product_tag":[],"class_list":{"0":"post-59830","1":"product","2":"type-product","3":"status-publish","4":"has-post-thumbnail","6":"product_cat-ovriga-vapen-grongas","7":"pa_brand-ics","9":"first","10":"instock","11":"taxable","12":"shipping-taxable","13":"purchasable","14":"product-type-simple"},"_links":{"self":[{"href":"https:\/\/ak47.nu\/de\/wp-json\/wp\/v2\/product\/59830","targetHints":{"allow":["GET"]}}],"collection":[{"href":"https:\/\/ak47.nu\/de\/wp-json\/wp\/v2\/product"}],"about":[{"href":"https:\/\/ak47.nu\/de\/wp-json\/wp\/v2\/types\/product"}],"wp:featuredmedia":[{"embeddable":true,"href":"https:\/\/ak47.nu\/de\/wp-json\/wp\/v2\/media\/59818"}],"wp:attachment":[{"href":"https:\/\/ak47.nu\/de\/wp-json\/wp\/v2\/media?parent=59830"}],"wp:term":[{"taxonomy":"product_brand","embeddable":true,"href":"https:\/\/ak47.nu\/de\/wp-json\/wp\/v2\/product_brand?post=59830"},{"taxonomy":"product_cat","embeddable":true,"href":"https:\/\/ak47.nu\/de\/wp-json\/wp\/v2\/product_cat?post=59830"},{"taxonomy":"product_tag","embeddable":true,"href":"https:\/\/ak47.nu\/de\/wp-json\/wp\/v2\/product_tag?post=59830"}],"curies":[{"name":"wp","href":"https:\/\/api.w.org\/{rel}","templated":true}]}}