{"id":59909,"date":"2025-01-22T08:01:50","date_gmt":"2025-01-22T07:01:50","guid":{"rendered":"https:\/\/ak47.nu\/produkt\/okategoriserad\/we-hi-capa-3-8-force-velociraptor-pistol-replica-silver-gbb-airsoft-6mm\/"},"modified":"2025-12-04T03:54:33","modified_gmt":"2025-12-04T02:54:33","slug":"we-hi-capa-3-8-force-velociraptor-pistole-replika-silber","status":"publish","type":"product","link":"https:\/\/ak47.nu\/de\/produkt\/airsoft\/grongas\/pistoler-grongas\/we-hi-capa-3-8-force-velociraptor-pistole-replika-silber\/","title":{"rendered":"WE Hi-Capa 3.8 Force Velociraptor Pistole Replika Silber"},"content":{"rendered":"<h1>WE Hi-Capa 3.8 Force Velociraptor Pistole Replika Silber - GBB Airsoft 6mm<\/h1>\n<h2>Hochwertige Replika mit beeindruckendem Design<\/h2>\n<p>Die Hi-Capa 3.8 Force \"Velociraptor\" ist eine Gas-Pistolenreplika, die auf der Hi-Capa 3.8 basiert. Der Hauptk\u00f6rper besteht aus Metall, w\u00e4hrend die Griffschalen mit einer rutschfesten Textur aus strapazierf\u00e4higem Polymer gefertigt sind. Exzellente Verarbeitung und pr\u00e4zise Ausrichtung der Teile garantieren einen st\u00f6rungsfreien und genauen Betrieb. Entdecken Sie unsere Auswahl an <a href=\"https:\/\/ak47.nu\/de\/butik\/\">Airsoft-Pistolen<\/a>, um \u00e4hnliche Produkte zu finden.\n<\/p>\n<p>Die Replika ist mit einem gefl\u00fcgelten Sicherungs- \/ Feuermodus-Wahlschalter und einer funktionellen hinteren Drucksicherung ausgestattet, die einen korrekten Griff erfordert, um einen Schuss abzugeben. Eine 22-mm-RIS \/ Picatinny-Schiene an der Vorderseite erm\u00f6glicht die Anbringung von taktischen Lichtern und anderem Zubeh\u00f6r. F\u00fcr detailliertere Optionen besuchen Sie unsere <a href=\"https:\/\/ak47.nu\/de\/airsoft\/grongas\/pistoler-grongas\/\">Airsoft Zubeh\u00f6r Kategorie<\/a>. Verpassen Sie nicht die Gelegenheit, unsere gesamte Kollektion auf <a href=\"https:\/\/ak47.nu\/de\/\">unserer Website<\/a> zu erkunden.\n<\/p>\n<h3>Besondere Merkmale der Force Serie:<\/h3>\n<ul>\n <li>Modifizierter, effektiver Schlitten aus Aluminium mit gewichtsreduzierenden Einkerbungen und schuppenartigen Rillen f\u00fcr besseren Halt.<\/li>\n <li>TRUGLO-Kimme und Korn.<\/li>\n <li>Metall-Magazintrichter, der den Magazinwechsel vereinfacht und beschleunigt.<\/li>\n <li>Herstellerkennzeichnungen auf dem Schlitten eingraviert.<\/li>\n<\/ul>\n<p>Das Aussehen der Hi-Capa 3.8 Force macht es unm\u00f6glich, gleichg\u00fcltig an ihr vorbeizugehen. Die klassische Hi-Capa 3.8 wirkt im Vergleich dazu fast \u00e4rmlich.\n<\/p>\n<p><strong>Das Set beinhaltet:<\/strong><\/p>\n<ul>\n <li>Replika<\/li>\n <li>Magazin<\/li>\n<\/ul>\n<h3>Spezifikationen:<\/h3>\n<ul>\n <li><strong>Marke:<\/strong> WE<\/li>\n <li><strong>Farbe:<\/strong> Silber<\/li>\n <li><strong>Blow Back:<\/strong> Ja<\/li>\n <li><strong>Produktl\u00e4nge:<\/strong> 19,50 cm<\/li>\n <li><strong>Produktgewicht:<\/strong> 950 g<\/li>\n <li><strong>Energieversorgung:<\/strong> Gas<\/li>\n <li><strong>Material:<\/strong> Metall, Polymer<\/li>\n <li><strong>M\u00fcndungsgeschwindigkeit:<\/strong> 280 FPS<\/li>\n <li><strong>Feuermodus:<\/strong> Vollautomatik, Halbautomatik<\/li>\n <li><strong>Hop-Up:<\/strong> Ja<\/li>\n <li><strong>Magazinkapazit\u00e4t:<\/strong> 30 St\u00fcck<\/li>\n <li><strong>Magazintyp:<\/strong> Low-Cap<\/li>\n <li><strong>Produktcode:<\/strong> WET-02-029572<\/li>\n<\/ul>","protected":false},"excerpt":{"rendered":"<p>WE Hi-Capa 3.8 Force Velociraptor Pistole Replika Silber &#8211; GBB Airsoft 6mm Hochwertige Replika mit beeindruckendem Design Die Hi-Capa 3.8 Force &#8221;Velociraptor&#8221; ist eine Gas-Pistolenreplika, die auf der Hi-Capa 3.8 basiert. Der Hauptk\u00f6rper besteht aus Metall, w\u00e4hrend die Griffschalen mit einer rutschfesten Textur aus strapazierf\u00e4higem Polymer gefertigt sind. Exzellente Verarbeitung und pr\u00e4zise Ausrichtung der Teile [&#8230;]","protected":false},"featured_media":59900,"template":"","meta":[],"product_brand":[],"product_cat":[411],"product_tag":[],"class_list":{"0":"post-59909","1":"product","2":"type-product","3":"status-publish","4":"has-post-thumbnail","6":"product_cat-pistoler-grongas","7":"pa_brand-we","9":"first","10":"outofstock","11":"taxable","12":"shipping-taxable","13":"purchasable","14":"product-type-simple"},"_links":{"self":[{"href":"https:\/\/ak47.nu\/de\/wp-json\/wp\/v2\/product\/59909","targetHints":{"allow":["GET"]}}],"collection":[{"href":"https:\/\/ak47.nu\/de\/wp-json\/wp\/v2\/product"}],"about":[{"href":"https:\/\/ak47.nu\/de\/wp-json\/wp\/v2\/types\/product"}],"wp:featuredmedia":[{"embeddable":true,"href":"https:\/\/ak47.nu\/de\/wp-json\/wp\/v2\/media\/59900"}],"wp:attachment":[{"href":"https:\/\/ak47.nu\/de\/wp-json\/wp\/v2\/media?parent=59909"}],"wp:term":[{"taxonomy":"product_brand","embeddable":true,"href":"https:\/\/ak47.nu\/de\/wp-json\/wp\/v2\/product_brand?post=59909"},{"taxonomy":"product_cat","embeddable":true,"href":"https:\/\/ak47.nu\/de\/wp-json\/wp\/v2\/product_cat?post=59909"},{"taxonomy":"product_tag","embeddable":true,"href":"https:\/\/ak47.nu\/de\/wp-json\/wp\/v2\/product_tag?post=59909"}],"curies":[{"name":"wp","href":"https:\/\/api.w.org\/{rel}","templated":true}]}}