{"id":59921,"date":"2025-01-22T12:32:43","date_gmt":"2025-01-22T11:32:43","guid":{"rendered":"https:\/\/ak47.nu\/produkt\/okategoriserad\/earmor-maxdefense-m03-oronproppar\/"},"modified":"2025-12-04T03:54:41","modified_gmt":"2025-12-04T02:54:41","slug":"earmor-maxdefense-m03-ohrstoepsel","status":"publish","type":"product","link":"https:\/\/ak47.nu\/de\/produkt\/zubehor-2\/ovriga-tillbehor\/earmor-maxdefense-m03-ohrstoepsel\/","title":{"rendered":"Earmor MaxDefense M03 Ohrst\u00f6psel | Geh\u00f6rschutz"},"content":{"rendered":"<h1>Earmor - MaxDefense M03 Ohrst\u00f6psel<\/h1>\n<h2>Bequeme und verstellbare Ohrst\u00f6psel f\u00fcr optimalen Geh\u00f6rschutz<\/h2>\n<p>Die Earmor MaxDefense M03 Ohrst\u00f6psel bieten eine bequeme und anpassbare L\u00f6sung zum Schutz Ihres Geh\u00f6rs. Diese Ohrst\u00f6psel sind aus Silikon gefertigt und verf\u00fcgen \u00fcber ein dreifaches Kragendesign, das eine effektive Ger\u00e4uschreduzierung von bis zu 23 dB erm\u00f6glicht.  Perfekt f\u00fcr laute Umgebungen, in denen Sie Ihr Geh\u00f6r sch\u00fctzen m\u00fcssen, ohne auf Komfort zu verzichten. Entdecken Sie unsere <a href=\"https:\/\/ak47.nu\/de\/butik\/\">Earmor Produkte<\/a>.<\/p>\n<h3>Funktionen und Vorteile:<\/h3>\n<ul>\n <li><strong>Effektive Ger\u00e4uschreduzierung:<\/strong> Reduziert den Ger\u00e4uschpegel um bis zu 23 dB und sch\u00fctzt so Ihr Geh\u00f6r in lauten Umgebungen.<\/li>\n <li><strong>Dreifaches Kragendesign:<\/strong> Bietet einen sicheren und bequemen Sitz, der sich der Form Ihres Ohrs anpasst.<\/li>\n <li><strong>Silikonmaterial:<\/strong> Hergestellt aus Silikon, das CE \/ RoSH \/ ANSI S3.17-1976-konform ist.<\/li>\n <li><strong>Leichtgewicht:<\/strong> Mit einem Gewicht von nur 3 Gramm sind sie w\u00e4hrend des Gebrauchs kaum sp\u00fcrbar.<\/li>\n<\/ul>\n<p>Diese Ohrst\u00f6psel sind ideal f\u00fcr den Einsatz in einer Vielzahl von Situationen, einschliesslich Schiessst\u00e4nden, Konzerten, Industriearbeiten und anderen lauten Umgebungen. Dank ihres verstellbaren Designs und des bequemen Materials k\u00f6nnen Sie sie \u00fcber l\u00e4ngere Zeitr\u00e4ume ohne Beschwerden verwenden. F\u00fcr optimalen Geh\u00f6rschutz w\u00e4hlen Sie Earmor MaxDefense M03 Ohrst\u00f6psel.  Eine grosse Auswahl an <a href=\"https:\/\/ak47.nu\/de\/zubehor-2\/ovriga-tillbehor\/\">Geh\u00f6rschutz<\/a> finden Sie bei uns im Shop. Besuchen Sie <a href=\"https:\/\/ak47.nu\/de\/\">unsere Webseite<\/a>, um unsere gesamte Auswahl zu sehen.<\/p>\n<p><strong>Wichtige Sicherheitsinformationen:<\/strong> Von S\u00e4uglingen fernhalten. Obwohl diese Ohrst\u00f6psel ungiftig sind, k\u00f6nnen sie Erstickungsgefahr verursachen, wenn sie sich in den Atemwegen festsetzen.<\/p>","protected":false},"excerpt":{"rendered":"<p>Earmor &#8211; MaxDefense M03 Ohrst\u00f6psel Bequeme und verstellbare Ohrst\u00f6psel f\u00fcr optimalen Geh\u00f6rschutz Die Earmor MaxDefense M03 Ohrst\u00f6psel bieten eine bequeme und anpassbare L\u00f6sung zum Schutz Ihres Geh\u00f6rs. Diese Ohrst\u00f6psel sind aus Silikon gefertigt und verf\u00fcgen \u00fcber ein dreifaches Kragendesign, das eine effektive Ger\u00e4uschreduzierung von bis zu 23 dB erm\u00f6glicht. Perfekt f\u00fcr laute Umgebungen, in denen [&#8230;]","protected":false},"featured_media":59918,"template":"","meta":[],"product_brand":[],"product_cat":[475],"product_tag":[],"class_list":{"0":"post-59921","1":"product","2":"type-product","3":"status-publish","4":"has-post-thumbnail","6":"product_cat-ovriga-tillbehor","7":"pa_brand-earmor","8":"pa_farg-gron","10":"first","11":"instock","12":"sale","13":"taxable","14":"shipping-taxable","15":"purchasable","16":"product-type-simple"},"_links":{"self":[{"href":"https:\/\/ak47.nu\/de\/wp-json\/wp\/v2\/product\/59921","targetHints":{"allow":["GET"]}}],"collection":[{"href":"https:\/\/ak47.nu\/de\/wp-json\/wp\/v2\/product"}],"about":[{"href":"https:\/\/ak47.nu\/de\/wp-json\/wp\/v2\/types\/product"}],"wp:featuredmedia":[{"embeddable":true,"href":"https:\/\/ak47.nu\/de\/wp-json\/wp\/v2\/media\/59918"}],"wp:attachment":[{"href":"https:\/\/ak47.nu\/de\/wp-json\/wp\/v2\/media?parent=59921"}],"wp:term":[{"taxonomy":"product_brand","embeddable":true,"href":"https:\/\/ak47.nu\/de\/wp-json\/wp\/v2\/product_brand?post=59921"},{"taxonomy":"product_cat","embeddable":true,"href":"https:\/\/ak47.nu\/de\/wp-json\/wp\/v2\/product_cat?post=59921"},{"taxonomy":"product_tag","embeddable":true,"href":"https:\/\/ak47.nu\/de\/wp-json\/wp\/v2\/product_tag?post=59921"}],"curies":[{"name":"wp","href":"https:\/\/api.w.org\/{rel}","templated":true}]}}