{"id":59923,"date":"2025-01-22T12:32:52","date_gmt":"2025-01-22T11:32:52","guid":{"rendered":"https:\/\/ak47.nu\/produkt\/okategoriserad\/earmor-maxdefense-m04-oronproppar\/"},"modified":"2025-12-07T16:55:34","modified_gmt":"2025-12-07T15:55:34","slug":"earmor-maxdefense-m04-ohrstopsel","status":"publish","type":"product","link":"https:\/\/ak47.nu\/de\/produkt\/zubehor-2\/ovriga-tillbehor\/earmor-maxdefense-m04-ohrstopsel\/","title":{"rendered":"Earmor MaxDefense M04 Ohrst\u00f6psel | Geh\u00f6rschutz"},"content":{"rendered":"<h1>Earmor MaxDefense M04 Ohrst\u00f6psel<\/h1>\n<h2>Bequeme und anpassbare Ohrst\u00f6psel f\u00fcr maximalen Schutz<\/h2>\n<p>Die Earmor MaxDefense M04 Ohrst\u00f6psel bieten eine bequeme und anpassbare L\u00f6sung f\u00fcr den Geh\u00f6rschutz. Diese aus Silikon gefertigten Ohrst\u00f6psel verf\u00fcgen \u00fcber ein dreifaches Kragendesign, das den Ger\u00e4uschpegel effektiv um bis zu 23 dB reduziert. Ideal f\u00fcr Umgebungen, in denen Sie Ihr Geh\u00f6r sch\u00fctzen m\u00fcssen, ohne auf Komfort zu verzichten.<\/p>\n<h3>Funktionen und Vorteile:<\/h3>\n<ul>\n <li><strong>Dreifaches Kragendesign:<\/strong> Bietet \u00fcberlegene Ger\u00e4uschreduzierung und Komfort.<\/li>\n <li><strong>Silikonmaterial:<\/strong> Weich und bequem, perfekt f\u00fcr den l\u00e4ngeren Gebrauch.<\/li>\n <li><strong>Ger\u00e4uschreduzierung:<\/strong> Reduziert den Ger\u00e4uschpegel um bis zu 23 dB und sch\u00fctzt so Ihr Geh\u00f6r in lauten Umgebungen.<\/li>\n <li><strong>Anpassbare Passform:<\/strong> Einfach an verschiedene Ohrgr\u00f6\u00dfen anpassbar.<\/li>\n <li><strong>Praktisches Kabel:<\/strong> Enth\u00e4lt ein Kabel zum Tragen um den Hals, wodurch sie leicht zu transportieren sind und nicht verloren gehen.<\/li>\n<\/ul>\n<h3>Anwendungsbereiche:<\/h3>\n<p>Die Earmor MaxDefense M04 Ohrst\u00f6psel sind ideal f\u00fcr den Einsatz in einer Vielzahl von Umgebungen, einschlie\u00dflich Schie\u00dfst\u00e4nden, Konzerten, Fabriken und anderen lauten Arbeitspl\u00e4tzen oder Veranstaltungen. Sie eignen sich auch f\u00fcr Reisen und zum Lernen, wo Sie st\u00f6rende Ger\u00e4usche reduzieren m\u00fcssen, um sich besser konzentrieren zu k\u00f6nnen.<\/p>\n<p><strong>Wichtig:<\/strong> Bewahren Sie Ohrst\u00f6psel au\u00dferhalb der Reichweite von S\u00e4uglingen auf. Obwohl sie ungiftig sind, k\u00f6nnen sie Atemprobleme verursachen, wenn sie in der Luftr\u00f6hre stecken bleiben.<\/p>\n\n<p>Entdecken Sie weitere <a href=\"https:\/\/ak47.nu\/de\/butik\/\">Geh\u00f6rschutzprodukte<\/a> in unserem Sortiment und finden Sie den perfekten Schutz f\u00fcr Ihre Bed\u00fcrfnisse. Besuchen Sie unsere <a href=\"https:\/\/ak47.nu\/de\/zubehor-2\/ovriga-tillbehor\/\">Geh\u00f6rschutz<\/a> Kategorie, um alle Optionen zu sehen. F\u00fcr weitere Informationen \u00fcber Earmor und unsere anderen Produkte besuchen Sie unsere <a href=\"https:\/\/ak47.nu\/de\/\">Homepage<\/a>.<\/p>","protected":false},"excerpt":{"rendered":"<p>Earmor MaxDefense M04 Ohrst\u00f6psel Bequeme und anpassbare Ohrst\u00f6psel f\u00fcr maximalen Schutz Die Earmor MaxDefense M04 Ohrst\u00f6psel bieten eine bequeme und anpassbare L\u00f6sung f\u00fcr den Geh\u00f6rschutz. Diese aus Silikon gefertigten Ohrst\u00f6psel verf\u00fcgen \u00fcber ein dreifaches Kragendesign, das den Ger\u00e4uschpegel effektiv um bis zu 23 dB reduziert. Ideal f\u00fcr Umgebungen, in denen Sie Ihr Geh\u00f6r sch\u00fctzen m\u00fcssen, [&#8230;]","protected":false},"featured_media":59922,"template":"","meta":[],"product_brand":[],"product_cat":[475],"product_tag":[],"class_list":{"0":"post-59923","1":"product","2":"type-product","3":"status-publish","4":"has-post-thumbnail","6":"product_cat-ovriga-tillbehor","7":"pa_brand-earmor","8":"pa_farg-orange","10":"first","11":"instock","12":"featured","13":"taxable","14":"shipping-taxable","15":"purchasable","16":"product-type-simple"},"_links":{"self":[{"href":"https:\/\/ak47.nu\/de\/wp-json\/wp\/v2\/product\/59923","targetHints":{"allow":["GET"]}}],"collection":[{"href":"https:\/\/ak47.nu\/de\/wp-json\/wp\/v2\/product"}],"about":[{"href":"https:\/\/ak47.nu\/de\/wp-json\/wp\/v2\/types\/product"}],"wp:featuredmedia":[{"embeddable":true,"href":"https:\/\/ak47.nu\/de\/wp-json\/wp\/v2\/media\/59922"}],"wp:attachment":[{"href":"https:\/\/ak47.nu\/de\/wp-json\/wp\/v2\/media?parent=59923"}],"wp:term":[{"taxonomy":"product_brand","embeddable":true,"href":"https:\/\/ak47.nu\/de\/wp-json\/wp\/v2\/product_brand?post=59923"},{"taxonomy":"product_cat","embeddable":true,"href":"https:\/\/ak47.nu\/de\/wp-json\/wp\/v2\/product_cat?post=59923"},{"taxonomy":"product_tag","embeddable":true,"href":"https:\/\/ak47.nu\/de\/wp-json\/wp\/v2\/product_tag?post=59923"}],"curies":[{"name":"wp","href":"https:\/\/api.w.org\/{rel}","templated":true}]}}