{"id":60993,"date":"2025-07-24T11:24:37","date_gmt":"2025-07-24T09:24:37","guid":{"rendered":"https:\/\/new.ak47.nu\/produkt\/uncategorized\/handgjorda-revolverbalten-i-premium-tarnsjo-lader-fran-jj-custom-works-hallbart-hantverk-2\/"},"modified":"2025-12-04T03:54:45","modified_gmt":"2025-12-04T02:54:45","slug":"handgefertigter-revolverguertel-tarnsjoe-leder-3","status":"publish","type":"product","link":"https:\/\/ak47.nu\/de\/produkt\/zubehor-2\/holsters\/handgefertigter-revolverguertel-tarnsjoe-leder-3\/","title":{"rendered":"Handgefertigter Revolver G\u00fcrtel T\u00e4rnsj\u00f6 Leder | JJ Custom Works"},"content":{"rendered":"<h1>Handgefertigte Revolverg\u00fcrtel aus Premium T\u00e4rnsj\u00f6 Leder von JJ Custom Works<\/h1>\n<h2>Hochwertige Revolverg\u00fcrtel aus schwedischem Leder<\/h2>\n<p>Investieren Sie in einen handgefertigten Revolverg\u00fcrtel von JJ Custom Works, gefertigt aus Premium T\u00e4rnsj\u00f6 Leder! Unsere G\u00fcrtel sind nicht nur ein stilvolles Accessoire, sondern auch eine langlebige Investition, die bei richtiger Pflege ein Leben lang h\u00e4lt. Jeder G\u00fcrtel wird sorgf\u00e4ltig in Arboga, Schweden, aus pflanzlich gegerbtem Leder von T\u00e4rnsj\u00f6 Garveri hergestellt, das f\u00fcr seine au\u00dfergew\u00f6hnliche Qualit\u00e4t bekannt ist. <a href=\"https:\/\/ak47.nu\/de\/butik\/\">Entdecken Sie unser Angebot an Revolverg\u00fcrteln<\/a> und finden Sie den perfekten G\u00fcrtel f\u00fcr Ihre Bed\u00fcrfnisse.<\/p>\n<h3>Anpassbar und umweltfreundlich<\/h3>\n<p>Unsere Revolverg\u00fcrtel sind anpassbar und in Tausenden von Varianten erh\u00e4ltlich. W\u00e4hlen Sie aus verschiedenen L\u00e4ngen, Farben (mindestens 13 Optionen) und Mustern. Im Gegensatz zu chromgegerbten Produkten verwenden wir pflanzlich gegerbtes Leder, das umweltfreundlich und ungiftig ist.  Das Leder stammt von schwedischen K\u00fchen mit weltweit f\u00fchrenden Tierschutzstandards \u2013 eine Garantie f\u00fcr Qualit\u00e4t und Nachhaltigkeit. Besuchen Sie <a href=\"https:\/\/ak47.nu\/de\/zubehor-2\/holsters\/\">unsere Kategorie f\u00fcr Lederg\u00fcrtel<\/a>, um alle Optionen zu sehen.<\/p>\n<h3>Produktdetails<\/h3>\n<ul>\n <li><strong>L\u00e4nge:<\/strong> Anpassbar, Standard 100 cm (erh\u00e4ltlich f\u00fcr 90-110 cm)<\/li>\n <li><strong>Breite:<\/strong> 7 cm<\/li>\n <li><strong>Dicke:<\/strong> 2-3mm<\/li>\n <li><strong>Farbe:<\/strong> Goldbraun (kleine Variationen k\u00f6nnen aufgrund der Handf\u00e4rbung auftreten)<\/li>\n <li><strong>Anzahl der Patronenhalter:<\/strong> 12 Stk<\/li>\n <li><strong>Patronendurchmesser:<\/strong> 10 mm<\/li>\n<\/ul>\n<h3>Warum unsere Revolverg\u00fcrtel w\u00e4hlen<\/h3>\n<ol>\n <li><strong>Anpassbares Design:<\/strong> Wir bieten Tausende von Variationen, um Ihren Bed\u00fcrfnissen gerecht zu werden.<\/li>\n <li><strong>Umweltfreundliches Material:<\/strong> Pflanzlich gegerbtes Leder von schwedischen K\u00fchen.<\/li>\n <li><strong>Langlebig und reparierbar:<\/strong> Einfacher Austausch von Nieten oder Reparatur von N\u00e4hten.<\/li>\n<\/ol>\n<p>Um die Lebensdauer Ihres G\u00fcrtels zu verl\u00e4ngern, empfehlen wir die regelm\u00e4\u00dfige Behandlung mit Lederfett. Dies erh\u00e4lt die Geschmeidigkeit und das sch\u00f6ne Finish des Leders. Unsere Revolverg\u00fcrtel werden mit Stolz in Schweden hergestellt und sind eine nachhaltige Wahl f\u00fcr die Umwelt und die Zukunft.  <a href=\"https:\/\/ak47.nu\/de\/\">Besuchen Sie uns bei JJ Custom Works<\/a>, um noch heute Ihren einzigartigen Revolverg\u00fcrtel zu bestellen!<\/p>\n<ul>\n <li>Premium schwedisches Leder von T\u00e4rnsj\u00f6 Garveri.<\/li>\n <li>Handwerkskunst mit Stolz, lokal in Schweden hergestellt.<\/li>\n <li>Frei von gef\u00e4hrlichen Chemikalien.<\/li>\n <li>Lokal produziert mit umweltfreundlicher und ethischer Herstellung.<\/li>\n<\/ul>","protected":false},"excerpt":{"rendered":"<p>Handgefertigte Revolverg\u00fcrtel aus Premium T\u00e4rnsj\u00f6 Leder von JJ Custom Works Hochwertige Revolverg\u00fcrtel aus schwedischem Leder Investieren Sie in einen handgefertigten Revolverg\u00fcrtel von JJ Custom Works, gefertigt aus Premium T\u00e4rnsj\u00f6 Leder! Unsere G\u00fcrtel sind nicht nur ein stilvolles Accessoire, sondern auch eine langlebige Investition, die bei richtiger Pflege ein Leben lang h\u00e4lt. Jeder G\u00fcrtel wird sorgf\u00e4ltig [&#8230;]","protected":false},"featured_media":61976,"template":"","meta":[],"product_brand":[],"product_cat":[563],"product_tag":[],"class_list":{"0":"post-60993","1":"product","2":"type-product","3":"status-publish","4":"has-post-thumbnail","6":"product_cat-holsters","7":"pa_brand-jj-custom-works","9":"first","10":"instock","11":"taxable","12":"shipping-taxable","13":"purchasable","14":"product-type-simple"},"_links":{"self":[{"href":"https:\/\/ak47.nu\/de\/wp-json\/wp\/v2\/product\/60993","targetHints":{"allow":["GET"]}}],"collection":[{"href":"https:\/\/ak47.nu\/de\/wp-json\/wp\/v2\/product"}],"about":[{"href":"https:\/\/ak47.nu\/de\/wp-json\/wp\/v2\/types\/product"}],"wp:featuredmedia":[{"embeddable":true,"href":"https:\/\/ak47.nu\/de\/wp-json\/wp\/v2\/media\/61976"}],"wp:attachment":[{"href":"https:\/\/ak47.nu\/de\/wp-json\/wp\/v2\/media?parent=60993"}],"wp:term":[{"taxonomy":"product_brand","embeddable":true,"href":"https:\/\/ak47.nu\/de\/wp-json\/wp\/v2\/product_brand?post=60993"},{"taxonomy":"product_cat","embeddable":true,"href":"https:\/\/ak47.nu\/de\/wp-json\/wp\/v2\/product_cat?post=60993"},{"taxonomy":"product_tag","embeddable":true,"href":"https:\/\/ak47.nu\/de\/wp-json\/wp\/v2\/product_tag?post=60993"}],"curies":[{"name":"wp","href":"https:\/\/api.w.org\/{rel}","templated":true}]}}