{"id":60995,"date":"2025-07-24T11:27:36","date_gmt":"2025-07-24T09:27:36","guid":{"rendered":"https:\/\/new.ak47.nu\/produkt\/uncategorized\/handgjorda-revolverbalten-i-premium-tarnsjo-lader-fran-jj-custom-works-hallbart-hantverk-4\/"},"modified":"2025-12-04T03:54:48","modified_gmt":"2025-12-04T02:54:48","slug":"handgefertigte-revolverguertel-taernsjoe-leder-3","status":"publish","type":"product","link":"https:\/\/ak47.nu\/de\/produkt\/zubehor-2\/holsters\/handgefertigte-revolverguertel-taernsjoe-leder-3\/","title":{"rendered":"Handgefertigter Revolverg\u00fcrtel T\u00e4rnsj\u00f6 Leder | JJ Custom Works"},"content":{"rendered":"<h1>Handgefertigte Revolverg\u00fcrtel aus Premium T\u00e4rnsj\u00f6 Leder von JJ Custom Works<\/h1><h2>Hochwertige Revolverg\u00fcrtel aus schwedischem Leder<\/h2><p><strong>Handgefertigte Revolverg\u00fcrtel aus schwedischem Premium T\u00e4rnsj\u00f6 Leder \u2013 Perfekt f\u00fcr alle, die Qualit\u00e4t und Haltbarkeit suchen!<\/strong> Diese einzigartigen G\u00fcrtel werden sorgf\u00e4ltig in Arboga, Schweden, aus pflanzlich gegerbtem Leder von T\u00e4rnsj\u00f6 Garveri gefertigt. Jeder Revolverg\u00fcrtel ist handgefertigt und anpassbar, was ihn zu einer Investition in Stil und Nachhaltigkeit macht. Bei richtiger Pflege h\u00e4lt der G\u00fcrtel ein Leben lang.<\/p><p>Entdecken Sie unsere Auswahl an <a href=\"https:\/\/ak47.nu\/de\/butik\/\">Premium-Lederg\u00fcrteln<\/a> und finden Sie das perfekte Accessoire f\u00fcr Ihren Stil. Jeder G\u00fcrtel repr\u00e4sentiert schwedische Handwerkskunst von h\u00f6chster Qualit\u00e4t. F\u00fcr weitere Informationen zu unseren Produkten besuchen Sie <a href=\"https:\/\/ak47.nu\/de\/\">unsere Website<\/a>.<\/p><h3>Produktdetails:<\/h3><ul><li><strong>L\u00e4nge:<\/strong> Anpassbar, Standard 120 cm (verf\u00fcgbar f\u00fcr 110-130 cm)<\/li><li><strong>Breite:<\/strong> 7 cm<\/li><li><strong>Dicke:<\/strong> 2-3mm<\/li><li><strong>Farbe:<\/strong> Goldbraun (leichte Variationen k\u00f6nnen aufgrund der Handf\u00e4rbung auftreten)<\/li><li><strong>Anzahl der Patronenhalter:<\/strong> 12 Stk<\/li><li><strong>Patronendurchmesser:<\/strong> 10 mm<\/li><\/ul><h2>Warum unsere Revolverg\u00fcrtel w\u00e4hlen?<\/h2><ol><li><strong>Anpassbares Design:<\/strong> Wir bieten Tausende von Variationen mit verschiedenen L\u00e4ngen und Farben sowie gemusterte oder elegante, glatte Optionen. Unsere G\u00fcrtel sind so konzipiert, dass sie genau Ihren Bed\u00fcrfnissen entsprechen.<\/li><li><strong>Umweltfreundliches Material:<\/strong> Im Gegensatz zu chromgegerbten Produkten verwenden wir pflanzlich gegerbtes Leder, das umweltfreundlich und ungiftig ist. Dieses Leder wird von schwedischen K\u00fchen mit weltweit f\u00fchrender Tierhaltung hergestellt \u2013 eine Garantie f\u00fcr Qualit\u00e4t und Nachhaltigkeit.<\/li><li><strong>Langlebig und Reparierbar:<\/strong> Unsere G\u00fcrtel sind nicht nur langlebig, sondern auch leicht zu reparieren. Wenn ein Unfall passiert, k\u00f6nnen Sie Nieten austauschen oder N\u00e4hte problemlos reparieren.<\/li><\/ol><p>Um die Lebensdauer zu verl\u00e4ngern, empfehlen wir, Ihren G\u00fcrtel regelm\u00e4\u00dfig mit Lederfett einzufetten. Dies bewahrt die Geschmeidigkeit und das sch\u00f6ne Finish des Leders. Unsere Revolverg\u00fcrtel bieten Ihnen:<\/p><ul><li><strong>Schwedisches Premium-Leder:<\/strong> Von der legend\u00e4ren T\u00e4rnsj\u00f6 Garveri.<\/li><li><strong>Handwerkskunst mit Stolz:<\/strong> Lokal in Schweden hergestellt.<\/li><li><strong>Nachhaltigkeit:<\/strong> Eine Wahl f\u00fcr die Umwelt und die Zukunft.<\/li><li><strong>Einzigartiges Design:<\/strong> Tausende von Anpassungsm\u00f6glichkeiten \u2013 f\u00fcr alle Stile und Bed\u00fcrfnisse.<\/li><\/ul><p>Bestellen Sie noch heute Ihren handgefertigten Revolverg\u00fcrtel und erleben Sie schwedische Qualit\u00e4t von Weltklasse. Entdecken Sie weitere <a href=\"https:\/\/ak47.nu\/de\/zubehor-2\/holsters\/\">Lederaccessoires<\/a> in unserem Sortiment. Wir bieten Produkte an, die frei von gef\u00e4hrlichen Chemikalien sind, lokal produziert und mit umweltfreundlicher und ethischer Herstellung hergestellt werden.<\/p>","protected":false},"excerpt":{"rendered":"<p>Handgefertigte Revolverg\u00fcrtel aus Premium T\u00e4rnsj\u00f6 Leder von JJ Custom WorksHochwertige Revolverg\u00fcrtel aus schwedischem LederHandgefertigte Revolverg\u00fcrtel aus schwedischem Premium T\u00e4rnsj\u00f6 Leder \u2013 Perfekt f\u00fcr alle, die Qualit\u00e4t und Haltbarkeit suchen! Diese einzigartigen G\u00fcrtel werden sorgf\u00e4ltig in Arboga, Schweden, aus pflanzlich gegerbtem Leder von T\u00e4rnsj\u00f6 Garveri gefertigt. Jeder Revolverg\u00fcrtel ist handgefertigt und anpassbar, was ihn zu einer [&#8230;]","protected":false},"featured_media":61968,"template":"","meta":[],"product_brand":[],"product_cat":[563],"product_tag":[],"class_list":{"0":"post-60995","1":"product","2":"type-product","3":"status-publish","4":"has-post-thumbnail","6":"product_cat-holsters","7":"pa_brand-jj-custom-works","9":"first","10":"instock","11":"taxable","12":"shipping-taxable","13":"purchasable","14":"product-type-simple"},"_links":{"self":[{"href":"https:\/\/ak47.nu\/de\/wp-json\/wp\/v2\/product\/60995","targetHints":{"allow":["GET"]}}],"collection":[{"href":"https:\/\/ak47.nu\/de\/wp-json\/wp\/v2\/product"}],"about":[{"href":"https:\/\/ak47.nu\/de\/wp-json\/wp\/v2\/types\/product"}],"wp:featuredmedia":[{"embeddable":true,"href":"https:\/\/ak47.nu\/de\/wp-json\/wp\/v2\/media\/61968"}],"wp:attachment":[{"href":"https:\/\/ak47.nu\/de\/wp-json\/wp\/v2\/media?parent=60995"}],"wp:term":[{"taxonomy":"product_brand","embeddable":true,"href":"https:\/\/ak47.nu\/de\/wp-json\/wp\/v2\/product_brand?post=60995"},{"taxonomy":"product_cat","embeddable":true,"href":"https:\/\/ak47.nu\/de\/wp-json\/wp\/v2\/product_cat?post=60995"},{"taxonomy":"product_tag","embeddable":true,"href":"https:\/\/ak47.nu\/de\/wp-json\/wp\/v2\/product_tag?post=60995"}],"curies":[{"name":"wp","href":"https:\/\/api.w.org\/{rel}","templated":true}]}}