{"id":61613,"date":"2025-08-17T18:34:13","date_gmt":"2025-08-17T16:34:13","guid":{"rendered":"https:\/\/ak47.nu\/produkt\/okategoriserad\/baltesspanne-dollartecken-stal\/"},"modified":"2026-01-06T19:13:34","modified_gmt":"2026-01-06T18:13:34","slug":"guertelschnalle-dollarzeichen-stahl","status":"publish","type":"product","link":"https:\/\/ak47.nu\/de\/produkt\/zubehor-2\/holsters\/guertelschnalle-dollarzeichen-stahl\/","title":{"rendered":"G\u00fcrtelschnalle Dollarzeichen Stahl | Hohe Qualit\u00e4t"},"content":{"rendered":"<h1>G\u00fcrtelschnalle - Dollarzeichen Stahl<\/h1>\n\n<h2>Eine ikonische G\u00fcrtelschnalle, um Ihren Stil zu erg\u00e4nzen<\/h2>\n\n<p>Diese Dollarzeichen-G\u00fcrtelschnalle aus Stahl ist eine gro\u00dfartige M\u00f6glichkeit, Ihren pers\u00f6nlichen Stil zu zeigen. Mit ihrer robusten Konstruktion und dem auff\u00e4lligen Design wird diese G\u00fcrtelschnalle garantiert alle Blicke auf sich ziehen. Perfekt f\u00fcr den Alltag und f\u00fcr Partys. Entdecken Sie weitere einzigartige <a href=\"https:\/\/ak47.nu\/de\/butik\/\">G\u00fcrtelschnallen<\/a> in unserem Sortiment.<\/p>\n\n<h3>Produktinformationen:<\/h3>\n\n<ul>\n <li>H\u00f6he: ~70mm<\/li>\n <li>L\u00e4nge: ~81mm<\/li>\n <li>Gewicht: ~111g<\/li>\n<\/ul>\n\n<p>Diese G\u00fcrtelschnalle ist aus hochwertigem Stahl gefertigt, was eine lange Haltbarkeit und ein stilvolles Aussehen garantiert. Perfekt f\u00fcr alle, die ihrem Outfit ein einzigartiges Detail verleihen m\u00f6chten. Entdecken Sie unsere gro\u00dfe Auswahl an <a href=\"https:\/\/ak47.nu\/de\/zubehor-2\/holsters\/\">Accessoires<\/a>, um etwas Passendes zu finden. Wir bieten schnelle Lieferung und hochwertige Produkte. Besuchen Sie unsere <a href=\"https:\/\/ak47.nu\/de\/\">Homepage<\/a>, um unser gesamtes Sortiment zu sehen.<\/p>","protected":false},"excerpt":{"rendered":"<p>G\u00fcrtelschnalle &#8211; Dollarzeichen Stahl Eine ikonische G\u00fcrtelschnalle, um Ihren Stil zu erg\u00e4nzen Diese Dollarzeichen-G\u00fcrtelschnalle aus Stahl ist eine gro\u00dfartige M\u00f6glichkeit, Ihren pers\u00f6nlichen Stil zu zeigen. Mit ihrer robusten Konstruktion und dem auff\u00e4lligen Design wird diese G\u00fcrtelschnalle garantiert alle Blicke auf sich ziehen. Perfekt f\u00fcr den Alltag und f\u00fcr Partys. Entdecken Sie weitere einzigartige G\u00fcrtelschnallen in [&#8230;]","protected":false},"featured_media":61612,"template":"","meta":[],"product_brand":[],"product_cat":[563],"product_tag":[],"class_list":{"0":"post-61613","1":"product","2":"type-product","3":"status-publish","4":"has-post-thumbnail","6":"product_cat-holsters","7":"pa_brand-no-brand","8":"pa_farg-multifarg","10":"first","11":"outofstock","12":"sale","13":"taxable","14":"shipping-taxable","15":"purchasable","16":"product-type-simple"},"_links":{"self":[{"href":"https:\/\/ak47.nu\/de\/wp-json\/wp\/v2\/product\/61613","targetHints":{"allow":["GET"]}}],"collection":[{"href":"https:\/\/ak47.nu\/de\/wp-json\/wp\/v2\/product"}],"about":[{"href":"https:\/\/ak47.nu\/de\/wp-json\/wp\/v2\/types\/product"}],"wp:featuredmedia":[{"embeddable":true,"href":"https:\/\/ak47.nu\/de\/wp-json\/wp\/v2\/media\/61612"}],"wp:attachment":[{"href":"https:\/\/ak47.nu\/de\/wp-json\/wp\/v2\/media?parent=61613"}],"wp:term":[{"taxonomy":"product_brand","embeddable":true,"href":"https:\/\/ak47.nu\/de\/wp-json\/wp\/v2\/product_brand?post=61613"},{"taxonomy":"product_cat","embeddable":true,"href":"https:\/\/ak47.nu\/de\/wp-json\/wp\/v2\/product_cat?post=61613"},{"taxonomy":"product_tag","embeddable":true,"href":"https:\/\/ak47.nu\/de\/wp-json\/wp\/v2\/product_tag?post=61613"}],"curies":[{"name":"wp","href":"https:\/\/api.w.org\/{rel}","templated":true}]}}