{"id":61623,"date":"2025-08-17T18:34:52","date_gmt":"2025-08-17T16:34:52","guid":{"rendered":"https:\/\/ak47.nu\/produkt\/okategoriserad\/baltesspanne-corvette\/"},"modified":"2025-12-04T02:05:31","modified_gmt":"2025-12-04T01:05:31","slug":"corvette-guertelschnalle-hohe-qualitaet","status":"publish","type":"product","link":"https:\/\/ak47.nu\/de\/produkt\/zubehor-2\/holsters\/corvette-guertelschnalle-hohe-qualitaet\/","title":{"rendered":"Corvette G\u00fcrtelschnalle | Hohe Qualit\u00e4t"},"content":{"rendered":"<h1>G\u00fcrtelschnalle - Corvette<\/h1>\n\n<h2>Produktinformationen<\/h2>\n\n<h3>Spezifikationen:<\/h3>\n<ul>\n <li>H\u00f6he: ~ 59mm<\/li>\n <li>L\u00e4nge: ~ 84mm<\/li>\n <li>Gewicht: ~ 167g<\/li>\n<\/ul>\n\n<p>Diese G\u00fcrtelschnalle im Corvette-Design ist ein Muss f\u00fcr Enthusiasten. Mit einer H\u00f6he von ca. 59mm, einer L\u00e4nge von ca. 84mm und einem Gewicht von 167g vereint diese Schnalle Stil und Haltbarkeit. Zeigen Sie Ihre Leidenschaft f\u00fcr Corvette mit diesem einzigartigen Accessoire. Entdecken Sie weitere <a href=\"https:\/\/ak47.nu\/de\/butik\/\">exklusive G\u00fcrtelschnallen<\/a> in unserem Sortiment. F\u00fcr weitere Informationen zu unseren Produkten besuchen Sie unsere <a href=\"https:\/\/ak47.nu\/de\/zubehor-2\/holsters\/\">G\u00fcrtelkategorie<\/a>. Verpassen Sie nicht unsere neuesten Angebote und besuchen Sie unsere <a href=\"https:\/\/ak47.nu\/de\/\">Homepage<\/a>.<\/p>","protected":false},"excerpt":{"rendered":"<p>G\u00fcrtelschnalle &#8211; Corvette Produktinformationen Spezifikationen: H\u00f6he: ~ 59mm L\u00e4nge: ~ 84mm Gewicht: ~ 167g Diese G\u00fcrtelschnalle im Corvette-Design ist ein Muss f\u00fcr Enthusiasten. Mit einer H\u00f6he von ca. 59mm, einer L\u00e4nge von ca. 84mm und einem Gewicht von 167g vereint diese Schnalle Stil und Haltbarkeit. Zeigen Sie Ihre Leidenschaft f\u00fcr Corvette mit diesem einzigartigen Accessoire. [&#8230;]","protected":false},"featured_media":61621,"template":"","meta":[],"product_brand":[],"product_cat":[563],"product_tag":[],"class_list":{"0":"post-61623","1":"product","2":"type-product","3":"status-publish","4":"has-post-thumbnail","6":"product_cat-holsters","7":"pa_brand-no-brand","8":"pa_farg-multifarg","10":"first","11":"instock","12":"sale","13":"taxable","14":"shipping-taxable","15":"purchasable","16":"product-type-simple"},"_links":{"self":[{"href":"https:\/\/ak47.nu\/de\/wp-json\/wp\/v2\/product\/61623","targetHints":{"allow":["GET"]}}],"collection":[{"href":"https:\/\/ak47.nu\/de\/wp-json\/wp\/v2\/product"}],"about":[{"href":"https:\/\/ak47.nu\/de\/wp-json\/wp\/v2\/types\/product"}],"wp:featuredmedia":[{"embeddable":true,"href":"https:\/\/ak47.nu\/de\/wp-json\/wp\/v2\/media\/61621"}],"wp:attachment":[{"href":"https:\/\/ak47.nu\/de\/wp-json\/wp\/v2\/media?parent=61623"}],"wp:term":[{"taxonomy":"product_brand","embeddable":true,"href":"https:\/\/ak47.nu\/de\/wp-json\/wp\/v2\/product_brand?post=61623"},{"taxonomy":"product_cat","embeddable":true,"href":"https:\/\/ak47.nu\/de\/wp-json\/wp\/v2\/product_cat?post=61623"},{"taxonomy":"product_tag","embeddable":true,"href":"https:\/\/ak47.nu\/de\/wp-json\/wp\/v2\/product_tag?post=61623"}],"curies":[{"name":"wp","href":"https:\/\/api.w.org\/{rel}","templated":true}]}}