{"id":61631,"date":"2025-08-17T18:35:28","date_gmt":"2025-08-17T16:35:28","guid":{"rendered":"https:\/\/ak47.nu\/produkt\/okategoriserad\/baltesspanne-kors-hjul\/"},"modified":"2026-04-14T09:09:39","modified_gmt":"2026-04-14T07:09:39","slug":"guertelschnalle-kreuz-rad","status":"publish","type":"product","link":"https:\/\/ak47.nu\/de\/produkt\/zubehor-2\/holsters\/guertelschnalle-kreuz-rad\/","title":{"rendered":"G\u00fcrtelschnalle Kreuz Rad | Biker Style"},"content":{"rendered":"<h1>G\u00fcrtelschnalle - Kreuz Rad<\/h1>\n\n<h2>Stylische G\u00fcrtelschnalle f\u00fcr Motorrad-Enthusiasten<\/h2>\n\n<p>Diese einzigartige G\u00fcrtelschnalle mit einem Kreuz- und Raddesign ist perfekt, um Ihren pers\u00f6nlichen Stil und Ihre Liebe zu Motorr\u00e4dern auszudr\u00fccken. Die Schnalle ist detailreich gefertigt und eignet sich hervorragend f\u00fcr den Alltag oder besondere Anl\u00e4sse. Ihre robuste Konstruktion und das auff\u00e4llige Design machen diese G\u00fcrtelschnalle garantiert zu einem Favoriten. Entdecken Sie unsere breite Palette an <a href=\"https:\/\/ak47.nu\/de\/zubehor-2\/holsters\/\">Motorradzubeh\u00f6r<\/a> und finden Sie weitere einzigartige Teile f\u00fcr Ihr Motorrad. Um unser restliches Sortiment zu sehen, besuchen Sie <a href=\"https:\/\/ak47.nu\/de\/\">unsere Webseite<\/a>.<\/p>\n\n<h3>Produktinformationen<\/h3>\n<ul>\n <li><b>H\u00f6he:<\/b> ~80mm<\/li>\n <li><b>L\u00e4nge:<\/b> ~80mm<\/li>\n <li><b>Gewicht:<\/b> ~131g<\/li>\n<\/ul>\n\n<p>Diese G\u00fcrtelschnalle ist nicht nur ein stilvolles Accessoire, sondern auch ein Statement. Kombinieren Sie sie mit einem unserer <a href=\"https:\/\/ak47.nu\/de\/butik\/\">stilvollen Lederg\u00fcrtel<\/a> f\u00fcr einen kompletten Look.<\/p>","protected":false},"excerpt":{"rendered":"<p>G\u00fcrtelschnalle &#8211; Kreuz Rad Stylische G\u00fcrtelschnalle f\u00fcr Motorrad-Enthusiasten Diese einzigartige G\u00fcrtelschnalle mit einem Kreuz- und Raddesign ist perfekt, um Ihren pers\u00f6nlichen Stil und Ihre Liebe zu Motorr\u00e4dern auszudr\u00fccken. Die Schnalle ist detailreich gefertigt und eignet sich hervorragend f\u00fcr den Alltag oder besondere Anl\u00e4sse. Ihre robuste Konstruktion und das auff\u00e4llige Design machen diese G\u00fcrtelschnalle garantiert zu [&#8230;]","protected":false},"featured_media":61630,"template":"","meta":[],"product_brand":[],"product_cat":[563],"product_tag":[],"class_list":{"0":"post-61631","1":"product","2":"type-product","3":"status-publish","4":"has-post-thumbnail","6":"product_cat-holsters","7":"pa_brand-no-brand","8":"pa_farg-multifarg","10":"first","11":"instock","12":"sale","13":"taxable","14":"shipping-taxable","15":"purchasable","16":"product-type-simple"},"_links":{"self":[{"href":"https:\/\/ak47.nu\/de\/wp-json\/wp\/v2\/product\/61631","targetHints":{"allow":["GET"]}}],"collection":[{"href":"https:\/\/ak47.nu\/de\/wp-json\/wp\/v2\/product"}],"about":[{"href":"https:\/\/ak47.nu\/de\/wp-json\/wp\/v2\/types\/product"}],"wp:featuredmedia":[{"embeddable":true,"href":"https:\/\/ak47.nu\/de\/wp-json\/wp\/v2\/media\/61630"}],"wp:attachment":[{"href":"https:\/\/ak47.nu\/de\/wp-json\/wp\/v2\/media?parent=61631"}],"wp:term":[{"taxonomy":"product_brand","embeddable":true,"href":"https:\/\/ak47.nu\/de\/wp-json\/wp\/v2\/product_brand?post=61631"},{"taxonomy":"product_cat","embeddable":true,"href":"https:\/\/ak47.nu\/de\/wp-json\/wp\/v2\/product_cat?post=61631"},{"taxonomy":"product_tag","embeddable":true,"href":"https:\/\/ak47.nu\/de\/wp-json\/wp\/v2\/product_tag?post=61631"}],"curies":[{"name":"wp","href":"https:\/\/api.w.org\/{rel}","templated":true}]}}