{"id":61638,"date":"2025-08-17T18:35:51","date_gmt":"2025-08-17T16:35:51","guid":{"rendered":"https:\/\/ak47.nu\/produkt\/okategoriserad\/baltesspanne-skalle-och-ben-med-bling\/"},"modified":"2025-12-04T03:45:31","modified_gmt":"2025-12-04T02:45:31","slug":"guertelschnalle-totenkopf-bling","status":"publish","type":"product","link":"https:\/\/ak47.nu\/de\/produkt\/zubehor-2\/holsters\/guertelschnalle-totenkopf-bling\/","title":{"rendered":"G\u00fcrtelschnalle Totenkopf Bling"},"content":{"rendered":"<h1>G\u00fcrtelschnalle Totenkopf Bling<\/h1>\n\n<h2>Auff\u00e4llige G\u00fcrtelschnalle mit Totenkopf und Knochen<\/h2>\n\n<h3>Detailliertes Design und Bling<\/h3>\n<p>Diese G\u00fcrtelschnalle kombiniert ein klassisches Totenkopf- und Knochendesign mit einem modernen Hauch von Bling. Perfekt f\u00fcr alle, die ihrem Outfit ein ausgefallenes Detail hinzuf\u00fcgen m\u00f6chten. Die Schnalle wird mit Fokus auf Detail und Haltbarkeit gefertigt, was sie zu einem langlebigen Accessoire macht.<\/p>\n\n<h3>Spezifikationen:<\/h3>\n<ul>\n    <li>H\u00f6he: ~75mm<\/li>\n    <li>L\u00e4nge: ~105mm<\/li>\n    <li>Gewicht: ~123g<\/li>\n<\/ul>\n\n<h3>Perfekt f\u00fcr den pers\u00f6nlichen Stil<\/h3>\n<p>Diese G\u00fcrtelschnalle ist mehr als nur ein funktionelles Detail; sie ist ein Ausdruck Ihres pers\u00f6nlichen Stils. Kombinieren Sie sie mit Ihren Lieblingsjeans oder einer Lederjacke f\u00fcr einen kompletten Look. Entdecken Sie weitere einzigartige Accessoires in unserer <a href=\"https:\/\/ak47.nu\/de\/zubehor-2\/holsters\/\">G\u00fcrtelschnallenkollektion<\/a>. Um unsere gro\u00dfe Auswahl zu sehen, besuchen Sie <a href=\"https:\/\/ak47.nu\/de\/\">unsere Website<\/a>.\n Vervollst\u00e4ndigen Sie Ihren Look mit anderen Totenkopf- und Knochen-inspirierten Accessoires aus <a href=\"https:\/\/ak47.nu\/de\/butik\/\">unserem Sortiment<\/a>.\n<\/p>","protected":false},"excerpt":{"rendered":"<p>G\u00fcrtelschnalle Totenkopf Bling Auff\u00e4llige G\u00fcrtelschnalle mit Totenkopf und Knochen Detailliertes Design und Bling Diese G\u00fcrtelschnalle kombiniert ein klassisches Totenkopf- und Knochendesign mit einem modernen Hauch von Bling. Perfekt f\u00fcr alle, die ihrem Outfit ein ausgefallenes Detail hinzuf\u00fcgen m\u00f6chten. Die Schnalle wird mit Fokus auf Detail und Haltbarkeit gefertigt, was sie zu einem langlebigen Accessoire macht. [&#8230;]","protected":false},"featured_media":61742,"template":"","meta":[],"product_brand":[],"product_cat":[563],"product_tag":[],"class_list":{"0":"post-61638","1":"product","2":"type-product","3":"status-publish","4":"has-post-thumbnail","6":"product_cat-holsters","7":"pa_brand-no-brand","8":"pa_farg-multifarg","10":"first","11":"instock","12":"sale","13":"taxable","14":"shipping-taxable","15":"purchasable","16":"product-type-simple"},"_links":{"self":[{"href":"https:\/\/ak47.nu\/de\/wp-json\/wp\/v2\/product\/61638","targetHints":{"allow":["GET"]}}],"collection":[{"href":"https:\/\/ak47.nu\/de\/wp-json\/wp\/v2\/product"}],"about":[{"href":"https:\/\/ak47.nu\/de\/wp-json\/wp\/v2\/types\/product"}],"wp:featuredmedia":[{"embeddable":true,"href":"https:\/\/ak47.nu\/de\/wp-json\/wp\/v2\/media\/61742"}],"wp:attachment":[{"href":"https:\/\/ak47.nu\/de\/wp-json\/wp\/v2\/media?parent=61638"}],"wp:term":[{"taxonomy":"product_brand","embeddable":true,"href":"https:\/\/ak47.nu\/de\/wp-json\/wp\/v2\/product_brand?post=61638"},{"taxonomy":"product_cat","embeddable":true,"href":"https:\/\/ak47.nu\/de\/wp-json\/wp\/v2\/product_cat?post=61638"},{"taxonomy":"product_tag","embeddable":true,"href":"https:\/\/ak47.nu\/de\/wp-json\/wp\/v2\/product_tag?post=61638"}],"curies":[{"name":"wp","href":"https:\/\/api.w.org\/{rel}","templated":true}]}}