{"id":61643,"date":"2025-08-17T18:36:15","date_gmt":"2025-08-17T16:36:15","guid":{"rendered":"https:\/\/ak47.nu\/produkt\/okategoriserad\/baltesspanne-viking-rad\/"},"modified":"2025-12-18T16:38:32","modified_gmt":"2025-12-18T15:38:32","slug":"guertelschnalle-wikingerueberfall","status":"publish","type":"product","link":"https:\/\/ak47.nu\/de\/produkt\/zubehor-2\/holsters\/guertelschnalle-wikingerueberfall\/","title":{"rendered":"G\u00fcrtelschnalle - Wikinger\u00fcberfall | Hochwertiges Design"},"content":{"rendered":"<h1>G\u00fcrtelschnalle - Wikinger\u00fcberfall<\/h1>\n<h2>Robuste und detailreiche G\u00fcrtelschnalle<\/h2>\n<p>Diese G\u00fcrtelschnalle mit einem Wikinger\u00fcberfall-Motiv ist ein beeindruckendes Accessoire, das St\u00e4rke und Detailreichtum vereint. Perfekt f\u00fcr alle, die die \u00c4sthetik des Wikingerzeitalters sch\u00e4tzen und einen einzigartigen Weg suchen, ihren pers\u00f6nlichen Stil auszudr\u00fccken. Mit ihrer robusten Konstruktion und dem unverwechselbaren Design verleiht diese G\u00fcrtelschnalle Ihrem Alltag einen Hauch von Abenteuer.<\/p>\n<h3>Produktinformationen:<\/h3>\n<ul>\n <li><b>H\u00f6he:<\/b> ~ 62mm<\/li>\n <li><b>L\u00e4nge:<\/b> ~ 90mm<\/li>\n <li><b>Gewicht:<\/b> ~ 167g<\/li>\n<\/ul>\n<p>Diese G\u00fcrtelschnalle ist nicht nur ein stilvolles Accessoire, sondern auch ein Ausdruck Ihrer Faszination f\u00fcr die Wikingerkultur. Das detaillierte Design f\u00e4ngt die Essenz des abenteuerlichen Geistes der Wikinger ein. Entdecken Sie unser Angebot an <a href=\"https:\/\/ak47.nu\/de\/butik\/\">von Wikingern inspirierten Accessoires<\/a>, um Ihren Stil zu erg\u00e4nzen. Besuchen Sie unsere <a href=\"https:\/\/ak47.nu\/de\/zubehor-2\/holsters\/\">G\u00fcrtelschnallen-Kategorie<\/a>, um weitere Optionen zu sehen. Verpassen Sie nicht die Chance, diese einzigartige G\u00fcrtelschnalle Ihrer Sammlung hinzuzuf\u00fcgen! F\u00fcr weitere Informationen zu unseren Produkten besuchen Sie <a href=\"https:\/\/ak47.nu\/de\/\">unsere Website<\/a>.<\/p>","protected":false},"excerpt":{"rendered":"<p>G\u00fcrtelschnalle &#8211; Wikinger\u00fcberfall Robuste und detailreiche G\u00fcrtelschnalle Diese G\u00fcrtelschnalle mit einem Wikinger\u00fcberfall-Motiv ist ein beeindruckendes Accessoire, das St\u00e4rke und Detailreichtum vereint. Perfekt f\u00fcr alle, die die \u00c4sthetik des Wikingerzeitalters sch\u00e4tzen und einen einzigartigen Weg suchen, ihren pers\u00f6nlichen Stil auszudr\u00fccken. Mit ihrer robusten Konstruktion und dem unverwechselbaren Design verleiht diese G\u00fcrtelschnalle Ihrem Alltag einen Hauch von [&#8230;]","protected":false},"featured_media":61641,"template":"","meta":[],"product_brand":[],"product_cat":[563],"product_tag":[],"class_list":{"0":"post-61643","1":"product","2":"type-product","3":"status-publish","4":"has-post-thumbnail","6":"product_cat-holsters","7":"pa_brand-no-brand","8":"pa_farg-multifarg","10":"first","11":"outofstock","12":"sale","13":"taxable","14":"shipping-taxable","15":"purchasable","16":"product-type-simple"},"_links":{"self":[{"href":"https:\/\/ak47.nu\/de\/wp-json\/wp\/v2\/product\/61643","targetHints":{"allow":["GET"]}}],"collection":[{"href":"https:\/\/ak47.nu\/de\/wp-json\/wp\/v2\/product"}],"about":[{"href":"https:\/\/ak47.nu\/de\/wp-json\/wp\/v2\/types\/product"}],"wp:featuredmedia":[{"embeddable":true,"href":"https:\/\/ak47.nu\/de\/wp-json\/wp\/v2\/media\/61641"}],"wp:attachment":[{"href":"https:\/\/ak47.nu\/de\/wp-json\/wp\/v2\/media?parent=61643"}],"wp:term":[{"taxonomy":"product_brand","embeddable":true,"href":"https:\/\/ak47.nu\/de\/wp-json\/wp\/v2\/product_brand?post=61643"},{"taxonomy":"product_cat","embeddable":true,"href":"https:\/\/ak47.nu\/de\/wp-json\/wp\/v2\/product_cat?post=61643"},{"taxonomy":"product_tag","embeddable":true,"href":"https:\/\/ak47.nu\/de\/wp-json\/wp\/v2\/product_tag?post=61643"}],"curies":[{"name":"wp","href":"https:\/\/api.w.org\/{rel}","templated":true}]}}