{"id":61655,"date":"2025-08-17T18:36:40","date_gmt":"2025-08-17T16:36:40","guid":{"rendered":"https:\/\/ak47.nu\/produkt\/okategoriserad\/baltesspanne-rott-kors\/"},"modified":"2026-04-14T09:09:34","modified_gmt":"2026-04-14T07:09:34","slug":"guertelschnalle-rotes-kreuz","status":"publish","type":"product","link":"https:\/\/ak47.nu\/de\/produkt\/zubehor-2\/holsters\/guertelschnalle-rotes-kreuz\/","title":{"rendered":"G\u00fcrtelschnalle - Rotes Kreuz | Klassisches Design"},"content":{"rendered":"<h1>G\u00fcrtelschnalle - Rotes Kreuz<\/h1>\n\n<h2>Klassische G\u00fcrtelschnalle mit Rotem Kreuz<\/h2>\n\n<p>Diese G\u00fcrtelschnalle mit einem ikonischen roten Kreuz ist ein zeitloses Accessoire, das sich perfekt eignet, um Unterst\u00fctzung oder Interesse an medizinischen und humanit\u00e4ren Bem\u00fchungen auszudr\u00fccken. Mit ihrer robusten Konstruktion und dem detaillierten Design ist sie nicht nur ein praktisches Detail, sondern auch ein Statement.<\/p>\n\n<h3>Spezifikationen:<\/h3>\n\n<ul>\n<li>H\u00f6he: ~79mm<\/li>\n<li>L\u00e4nge: ~79mm<\/li>\n<li>Gewicht: ~138g<\/li>\n<\/ul>\n\n<p>Diese G\u00fcrtelschnalle ist auf Langlebigkeit ausgelegt und somit ein zuverl\u00e4ssiger Alltagsbegleiter. Ihre Gr\u00f6\u00dfe passt auf die meisten Standardg\u00fcrtel und das Gewicht vermittelt ein hochwertiges Gef\u00fchl. Zeigen Sie Ihre F\u00fcrsorge und Ihren Stil mit dieser einzigartigen G\u00fcrtelschnalle.<\/p>\n\n<p>Entdecken Sie unsere Auswahl an <a href=\"https:\/\/ak47.nu\/de\/butik\/\">anderen G\u00fcrtelschnallen<\/a>, um den perfekten Stil f\u00fcr Sie zu finden. Besuchen Sie unsere <a href=\"https:\/\/ak47.nu\/de\/zubehor-2\/holsters\/\">Zubeh\u00f6rkategorie<\/a>, um Ihren Look zu vervollst\u00e4ndigen. Vergessen Sie nicht, auf <a href=\"https:\/\/ak47.nu\/de\/\">unserer Homepage<\/a> nach den neuesten Nachrichten und Angeboten zu suchen!<\/p>","protected":false},"excerpt":{"rendered":"<p>G\u00fcrtelschnalle &#8211; Rotes Kreuz Klassische G\u00fcrtelschnalle mit Rotem Kreuz Diese G\u00fcrtelschnalle mit einem ikonischen roten Kreuz ist ein zeitloses Accessoire, das sich perfekt eignet, um Unterst\u00fctzung oder Interesse an medizinischen und humanit\u00e4ren Bem\u00fchungen auszudr\u00fccken. Mit ihrer robusten Konstruktion und dem detaillierten Design ist sie nicht nur ein praktisches Detail, sondern auch ein Statement. Spezifikationen: H\u00f6he: [&#8230;]","protected":false},"featured_media":61653,"template":"","meta":[],"product_brand":[],"product_cat":[563],"product_tag":[],"class_list":{"0":"post-61655","1":"product","2":"type-product","3":"status-publish","4":"has-post-thumbnail","6":"product_cat-holsters","7":"pa_brand-no-brand","8":"pa_farg-multifarg","10":"first","11":"instock","12":"sale","13":"taxable","14":"shipping-taxable","15":"purchasable","16":"product-type-simple"},"_links":{"self":[{"href":"https:\/\/ak47.nu\/de\/wp-json\/wp\/v2\/product\/61655","targetHints":{"allow":["GET"]}}],"collection":[{"href":"https:\/\/ak47.nu\/de\/wp-json\/wp\/v2\/product"}],"about":[{"href":"https:\/\/ak47.nu\/de\/wp-json\/wp\/v2\/types\/product"}],"wp:featuredmedia":[{"embeddable":true,"href":"https:\/\/ak47.nu\/de\/wp-json\/wp\/v2\/media\/61653"}],"wp:attachment":[{"href":"https:\/\/ak47.nu\/de\/wp-json\/wp\/v2\/media?parent=61655"}],"wp:term":[{"taxonomy":"product_brand","embeddable":true,"href":"https:\/\/ak47.nu\/de\/wp-json\/wp\/v2\/product_brand?post=61655"},{"taxonomy":"product_cat","embeddable":true,"href":"https:\/\/ak47.nu\/de\/wp-json\/wp\/v2\/product_cat?post=61655"},{"taxonomy":"product_tag","embeddable":true,"href":"https:\/\/ak47.nu\/de\/wp-json\/wp\/v2\/product_tag?post=61655"}],"curies":[{"name":"wp","href":"https:\/\/api.w.org\/{rel}","templated":true}]}}