{"id":61663,"date":"2025-08-17T18:36:55","date_gmt":"2025-08-17T16:36:55","guid":{"rendered":"https:\/\/ak47.nu\/produkt\/okategoriserad\/solglasogon-mattsilver-med-snygg-detalj\/"},"modified":"2026-03-25T18:58:36","modified_gmt":"2026-03-25T17:58:36","slug":"matt-silber-sonnenbrille-blau-verspiegelten-glaesern","status":"publish","type":"product","link":"https:\/\/ak47.nu\/de\/produkt\/zubehor-2\/ovriga-tillbehor\/matt-silber-sonnenbrille-blau-verspiegelten-glaesern\/","title":{"rendered":"Matt Silber Sonnenbrille mit blau verspiegelten Gl\u00e4sern"},"content":{"rendered":"<h1>Matt Silber Sonnenbrille mit blau verspiegelten Gl\u00e4sern<\/h1>\n<h2>Stil und Schutz vereint<\/h2>\n<p>Diese <strong>matt silberne Sonnenbrille<\/strong> kombiniert trendiges Design mit optimalem Schutz f\u00fcr Ihre Augen. Das stilvolle Detail \u00fcber dem Nasenr\u00fccken verleiht eine einzigartige Note, w\u00e4hrend die <strong>blau verspiegelten Gl\u00e4ser<\/strong> nicht nur stilvoll, sondern auch funktional sind. Sch\u00fctzen Sie Ihre Augen mit Stil! Entdecken Sie unsere Auswahl an <a href=\"https:\/\/ak47.nu\/de\/butik\/\">\u00e4hnlichen Sonnenbrillen<\/a>, um die perfekte Erg\u00e4nzung f\u00fcr Ihren Stil zu finden.<\/p>\n\n<h2>UV-Schutz 400<\/h2>\n<p>Mit <strong>UV-Schutz 400<\/strong> filtern diese Sonnenbrillen sch\u00e4dliche Strahlung und Licht bis zu einer Wellenl\u00e4nge von 400 Nanometern. Dies bietet einen wirksamen Schutz vor den sch\u00e4dlichen Sonnenstrahlen und macht sie ideal f\u00fcr den t\u00e4glichen Gebrauch und Outdoor-Aktivit\u00e4ten. Entdecken Sie unser breites Sortiment an <a href=\"https:\/\/ak47.nu\/de\/zubehor-2\/ovriga-tillbehor\/\">Sonnenbrillen<\/a>, die sowohl Stil als auch Schutz vor Sonnenstrahlen bieten.<\/p>\n\n<h2>Produktinformationen<\/h2>\n<ul>\n    <li><strong>Nasenbr\u00fcckenbreite:<\/strong> ~20 mm<\/li>\n    <li><strong>Glasbreite:<\/strong> ~50 mm<\/li>\n    <li><strong>B\u00fcgell\u00e4nge:<\/strong> ~12,5 cm<\/li>\n    <li><strong>Rahmenfarbe:<\/strong> Matt Silber<\/li>\n    <li><strong>Glasfarbe:<\/strong> Blau verspiegelte Gl\u00e4ser<\/li>\n    <li><strong>Gewicht:<\/strong> 18g<\/li>\n<\/ul>\n\n<h2>Leicht und Komfortabel<\/h2>\n<p>Mit einem <strong>Gewicht von nur 18g<\/strong> ist diese Sonnenbrille extrem leicht und angenehm zu tragen, auch \u00fcber l\u00e4ngere Zeitr\u00e4ume. Finden Sie alle Ihre Favoriten an einem Ort, <a href=\"https:\/\/ak47.nu\/de\/\">besuchen Sie noch heute unsere Website<\/a>!<\/p>","protected":false},"excerpt":{"rendered":"<p>K\u00f6p solglas\u00f6gon i mattsilver med snygg detalj online &#8211; b\u00e4sta priser och snabb leverans. V\u00e4lj bland ett brett utbud av trendiga solglas\u00f6gon f\u00f6r b\u00e5de dam och herr.<\/p>","protected":false},"featured_media":61660,"template":"","meta":[],"product_brand":[],"product_cat":[475],"product_tag":[],"class_list":{"0":"post-61663","1":"product","2":"type-product","3":"status-publish","4":"has-post-thumbnail","6":"product_cat-ovriga-tillbehor","7":"pa_brand-no-brand","9":"first","10":"outofstock","11":"sale","12":"taxable","13":"shipping-taxable","14":"purchasable","15":"product-type-simple"},"_links":{"self":[{"href":"https:\/\/ak47.nu\/de\/wp-json\/wp\/v2\/product\/61663","targetHints":{"allow":["GET"]}}],"collection":[{"href":"https:\/\/ak47.nu\/de\/wp-json\/wp\/v2\/product"}],"about":[{"href":"https:\/\/ak47.nu\/de\/wp-json\/wp\/v2\/types\/product"}],"wp:featuredmedia":[{"embeddable":true,"href":"https:\/\/ak47.nu\/de\/wp-json\/wp\/v2\/media\/61660"}],"wp:attachment":[{"href":"https:\/\/ak47.nu\/de\/wp-json\/wp\/v2\/media?parent=61663"}],"wp:term":[{"taxonomy":"product_brand","embeddable":true,"href":"https:\/\/ak47.nu\/de\/wp-json\/wp\/v2\/product_brand?post=61663"},{"taxonomy":"product_cat","embeddable":true,"href":"https:\/\/ak47.nu\/de\/wp-json\/wp\/v2\/product_cat?post=61663"},{"taxonomy":"product_tag","embeddable":true,"href":"https:\/\/ak47.nu\/de\/wp-json\/wp\/v2\/product_tag?post=61663"}],"curies":[{"name":"wp","href":"https:\/\/api.w.org\/{rel}","templated":true}]}}