{"id":61665,"date":"2025-08-17T18:37:00","date_gmt":"2025-08-17T16:37:00","guid":{"rendered":"https:\/\/ak47.nu\/produkt\/okategoriserad\/solglasogon-runda-svarta-med-svart-lins\/"},"modified":"2026-04-10T00:37:32","modified_gmt":"2026-04-09T22:37:32","slug":"runde-schwarze-sonnenbrille-mit-schwarzem-glas","status":"publish","type":"product","link":"https:\/\/ak47.nu\/de\/produkt\/zubehor-2\/ovriga-tillbehor\/runde-schwarze-sonnenbrille-mit-schwarzem-glas\/","title":{"rendered":"Runde, schwarze Sonnenbrille mit UV-Schutz"},"content":{"rendered":"<h1>Runde, schwarze Sonnenbrille mit schwarzem Glas<\/h1>\n<h2>Trendige Sonnenbrille mit UV-Schutz<\/h2>\n<p>Diese runde, schwarze Sonnenbrille vereint Stil mit Funktion. Sie ist trendig designt und sch\u00fctzt gleichzeitig Ihre Augen vor sch\u00e4dlicher Strahlung und hellem Licht. Perfekt f\u00fcr alle, die gut aussehen und gleichzeitig auf ihre Augengesundheit achten m\u00f6chten. Entdecken Sie unsere Auswahl an <a href=\"https:\/\/ak47.nu\/de\/butik\/\">\u00e4hnlichen Sonnenbrillen<\/a> und finden Sie die perfekten Rahmen f\u00fcr sich. Besuchen Sie unsere <a href=\"https:\/\/ak47.nu\/de\/zubehor-2\/ovriga-tillbehor\/\">Sonnenbrillen-Kategorie<\/a> f\u00fcr weitere Optionen oder besuchen Sie <a href=\"https:\/\/ak47.nu\/de\/\">unsere Homepage<\/a>, um unser gesamtes Sortiment zu sehen.<\/p>\n\n<h3>UV-Schutz und Filter<\/h3>\n<p>Die Sonnenbrille verf\u00fcgt \u00fcber einen UV-Schutz, der sch\u00e4dliche Strahlung und helles Licht filtert und Ihre Augen vor m\u00f6glichen Sch\u00e4den durch die Sonne sch\u00fctzt.<\/p>\n\n<h3>Spezifikationen:<\/h3>\n<ul>\n    <li>Nasenbr\u00fcckenbreite: ~14 mm<\/li>\n    <li>Glasbreite: ~45 mm<\/li>\n    <li>B\u00fcgell\u00e4nge: ~14 cm<\/li>\n    <li>Rahmenfarbe: Schwarz<\/li>\n    <li>Glasfarbe: Schwarz<\/li>\n    <li>Gewicht: ~33g<\/li>\n<\/ul>","protected":false},"excerpt":{"rendered":"<p>K\u00f6p trendiga runda svarta solglas\u00f6gon med svarta linser f\u00f6r ett stilfullt och skyddande tillbeh\u00f6r. Utforska v\u00e5rt sortiment av solglas\u00f6gon med svart lins f\u00f6r att hitta din perfekta stil. Best\u00e4ll idag f\u00f6r snabb leverans och skydda dina \u00f6gon i stil.<\/p>","protected":false},"featured_media":61664,"template":"","meta":[],"product_brand":[],"product_cat":[475],"product_tag":[],"class_list":{"0":"post-61665","1":"product","2":"type-product","3":"status-publish","4":"has-post-thumbnail","6":"product_cat-ovriga-tillbehor","7":"pa_brand-no-brand","9":"first","10":"instock","11":"sale","12":"taxable","13":"shipping-taxable","14":"purchasable","15":"product-type-simple"},"_links":{"self":[{"href":"https:\/\/ak47.nu\/de\/wp-json\/wp\/v2\/product\/61665","targetHints":{"allow":["GET"]}}],"collection":[{"href":"https:\/\/ak47.nu\/de\/wp-json\/wp\/v2\/product"}],"about":[{"href":"https:\/\/ak47.nu\/de\/wp-json\/wp\/v2\/types\/product"}],"wp:featuredmedia":[{"embeddable":true,"href":"https:\/\/ak47.nu\/de\/wp-json\/wp\/v2\/media\/61664"}],"wp:attachment":[{"href":"https:\/\/ak47.nu\/de\/wp-json\/wp\/v2\/media?parent=61665"}],"wp:term":[{"taxonomy":"product_brand","embeddable":true,"href":"https:\/\/ak47.nu\/de\/wp-json\/wp\/v2\/product_brand?post=61665"},{"taxonomy":"product_cat","embeddable":true,"href":"https:\/\/ak47.nu\/de\/wp-json\/wp\/v2\/product_cat?post=61665"},{"taxonomy":"product_tag","embeddable":true,"href":"https:\/\/ak47.nu\/de\/wp-json\/wp\/v2\/product_tag?post=61665"}],"curies":[{"name":"wp","href":"https:\/\/api.w.org\/{rel}","templated":true}]}}