{"id":61668,"date":"2025-08-17T18:37:10","date_gmt":"2025-08-17T16:37:10","guid":{"rendered":"https:\/\/ak47.nu\/produkt\/okategoriserad\/solglasogon-stal-med-snygga-sidostycken\/"},"modified":"2026-03-02T21:23:42","modified_gmt":"2026-03-02T20:23:42","slug":"stahl-sonnenbrille-stilvollen-seitenteilen","status":"publish","type":"product","link":"https:\/\/ak47.nu\/de\/produkt\/zubehor-2\/ovriga-tillbehor\/stahl-sonnenbrille-stilvollen-seitenteilen\/","title":{"rendered":"Stahl Sonnenbrille mit UV400 Schutz"},"content":{"rendered":"<h1>Stahl Sonnenbrille mit stilvollen Seitenteilen<\/h1>\n<h2>Trendige Sonnenbrille mit UV400-Schutz<\/h2>\n<p>Diese stahlfarbene Sonnenbrille vereint Stil und Funktion. Mit einem eleganten Muster \u00fcber dem Nasenr\u00fccken, schwarzen Gl\u00e4sern und detaillierten Linien durch die Seitenteile verleihen sie Ihnen einen trendigen Look und sch\u00fctzen gleichzeitig Ihre Augen. Der UV400-Schutz filtert sch\u00e4dliche Strahlung und Licht bis zu 400 Nanometern und bietet so einen wirksamen Schutz vor sch\u00e4dlichen Sonnenstrahlen.<\/p>\n<p>Eine stilvolle Sonnenbrille mit schwarzen Gl\u00e4sern, geeignet f\u00fcr alle Gelegenheiten. Sch\u00fctzen Sie Ihre Augen mit Stil! <a href=\"https:\/\/ak47.nu\/de\/butik\/\">Sehen Sie sich unsere anderen Sonnenbrillen an<\/a> f\u00fcr weitere Optionen.<\/p>\n<h3>Spezifikationen:<\/h3>\n<ul>\n  <li>Nasenbr\u00fcckenbreite: ~18 mm<\/li>\n  <li>Glasbreite: ~51 mm<\/li>\n  <li>B\u00fcgell\u00e4nge: ~13 cm<\/li>\n  <li>Rahmenfarbe: Silber<\/li>\n  <li>Glasfarbe: Schwarz<\/li>\n  <li>Gewicht: 31g<\/li>\n  <li>UV400-Schutz<\/li>\n<\/ul>\n<p>Diese Sonnenbrille ist nicht nur ein Modeaccessoire, sondern auch ein wichtiger Schutz f\u00fcr Ihre Augen. Verpassen Sie nicht die Chance, Stil und Sicherheit zu kombinieren. <a href=\"https:\/\/ak47.nu\/de\/zubehor-2\/ovriga-tillbehor\/\">Sehen Sie sich unser gesamtes Angebot an Zubeh\u00f6r an<\/a> und finden Sie noch heute Ihre Favoriten. Besuchen Sie unsere <a href=\"https:\/\/ak47.nu\/de\/\">Homepage<\/a>, um weitere Produkte zu entdecken!<\/p>","protected":false},"excerpt":{"rendered":"<p>K\u00f6p snygga solglas\u00f6gon i st\u00e5l med unika sidostycken &#8211; Perfekt f\u00f6r att skydda dina \u00f6gon och se trendig ut. Uppt\u00e4ck v\u00e5rt breda utbud av solglas\u00f6gon i st\u00e5l med olika sidostycken f\u00f6r att hitta din perfekta stil. Best\u00e4ll idag f\u00f6r snabb leverans och f\u00e5 ett par solglas\u00f6gon som b\u00e5de \u00e4r modefram\u00e5t och skyddande f\u00f6r dina \u00f6gon.<\/p>","protected":false},"featured_media":61666,"template":"","meta":[],"product_brand":[],"product_cat":[475],"product_tag":[],"class_list":{"0":"post-61668","1":"product","2":"type-product","3":"status-publish","4":"has-post-thumbnail","6":"product_cat-ovriga-tillbehor","7":"pa_brand-no-brand","9":"first","10":"instock","11":"sale","12":"taxable","13":"shipping-taxable","14":"purchasable","15":"product-type-simple"},"_links":{"self":[{"href":"https:\/\/ak47.nu\/de\/wp-json\/wp\/v2\/product\/61668","targetHints":{"allow":["GET"]}}],"collection":[{"href":"https:\/\/ak47.nu\/de\/wp-json\/wp\/v2\/product"}],"about":[{"href":"https:\/\/ak47.nu\/de\/wp-json\/wp\/v2\/types\/product"}],"wp:featuredmedia":[{"embeddable":true,"href":"https:\/\/ak47.nu\/de\/wp-json\/wp\/v2\/media\/61666"}],"wp:attachment":[{"href":"https:\/\/ak47.nu\/de\/wp-json\/wp\/v2\/media?parent=61668"}],"wp:term":[{"taxonomy":"product_brand","embeddable":true,"href":"https:\/\/ak47.nu\/de\/wp-json\/wp\/v2\/product_brand?post=61668"},{"taxonomy":"product_cat","embeddable":true,"href":"https:\/\/ak47.nu\/de\/wp-json\/wp\/v2\/product_cat?post=61668"},{"taxonomy":"product_tag","embeddable":true,"href":"https:\/\/ak47.nu\/de\/wp-json\/wp\/v2\/product_tag?post=61668"}],"curies":[{"name":"wp","href":"https:\/\/api.w.org\/{rel}","templated":true}]}}