{"id":61669,"date":"2025-08-17T18:37:11","date_gmt":"2025-08-17T16:37:11","guid":{"rendered":"https:\/\/ak47.nu\/produkt\/okategoriserad\/solglasogon-sport-svarta-med-spegelglas\/"},"modified":"2026-04-16T15:29:44","modified_gmt":"2026-04-16T13:29:44","slug":"sport-sonnenbrille-schwarz-mit-blauem-spiegelglas","status":"publish","type":"product","link":"https:\/\/ak47.nu\/de\/produkt\/zubehor-2\/ovriga-tillbehor\/sport-sonnenbrille-schwarz-mit-blauem-spiegelglas\/","title":{"rendered":"Sport Sonnenbrille Schwarz mit Blauem Spiegelglas"},"content":{"rendered":"<h1>Sport Sonnenbrille Schwarz mit Spiegelglas<\/h1>\n<h2>Trendige Sport-Sonnenbrille mit UV400-Schutz<\/h2>\n<p>Diese mattschwarze Sonnenbrille kombiniert ein klassisches Sportdesign mit einem modernen Wellenmuster an den B\u00fcgeln und blauen Spiegelgl\u00e4sern. Sie ist nicht nur ein trendiges Accessoire, sondern sch\u00fctzt Ihre Augen auch effektiv vor sch\u00e4dlicher Strahlung. Mit UV400-Schutz filtern diese Sonnenbrillen Strahlung und Licht bis zu einer Wellenl\u00e4nge von 400 Nanometern. Perfekt f\u00fcr alle, die Stil und Schutz in jeder Situation kombinieren m\u00f6chten.<\/p>\n<h3>Produktinformationen<\/h3>\n<ul>\n <li><strong>Design:<\/strong> Klassisches Sportdesign mit Wellenmuster an den B\u00fcgeln<\/li>\n <li><strong>Farbe:<\/strong> Mattschwarzer Rahmen und blaue Spiegelgl\u00e4ser<\/li>\n <li><strong>UV-Schutz:<\/strong> UV400, sch\u00fctzt vor Strahlung bis zu 400 Nanometern<\/li>\n<\/ul>\n<h3>Spezifikationen<\/h3>\n<ul>\n <li>Nasenbr\u00fcckenbreite: ~16 mm<\/li>\n <li>Glasbreite: ~60 mm<\/li>\n <li>B\u00fcgell\u00e4nge: ~12,5 cm<\/li>\n <li>Gewicht: ~25g<\/li>\n<\/ul>\n<p>Entdecken Sie unsere breite Auswahl an <a href=\"https:\/\/ak47.nu\/de\/butik\/\">Sonnenbrillen<\/a>, um den perfekten Stil f\u00fcr Sie zu finden. Vervollst\u00e4ndigen Sie Ihren Look mit einer trendigen Sonnenbrille aus unserer <a href=\"https:\/\/ak47.nu\/de\/zubehor-2\/ovriga-tillbehor\/\">Accessoires-Kategorie<\/a> und genie\u00dfen Sie Stil und Schutz. Besuchen Sie <a href=\"https:\/\/ak47.nu\/de\/\">unsere Webseite<\/a>, um unser gesamtes Angebot zu sehen.<\/p>","protected":false},"excerpt":{"rendered":"<p>K\u00f6p solglas\u00f6gon sport svarta med spegelglas f\u00f6r b\u00e4sta skydd och stil. V\u00e5ra solglas\u00f6gon \u00e4r perfekta f\u00f6r sportaktiviteter och ger dig en trendig look. Best\u00e4ll dina svarta solglas\u00f6gon med spegelglas idag och njut av solen med stil.<\/p>","protected":false},"featured_media":62095,"template":"","meta":[],"product_brand":[],"product_cat":[475],"product_tag":[],"class_list":{"0":"post-61669","1":"product","2":"type-product","3":"status-publish","4":"has-post-thumbnail","6":"product_cat-ovriga-tillbehor","7":"pa_brand-no-brand","9":"first","10":"instock","11":"sale","12":"taxable","13":"shipping-taxable","14":"purchasable","15":"product-type-simple"},"_links":{"self":[{"href":"https:\/\/ak47.nu\/de\/wp-json\/wp\/v2\/product\/61669","targetHints":{"allow":["GET"]}}],"collection":[{"href":"https:\/\/ak47.nu\/de\/wp-json\/wp\/v2\/product"}],"about":[{"href":"https:\/\/ak47.nu\/de\/wp-json\/wp\/v2\/types\/product"}],"wp:featuredmedia":[{"embeddable":true,"href":"https:\/\/ak47.nu\/de\/wp-json\/wp\/v2\/media\/62095"}],"wp:attachment":[{"href":"https:\/\/ak47.nu\/de\/wp-json\/wp\/v2\/media?parent=61669"}],"wp:term":[{"taxonomy":"product_brand","embeddable":true,"href":"https:\/\/ak47.nu\/de\/wp-json\/wp\/v2\/product_brand?post=61669"},{"taxonomy":"product_cat","embeddable":true,"href":"https:\/\/ak47.nu\/de\/wp-json\/wp\/v2\/product_cat?post=61669"},{"taxonomy":"product_tag","embeddable":true,"href":"https:\/\/ak47.nu\/de\/wp-json\/wp\/v2\/product_tag?post=61669"}],"curies":[{"name":"wp","href":"https:\/\/api.w.org\/{rel}","templated":true}]}}