{"id":61680,"date":"2025-08-17T18:37:46","date_gmt":"2025-08-17T16:37:46","guid":{"rendered":"https:\/\/ak47.nu\/produkt\/okategoriserad\/baltesspanne-us-navy\/"},"modified":"2025-12-04T02:04:58","modified_gmt":"2025-12-04T01:04:58","slug":"us-navy-guertelschnalle","status":"publish","type":"product","link":"https:\/\/ak47.nu\/de\/produkt\/zubehor-2\/holsters\/us-navy-guertelschnalle\/","title":{"rendered":"US Navy G\u00fcrtelschnalle - Milit\u00e4rischer Stil"},"content":{"rendered":"<h1>G\u00fcrtelschnalle - US Navy<\/h1>\n<h2>Authentische G\u00fcrtelschnalle f\u00fcr Marine-Enthusiasten<\/h2>\n<p>Zeigen Sie Ihre Wertsch\u00e4tzung f\u00fcr die US Navy mit dieser robusten und detaillierten G\u00fcrtelschnalle. Mit einer H\u00f6he von ca. 64mm und einer L\u00e4nge von ca. 80mm f\u00e4ngt diese Schnalle die Essenz der amerikanischen Marine ein. Das Gewicht von ca. 126g sorgt f\u00fcr eine qualitative Haptik und Haltbarkeit. Perfekt f\u00fcr den t\u00e4glichen Gebrauch und Sammler.<\/p>\n<h3>Spezifikationen:<\/h3>\n<ul>\n<li>H\u00f6he: ~ 64mm<\/li>\n<li>L\u00e4nge: ~ 80mm<\/li>\n<li>Gewicht: ~ 126g<\/li>\n<\/ul>\n<p>Diese G\u00fcrtelschnalle ist nicht nur ein Accessoire, sondern auch ein Symbol f\u00fcr Engagement und Respekt f\u00fcr die US Navy. Kombinieren Sie sie mit einem unserer <a href=\"https:\/\/ak47.nu\/de\/butik\/\">strapazierf\u00e4higen G\u00fcrtel<\/a> f\u00fcr einen kompletten Look. Entdecken Sie unsere weitere Auswahl an <a href=\"https:\/\/ak47.nu\/de\/zubehor-2\/holsters\/\">milit\u00e4risch inspirierten Accessoires<\/a>, um noch mehr M\u00f6glichkeiten zu finden, Ihren Stil auszudr\u00fccken. Besuchen Sie <a href=\"https:\/\/ak47.nu\/de\/\">unsere Website<\/a>, um die gesamte Kollektion zu sehen.<\/p>","protected":false},"excerpt":{"rendered":"<p>G\u00fcrtelschnalle &#8211; US Navy Authentische G\u00fcrtelschnalle f\u00fcr Marine-Enthusiasten Zeigen Sie Ihre Wertsch\u00e4tzung f\u00fcr die US Navy mit dieser robusten und detaillierten G\u00fcrtelschnalle. Mit einer H\u00f6he von ca. 64mm und einer L\u00e4nge von ca. 80mm f\u00e4ngt diese Schnalle die Essenz der amerikanischen Marine ein. Das Gewicht von ca. 126g sorgt f\u00fcr eine qualitative Haptik und Haltbarkeit. [&#8230;]","protected":false},"featured_media":61679,"template":"","meta":[],"product_brand":[],"product_cat":[563],"product_tag":[],"class_list":{"0":"post-61680","1":"product","2":"type-product","3":"status-publish","4":"has-post-thumbnail","6":"product_cat-holsters","7":"pa_brand-no-brand","8":"pa_farg-multifarg","10":"first","11":"instock","12":"sale","13":"taxable","14":"shipping-taxable","15":"purchasable","16":"product-type-simple"},"_links":{"self":[{"href":"https:\/\/ak47.nu\/de\/wp-json\/wp\/v2\/product\/61680","targetHints":{"allow":["GET"]}}],"collection":[{"href":"https:\/\/ak47.nu\/de\/wp-json\/wp\/v2\/product"}],"about":[{"href":"https:\/\/ak47.nu\/de\/wp-json\/wp\/v2\/types\/product"}],"wp:featuredmedia":[{"embeddable":true,"href":"https:\/\/ak47.nu\/de\/wp-json\/wp\/v2\/media\/61679"}],"wp:attachment":[{"href":"https:\/\/ak47.nu\/de\/wp-json\/wp\/v2\/media?parent=61680"}],"wp:term":[{"taxonomy":"product_brand","embeddable":true,"href":"https:\/\/ak47.nu\/de\/wp-json\/wp\/v2\/product_brand?post=61680"},{"taxonomy":"product_cat","embeddable":true,"href":"https:\/\/ak47.nu\/de\/wp-json\/wp\/v2\/product_cat?post=61680"},{"taxonomy":"product_tag","embeddable":true,"href":"https:\/\/ak47.nu\/de\/wp-json\/wp\/v2\/product_tag?post=61680"}],"curies":[{"name":"wp","href":"https:\/\/api.w.org\/{rel}","templated":true}]}}