{"id":61698,"date":"2025-08-17T18:38:40","date_gmt":"2025-08-17T16:38:40","guid":{"rendered":"https:\/\/ak47.nu\/produkt\/okategoriserad\/solglasogon-guld-skoldpaddsfargade-med-lila-lins\/"},"modified":"2026-01-03T14:03:35","modified_gmt":"2026-01-03T13:03:35","slug":"gold-schildpatt-sonnenbrille-lila-linse","status":"publish","type":"product","link":"https:\/\/ak47.nu\/de\/produkt\/zubehor-2\/ovriga-tillbehor\/gold-schildpatt-sonnenbrille-lila-linse\/","title":{"rendered":"Gold Schildpatt Sonnenbrille Lila Linse"},"content":{"rendered":"<h1>Goldene Schildpatt-Sonnenbrille mit lila Gl\u00e4sern<\/h1>\n<h2>Stylische Sonnenbrille mit UV-Schutz<\/h2>\n<p>Diese schicke ovale Sonnenbrille in Gold und Schildpatt vereint Stil und Funktion. Die lila Gl\u00e4ser sorgen f\u00fcr einen trendigen Look und sch\u00fctzen Ihre Augen vor sch\u00e4dlicher Strahlung. Perfekt f\u00fcr alle, die modern und sicher sein wollen.<\/p>\n<h3>Funktionen und Vorteile<\/h3>\n<ul>\n <li><b>UV-Schutz:<\/b> Filtert sch\u00e4dliche Strahlung und Licht, um Ihre Augen zu sch\u00fctzen.<\/li>\n <li><b>Trendy Design:<\/b> Ovale Form mit einer Kombination aus goldenem und schildpattfarbenem Rahmen sowie lila Gl\u00e4sern.<\/li>\n <li><b>Leichtgewicht:<\/b> Mit einem Gewicht von ca. 27g ist diese Sonnenbrille angenehm zu tragen.<\/li>\n<\/ul>\n<h3>Spezifikationen<\/h3>\n<ul>\n <li>Nasenbr\u00fcckenbreite: ~20 mm<\/li>\n <li>Glasbreite: ~52 mm<\/li>\n <li>B\u00fcgell\u00e4nge: ~14 cm<\/li>\n <li>Rahmenfarbe: Gold und Schildpatt<\/li>\n <li>Glasfarbe: Lila<\/li>\n <li>Gewicht: ~27g<\/li>\n<\/ul>\n<p>Entdecken Sie unsere Auswahl an anderen <a href=\"https:\/\/ak47.nu\/de\/butik\/\">trendigen Sonnenbrillen<\/a> und finden Sie den perfekten Stil f\u00fcr sich. F\u00fcr weitere Informationen zu unseren Produkten und Angeboten besuchen Sie unsere <a href=\"https:\/\/ak47.nu\/de\/\">Website<\/a>. Entdecken Sie die gesamte Kollektion in der Kategorie <a href=\"https:\/\/ak47.nu\/de\/zubehor-2\/ovriga-tillbehor\/\">Accessoires<\/a>.<\/p>","protected":false},"excerpt":{"rendered":"<p>K\u00f6p trendiga solglas\u00f6gon i guld med sk\u00f6ldpaddsf\u00e4rgade b\u00e5gar och lila linser &#8211; b\u00e4sta urvalet f\u00f6r att skydda dina \u00f6gon och se snygg ut. Best\u00e4ll nu f\u00f6r snabb leverans!<\/p>","protected":false},"featured_media":61697,"template":"","meta":[],"product_brand":[],"product_cat":[475],"product_tag":[],"class_list":{"0":"post-61698","1":"product","2":"type-product","3":"status-publish","4":"has-post-thumbnail","6":"product_cat-ovriga-tillbehor","7":"pa_brand-no-brand","9":"first","10":"instock","11":"sale","12":"taxable","13":"shipping-taxable","14":"purchasable","15":"product-type-simple"},"_links":{"self":[{"href":"https:\/\/ak47.nu\/de\/wp-json\/wp\/v2\/product\/61698","targetHints":{"allow":["GET"]}}],"collection":[{"href":"https:\/\/ak47.nu\/de\/wp-json\/wp\/v2\/product"}],"about":[{"href":"https:\/\/ak47.nu\/de\/wp-json\/wp\/v2\/types\/product"}],"wp:featuredmedia":[{"embeddable":true,"href":"https:\/\/ak47.nu\/de\/wp-json\/wp\/v2\/media\/61697"}],"wp:attachment":[{"href":"https:\/\/ak47.nu\/de\/wp-json\/wp\/v2\/media?parent=61698"}],"wp:term":[{"taxonomy":"product_brand","embeddable":true,"href":"https:\/\/ak47.nu\/de\/wp-json\/wp\/v2\/product_brand?post=61698"},{"taxonomy":"product_cat","embeddable":true,"href":"https:\/\/ak47.nu\/de\/wp-json\/wp\/v2\/product_cat?post=61698"},{"taxonomy":"product_tag","embeddable":true,"href":"https:\/\/ak47.nu\/de\/wp-json\/wp\/v2\/product_tag?post=61698"}],"curies":[{"name":"wp","href":"https:\/\/api.w.org\/{rel}","templated":true}]}}