{"id":61705,"date":"2025-08-17T18:38:48","date_gmt":"2025-08-17T16:38:48","guid":{"rendered":"https:\/\/ak47.nu\/produkt\/okategoriserad\/solglasogon-guld-skoldpaddsfargade-med-gron-lins\/"},"modified":"2026-04-09T10:19:06","modified_gmt":"2026-04-09T08:19:06","slug":"gold-sonnenbrille-schildpatt-gruen","status":"publish","type":"product","link":"https:\/\/ak47.nu\/de\/produkt\/zubehor-2\/ovriga-tillbehor\/gold-sonnenbrille-schildpatt-gruen\/","title":{"rendered":"Gold Sonnenbrille Schildpatt Gr\u00fcn | UV-Schutz"},"content":{"rendered":"<h1>Goldene Sonnenbrille, Schildpatt mit gr\u00fcnem Glas<\/h1>\n<h2>Stilvolle Sonnenbrille mit UV-Schutz<\/h2>\n<p>Diese stilvolle, ovale gold- und schildpattfarbene Sonnenbrille ist die perfekte Wahl f\u00fcr alle, die Stil mit Schutz verbinden m\u00f6chten. Mit einem trendigen Design und gr\u00fcnen Gl\u00e4sern bietet sie Ihren Augen den Schutz, den sie vor sch\u00e4dlicher UV-Strahlung ben\u00f6tigen. Die Sonnenbrille filtert effektiv sch\u00e4dliche Strahlung und helles Licht heraus und ist somit ideal f\u00fcr alle Gelegenheiten.<\/p>\n\n<h3>Funktionen und Vorteile:<\/h3>\n<ul>\n <li><b>UV-Schutz:<\/b> Sch\u00fctzt Ihre Augen vor sch\u00e4dlicher UV-Strahlung.<\/li>\n <li><b>Trendiges Design:<\/b> Ovale Sonnenbrille in Gold und Schildpatt, die Ihren Stil erg\u00e4nzt.<\/li>\n <li><b>Gr\u00fcnes Glas:<\/b> Sorgt f\u00fcr einen angenehmen Seheindruck und sch\u00fctzt vor hellem Licht.<\/li>\n<\/ul>\n\n<h3>Spezifikationen:<\/h3>\n<ul>\n <li>Modell: Ovale Sonnenbrille<\/li>\n <li>Nasenbr\u00fcckenbreite: ~20 mm<\/li>\n <li>Glasbreite: ~52 mm<\/li>\n <li>B\u00fcgell\u00e4nge: ~14 cm<\/li>\n <li>Rahmenfarbe: Gold und Schildpattfarben<\/li>\n <li>Glasfarbe: Gr\u00fcn<\/li>\n <li>Gewicht: ~27g<\/li>\n<\/ul>\n\n<p>Mit dieser Sonnenbrille erhalten Sie sowohl ein stilvolles Accessoire als auch einen wichtigen Schutz f\u00fcr Ihre Augen. Perfekt f\u00fcr sonnige Tage und alle Outdoor-Aktivit\u00e4ten. Vervollst\u00e4ndigen Sie Ihren Look und sch\u00fctzen Sie Ihre Augen mit dieser trendigen Sonnenbrille. Entdecken Sie unsere Auswahl an <a href=\"https:\/\/ak47.nu\/de\/butik\/\">anderen Sonnenbrillen<\/a>, um Ihren perfekten Stil zu finden. F\u00fcr weitere Optionen besuchen Sie unsere <a href=\"https:\/\/ak47.nu\/de\/zubehor-2\/ovriga-tillbehor\/\">Sonnenbrillen-Kategorie<\/a>. Sehen Sie sich unser gesamtes Sortiment auf <a href=\"https:\/\/ak47.nu\/de\/\">unserer Website<\/a> an.<\/p>","protected":false},"excerpt":{"rendered":"<p>K\u00f6p solglas\u00f6gon i guld med sk\u00f6ldpaddsf\u00e4rgade b\u00e5gar och gr\u00f6na linser online. Perfekt f\u00f6r att skydda dina \u00f6gon i stil. Uppt\u00e4ck v\u00e5rt breda utbud av solglas\u00f6gon i guld och best\u00e4ll idag f\u00f6r snabb leverans.<\/p>","protected":false},"featured_media":61703,"template":"","meta":[],"product_brand":[],"product_cat":[475],"product_tag":[],"class_list":{"0":"post-61705","1":"product","2":"type-product","3":"status-publish","4":"has-post-thumbnail","6":"product_cat-ovriga-tillbehor","7":"pa_brand-no-brand","9":"first","10":"instock","11":"sale","12":"taxable","13":"shipping-taxable","14":"purchasable","15":"product-type-simple"},"_links":{"self":[{"href":"https:\/\/ak47.nu\/de\/wp-json\/wp\/v2\/product\/61705","targetHints":{"allow":["GET"]}}],"collection":[{"href":"https:\/\/ak47.nu\/de\/wp-json\/wp\/v2\/product"}],"about":[{"href":"https:\/\/ak47.nu\/de\/wp-json\/wp\/v2\/types\/product"}],"wp:featuredmedia":[{"embeddable":true,"href":"https:\/\/ak47.nu\/de\/wp-json\/wp\/v2\/media\/61703"}],"wp:attachment":[{"href":"https:\/\/ak47.nu\/de\/wp-json\/wp\/v2\/media?parent=61705"}],"wp:term":[{"taxonomy":"product_brand","embeddable":true,"href":"https:\/\/ak47.nu\/de\/wp-json\/wp\/v2\/product_brand?post=61705"},{"taxonomy":"product_cat","embeddable":true,"href":"https:\/\/ak47.nu\/de\/wp-json\/wp\/v2\/product_cat?post=61705"},{"taxonomy":"product_tag","embeddable":true,"href":"https:\/\/ak47.nu\/de\/wp-json\/wp\/v2\/product_tag?post=61705"}],"curies":[{"name":"wp","href":"https:\/\/api.w.org\/{rel}","templated":true}]}}