{"id":61734,"date":"2025-08-17T18:50:04","date_gmt":"2025-08-17T16:50:04","guid":{"rendered":"https:\/\/ak47.nu\/produkt\/okategoriserad\/baltesspanne-lick-itself\/"},"modified":"2026-03-27T15:27:32","modified_gmt":"2026-03-27T14:27:32","slug":"lick-itself-guertelschnalle-einzigartiges-design","status":"publish","type":"product","link":"https:\/\/ak47.nu\/de\/produkt\/zubehor-2\/holsters\/lick-itself-guertelschnalle-einzigartiges-design\/","title":{"rendered":"Lick Itself G\u00fcrtelschnalle | Einzigartiges Design"},"content":{"rendered":"<h1>Lick Itself G\u00fcrtelschnalle<\/h1>\n<h2>Eigenschaften und Design<\/h2>\n<p>Diese einzigartige \"Lick Itself\" G\u00fcrtelschnalle ist ein auff\u00e4lliges Detail, das Ihrem Stil eine edgy Note verleiht. Mit ihrem unverwechselbaren Design ist sie eine perfekte M\u00f6glichkeit, Ihre Pers\u00f6nlichkeit auszudr\u00fccken und Ihrem Outfit eine einzigartige Note zu verleihen. Die Schnalle ist nicht nur ein funktionales Accessoire, sondern auch ein Statement.<\/p>\n\n<h3>Spezifikationen<\/h3>\n<ul>\n <li>H\u00f6he: ca. 57mm<\/li>\n <li>L\u00e4nge: 95mm<\/li>\n <li>Gewicht: 82 Gramm<\/li>\n<\/ul>\n\n<h3>Dr\u00fccken Sie Ihren Stil Aus<\/h3>\n<p>Mit einer H\u00f6he von ca. 57mm und einer L\u00e4nge von 95mm hat diese G\u00fcrtelschnalle eine ideale Gr\u00f6\u00dfe, um aufzufallen, ohne zu \u00fcberw\u00e4ltigen. Das Gewicht von 82 Gramm vermittelt ein solides Gef\u00fchl und deutet auf hohe Qualit\u00e4t hin. F\u00fcgen Sie diese einzigartige G\u00fcrtelschnalle Ihrer Sammlung hinzu und lassen Sie sie zum Gespr\u00e4chsanlass werden. Entdecken Sie weitere einzigartige Accessoires, die Ihren Stil erg\u00e4nzen, in <a href=\"https:\/\/ak47.nu\/de\/butik\/\">unserem Webshop<\/a>.<\/p>\n\n<p>Weitere Informationen \u00fcber G\u00fcrtel und Accessoires finden Sie in unserer <a href=\"https:\/\/ak47.nu\/de\/zubehor-2\/holsters\/\">G\u00fcrtelkategorie<\/a>. Verpassen Sie nicht die Gelegenheit, unser gesamtes Sortiment zu erkunden, indem Sie <a href=\"https:\/\/ak47.nu\/de\/\">unsere Website<\/a> besuchen und andere aufregende Produkte finden, die Ihrem Geschmack entsprechen.<\/p>","protected":false},"excerpt":{"rendered":"<p>K\u00f6p en unik b\u00e4ltessp\u00e4nne &#8211; Lick itself &#8211; online f\u00f6r att ge din outfit en extra touch. Utforska v\u00e5rt sortiment av b\u00e4ltessp\u00e4nnen och hitta den perfekta accessoaren f\u00f6r att uttrycka din stil. Best\u00e4ll idag och f\u00e5 snabb leverans till d\u00f6rren.<\/p>","protected":false},"featured_media":62111,"template":"","meta":[],"product_brand":[],"product_cat":[563],"product_tag":[],"class_list":{"0":"post-61734","1":"product","2":"type-product","3":"status-publish","4":"has-post-thumbnail","6":"product_cat-holsters","7":"pa_brand-no-brand","8":"pa_farg-multifarg","10":"first","11":"instock","12":"sale","13":"taxable","14":"shipping-taxable","15":"purchasable","16":"product-type-simple"},"_links":{"self":[{"href":"https:\/\/ak47.nu\/de\/wp-json\/wp\/v2\/product\/61734","targetHints":{"allow":["GET"]}}],"collection":[{"href":"https:\/\/ak47.nu\/de\/wp-json\/wp\/v2\/product"}],"about":[{"href":"https:\/\/ak47.nu\/de\/wp-json\/wp\/v2\/types\/product"}],"wp:featuredmedia":[{"embeddable":true,"href":"https:\/\/ak47.nu\/de\/wp-json\/wp\/v2\/media\/62111"}],"wp:attachment":[{"href":"https:\/\/ak47.nu\/de\/wp-json\/wp\/v2\/media?parent=61734"}],"wp:term":[{"taxonomy":"product_brand","embeddable":true,"href":"https:\/\/ak47.nu\/de\/wp-json\/wp\/v2\/product_brand?post=61734"},{"taxonomy":"product_cat","embeddable":true,"href":"https:\/\/ak47.nu\/de\/wp-json\/wp\/v2\/product_cat?post=61734"},{"taxonomy":"product_tag","embeddable":true,"href":"https:\/\/ak47.nu\/de\/wp-json\/wp\/v2\/product_tag?post=61734"}],"curies":[{"name":"wp","href":"https:\/\/api.w.org\/{rel}","templated":true}]}}