{"id":61766,"date":"2025-08-17T18:56:13","date_gmt":"2025-08-17T16:56:13","guid":{"rendered":"https:\/\/ak47.nu\/produkt\/okategoriserad\/baltesspanne-ganja\/"},"modified":"2025-12-04T02:05:18","modified_gmt":"2025-12-04T01:05:18","slug":"ganja-guertelschnalle-drehendes-design","status":"publish","type":"product","link":"https:\/\/ak47.nu\/de\/produkt\/zubehor-2\/holsters\/ganja-guertelschnalle-drehendes-design\/","title":{"rendered":"Ganja G\u00fcrtelschnalle - Drehendes Design"},"content":{"rendered":"<h1>Ganja G\u00fcrtelschnalle<\/h1>\n<h2>Drehende Ganja G\u00fcrtelschnalle<\/h2>\n<p>Diese einzigartige <strong>G\u00fcrtelschnalle mit drehendem Ganja-Design<\/strong> verleiht Ihrem Stil eine besondere Note. Mit einer H\u00f6he und L\u00e4nge von ca. 76mm und einem Gewicht von 120g ist diese G\u00fcrtelschnalle sowohl auff\u00e4llig als auch robust. Das drehende Design f\u00e4ngt das Licht und die Aufmerksamkeit ein und macht diese G\u00fcrtelschnalle zu einem Gespr\u00e4chsthema.<\/p>\n<h3>Spezifikationen:<\/h3>\n<ul>\n <li><strong>Design:<\/strong> Drehendes Ganja<\/li>\n <li><strong>H\u00f6he:<\/strong> ~76mm<\/li>\n <li><strong>L\u00e4nge:<\/strong> ~76mm<\/li>\n <li><strong>Gewicht:<\/strong> ~120g<\/li>\n<\/ul>\n<p>F\u00fcgen Sie Ihrem Outfit mit dieser G\u00fcrtelschnalle ein einzigartiges Detail hinzu. Perfekt, um Ihren pers\u00f6nlichen Stil auszudr\u00fccken. Entdecken Sie unsere breite Auswahl an <a href=\"https:\/\/ak47.nu\/de\/zubehor-2\/holsters\/\">G\u00fcrtelschnallen<\/a>, um weitere Optionen zu finden, die Ihrem Geschmack entsprechen. Bei uns finden Sie immer etwas, das zu Ihnen passt. Sehen Sie sich auch unsere anderen <a href=\"https:\/\/ak47.nu\/de\/butik\/\">trendigen Accessoires<\/a> an. F\u00fcr weitere einzigartige Produkte besuchen Sie unsere <a href=\"https:\/\/ak47.nu\/de\/\">Homepage<\/a>.<\/p>","protected":false},"excerpt":{"rendered":"<p>Ganja G\u00fcrtelschnalle Drehende Ganja G\u00fcrtelschnalle Diese einzigartige G\u00fcrtelschnalle mit drehendem Ganja-Design verleiht Ihrem Stil eine besondere Note. Mit einer H\u00f6he und L\u00e4nge von ca. 76mm und einem Gewicht von 120g ist diese G\u00fcrtelschnalle sowohl auff\u00e4llig als auch robust. Das drehende Design f\u00e4ngt das Licht und die Aufmerksamkeit ein und macht diese G\u00fcrtelschnalle zu einem Gespr\u00e4chsthema. [&#8230;]","protected":false},"featured_media":61765,"template":"","meta":[],"product_brand":[],"product_cat":[563],"product_tag":[],"class_list":{"0":"post-61766","1":"product","2":"type-product","3":"status-publish","4":"has-post-thumbnail","6":"product_cat-holsters","7":"pa_brand-no-brand","8":"pa_farg-multifarg","10":"first","11":"instock","12":"sale","13":"taxable","14":"shipping-taxable","15":"purchasable","16":"product-type-simple"},"_links":{"self":[{"href":"https:\/\/ak47.nu\/de\/wp-json\/wp\/v2\/product\/61766","targetHints":{"allow":["GET"]}}],"collection":[{"href":"https:\/\/ak47.nu\/de\/wp-json\/wp\/v2\/product"}],"about":[{"href":"https:\/\/ak47.nu\/de\/wp-json\/wp\/v2\/types\/product"}],"wp:featuredmedia":[{"embeddable":true,"href":"https:\/\/ak47.nu\/de\/wp-json\/wp\/v2\/media\/61765"}],"wp:attachment":[{"href":"https:\/\/ak47.nu\/de\/wp-json\/wp\/v2\/media?parent=61766"}],"wp:term":[{"taxonomy":"product_brand","embeddable":true,"href":"https:\/\/ak47.nu\/de\/wp-json\/wp\/v2\/product_brand?post=61766"},{"taxonomy":"product_cat","embeddable":true,"href":"https:\/\/ak47.nu\/de\/wp-json\/wp\/v2\/product_cat?post=61766"},{"taxonomy":"product_tag","embeddable":true,"href":"https:\/\/ak47.nu\/de\/wp-json\/wp\/v2\/product_tag?post=61766"}],"curies":[{"name":"wp","href":"https:\/\/api.w.org\/{rel}","templated":true}]}}