{"id":61777,"date":"2025-08-17T18:56:38","date_gmt":"2025-08-17T16:56:38","guid":{"rendered":"https:\/\/ak47.nu\/produkt\/okategoriserad\/runda-solglasogon-guld-med-rosa-gron-lins\/"},"modified":"2026-04-09T10:18:50","modified_gmt":"2026-04-09T08:18:50","slug":"runde-sonnenbrille-gold-rosa-grun-linse","status":"publish","type":"product","link":"https:\/\/ak47.nu\/de\/produkt\/zubehor-2\/ovriga-tillbehor\/runde-sonnenbrille-gold-rosa-grun-linse\/","title":{"rendered":"Runde Sonnenbrille Gold Rosa\/Gr\u00fcn Linse | UV-Schutz"},"content":{"rendered":"<h1>Runde Sonnenbrille Gold mit Rosa\/Gr\u00fcner Linse<\/h1>\n<h2>Stilvolle Sonnenbrille mit UV-Schutz<\/h2>\n<p>Diese stilvolle runde Sonnenbrille in Gold ist das perfekte Zubeh\u00f6r, um Ihre Augen stilvoll zu sch\u00fctzen. Das Glas wechselt elegant von rosa nach gr\u00fcn und sorgt f\u00fcr einen einzigartigen und trendigen Look.<\/p>\n<h3>UV-Schutz f\u00fcr Ihre Augen<\/h3>\n<p>Die Sonnenbrille verf\u00fcgt \u00fcber einen UV-Schutz, was bedeutet, dass sie sch\u00e4dliche Strahlung und helles Licht effektiv filtert. Dies sch\u00fctzt Ihre Augen vor den sch\u00e4dlichen Auswirkungen der Sonne und macht sie ideal f\u00fcr den Einsatz an sonnigen Tagen. Bleiben Sie gesch\u00fctzt und sehen Sie dabei fantastisch aus. Entdecken Sie unsere Auswahl an anderen <a href=\"https:\/\/ak47.nu\/de\/butik\/\">trendigen Sonnenbrillen<\/a>!<\/p>\n<h3>Produktinformationen:<\/h3>\n<ul>\n <li><strong>Nasenbr\u00fcckenbreite:<\/strong> ~24 mm<\/li>\n <li><strong>Glasbreite:<\/strong> ~44 mm<\/li>\n <li><strong>B\u00fcgell\u00e4nge:<\/strong> ~13 cm<\/li>\n <li><strong>Rahmenfarbe:<\/strong> Gold<\/li>\n <li><strong>Glasfarbe:<\/strong> Rosa \/ Gr\u00fcn<\/li>\n <li><strong>Gewicht:<\/strong> 20g<\/li>\n<\/ul>\n<p>Diese leichte Sonnenbrille ist angenehm zu tragen den ganzen Tag. Mit einem Gewicht von nur 20 g werden Sie kaum bemerken, dass Sie sie tragen. Perfekt f\u00fcr alle Gelegenheiten, von einem Tag am Strand bis zu einem Spaziergang in der Stadt. F\u00fcr weiteres Zubeh\u00f6r besuchen Sie unsere <a href=\"https:\/\/ak47.nu\/de\/zubehor-2\/ovriga-tillbehor\/\">Accessoires-Kollektion<\/a>. Verpassen Sie nicht unsere neuesten Angebote und besuchen Sie noch heute unsere <a href=\"https:\/\/ak47.nu\/de\/\">Homepage<\/a>!<\/p>","protected":false},"excerpt":{"rendered":"<p>K\u00f6p trendiga runda solglas\u00f6gon i guld med rosa eller gr\u00f6n lins &#8211; perfekt f\u00f6r att ge din stil en unik touch. Uppt\u00e4ck v\u00e5rt breda utbud av solglas\u00f6gon online idag!<\/p>","protected":false},"featured_media":62041,"template":"","meta":[],"product_brand":[],"product_cat":[475],"product_tag":[],"class_list":{"0":"post-61777","1":"product","2":"type-product","3":"status-publish","4":"has-post-thumbnail","6":"product_cat-ovriga-tillbehor","7":"pa_brand-no-brand","9":"first","10":"instock","11":"sale","12":"taxable","13":"shipping-taxable","14":"purchasable","15":"product-type-simple"},"_links":{"self":[{"href":"https:\/\/ak47.nu\/de\/wp-json\/wp\/v2\/product\/61777","targetHints":{"allow":["GET"]}}],"collection":[{"href":"https:\/\/ak47.nu\/de\/wp-json\/wp\/v2\/product"}],"about":[{"href":"https:\/\/ak47.nu\/de\/wp-json\/wp\/v2\/types\/product"}],"wp:featuredmedia":[{"embeddable":true,"href":"https:\/\/ak47.nu\/de\/wp-json\/wp\/v2\/media\/62041"}],"wp:attachment":[{"href":"https:\/\/ak47.nu\/de\/wp-json\/wp\/v2\/media?parent=61777"}],"wp:term":[{"taxonomy":"product_brand","embeddable":true,"href":"https:\/\/ak47.nu\/de\/wp-json\/wp\/v2\/product_brand?post=61777"},{"taxonomy":"product_cat","embeddable":true,"href":"https:\/\/ak47.nu\/de\/wp-json\/wp\/v2\/product_cat?post=61777"},{"taxonomy":"product_tag","embeddable":true,"href":"https:\/\/ak47.nu\/de\/wp-json\/wp\/v2\/product_tag?post=61777"}],"curies":[{"name":"wp","href":"https:\/\/api.w.org\/{rel}","templated":true}]}}