{"id":61787,"date":"2025-08-17T18:57:13","date_gmt":"2025-08-17T16:57:13","guid":{"rendered":"https:\/\/ak47.nu\/produkt\/okategoriserad\/baltesspanne-ljus-malteser-kors\/"},"modified":"2025-12-03T22:51:53","modified_gmt":"2025-12-03T21:51:53","slug":"helle-malteser-kreuz-guertelschnalle","status":"publish","type":"product","link":"https:\/\/ak47.nu\/de\/produkt\/zubehor-2\/holsters\/helle-malteser-kreuz-guertelschnalle\/","title":{"rendered":"Helle Malteser Kreuz G\u00fcrtelschnalle"},"content":{"rendered":"<h1>Helle Malteser Kreuz G\u00fcrtelschnalle<\/h1>\n<h2>Elegante G\u00fcrtelschnalle mit Malteserkreuz<\/h2>\n<p>Diese G\u00fcrtelschnalle zeichnet sich durch ein sch\u00f6nes Malteserkreuz und ein helles Perldesign aus. Mit einer H\u00f6he und L\u00e4nge von ca. 70 mm und einem Gewicht von 149 Gramm ist diese Schnalle sowohl robust als auch ein Blickfang. Perfekt, um Ihrem Stil eine unverwechselbare Note zu verleihen. Entdecken Sie weitere einzigartige <a href=\"https:\/\/ak47.nu\/de\/butik\/\">G\u00fcrtelschnallen<\/a> in unserem Sortiment.<\/p>\n\n<h3>Spezifikationen:<\/h3>\n<ul>\n <li><b>Design:<\/b> Malteserkreuz mit heller Perle<\/li>\n <li><b>H\u00f6he:<\/b> ~70mm<\/li>\n <li><b>L\u00e4nge:<\/b> ~70mm<\/li>\n <li><b>Gewicht:<\/b> ~149 Gramm<\/li>\n<\/ul>\n\n<p>Diese G\u00fcrtelschnalle ist eine ausgezeichnete Wahl, um Ihr Outfit zu erg\u00e4nzen. F\u00fcr weitere \u00e4hnliche Produkte besuchen Sie unsere <a href=\"https:\/\/ak47.nu\/de\/zubehor-2\/holsters\/\">Accessoires-Kategorie<\/a> oder gehen Sie zur <a href=\"https:\/\/ak47.nu\/de\/\">Homepage<\/a>, um unsere gesamte Auswahl zu sehen.<\/p>","protected":false},"excerpt":{"rendered":"<p>K\u00f6p b\u00e4ltessp\u00e4nne ljus Malteser kors online &#8211; en stilfull och unik accessoar f\u00f6r alla tillf\u00e4llen. V\u00e5ra b\u00e4ltessp\u00e4nnen \u00e4r tillverkade av h\u00f6gkvalitativa material och har en elegant design som passar perfekt till alla outfits. Utforska v\u00e5rt breda sortiment av b\u00e4ltessp\u00e4nnen och hitta din favorit idag!<\/p>","protected":false},"featured_media":61786,"template":"","meta":[],"product_brand":[],"product_cat":[563],"product_tag":[],"class_list":{"0":"post-61787","1":"product","2":"type-product","3":"status-publish","4":"has-post-thumbnail","6":"product_cat-holsters","7":"pa_brand-no-brand","8":"pa_farg-multifarg","10":"first","11":"instock","12":"sale","13":"taxable","14":"shipping-taxable","15":"purchasable","16":"product-type-simple"},"_links":{"self":[{"href":"https:\/\/ak47.nu\/de\/wp-json\/wp\/v2\/product\/61787","targetHints":{"allow":["GET"]}}],"collection":[{"href":"https:\/\/ak47.nu\/de\/wp-json\/wp\/v2\/product"}],"about":[{"href":"https:\/\/ak47.nu\/de\/wp-json\/wp\/v2\/types\/product"}],"wp:featuredmedia":[{"embeddable":true,"href":"https:\/\/ak47.nu\/de\/wp-json\/wp\/v2\/media\/61786"}],"wp:attachment":[{"href":"https:\/\/ak47.nu\/de\/wp-json\/wp\/v2\/media?parent=61787"}],"wp:term":[{"taxonomy":"product_brand","embeddable":true,"href":"https:\/\/ak47.nu\/de\/wp-json\/wp\/v2\/product_brand?post=61787"},{"taxonomy":"product_cat","embeddable":true,"href":"https:\/\/ak47.nu\/de\/wp-json\/wp\/v2\/product_cat?post=61787"},{"taxonomy":"product_tag","embeddable":true,"href":"https:\/\/ak47.nu\/de\/wp-json\/wp\/v2\/product_tag?post=61787"}],"curies":[{"name":"wp","href":"https:\/\/api.w.org\/{rel}","templated":true}]}}