{"id":61798,"date":"2025-08-17T18:57:48","date_gmt":"2025-08-17T16:57:48","guid":{"rendered":"https:\/\/ak47.nu\/produkt\/okategoriserad\/union-jack-tygmarke\/"},"modified":"2025-12-04T02:32:45","modified_gmt":"2025-12-04T01:32:45","slug":"union-jack-aufnaeher-zum-aufbuegeln","status":"publish","type":"product","link":"https:\/\/ak47.nu\/de\/produkt\/zubehor-2\/ovriga-tillbehor\/union-jack-aufnaeher-zum-aufbuegeln\/","title":{"rendered":"Union Jack Aufn\u00e4her - Zum Aufb\u00fcgeln | Hobbyprylar"},"content":{"rendered":"<h1>Union Jack Aufn\u00e4her<\/h1>\n<h2>Hochwertiger Aufn\u00e4her zum Aufb\u00fcgeln<\/h2>\n<p>Zeigen Sie Ihren britischen Geist mit diesem detaillierten Union Jack Aufn\u00e4her! Perfekt zum \u043f\u0435\u0440\u0441\u043enalisieren von Kleidung, Taschen oder anderen Textilien. Dieser Aufn\u00e4her zum Aufb\u00fcgeln ist einfach anzubringen und aus hochwertigen Materialien f\u00fcr lange Haltbarkeit gefertigt. Verleihen Sie Ihren Lieblingsst\u00fccken mit diesem klassischen Emblem eine einzigartige Note.<\/p>\n<h3>Produktinformationen<\/h3>\n<ul>\n <li><strong>Material:<\/strong> Hohe Qualit\u00e4t<\/li>\n <li><strong>Anbringung:<\/strong> Zum Aufb\u00fcgeln<\/li>\n <li><strong>Design:<\/strong> Union Jack (Britische Flagge)<\/li>\n <li><strong>Breite:<\/strong> Etwa 8 cm<\/li>\n <li><strong>H\u00f6he:<\/strong> Etwa 5 cm<\/li>\n<\/ul>\n<p>Dieser Union Jack Aufn\u00e4her zum Aufb\u00fcgeln ist eine gro\u00dfartige M\u00f6glichkeit, Ihren Stil auszudr\u00fccken und Ihren Besitzt\u00fcmern eine pers\u00f6nliche Note zu verleihen. Befestigen Sie ihn einfach an Ihren Jeans, Jacken, Rucks\u00e4cken und mehr. <a href=\"https:\/\/ak47.nu\/de\/butik\/\">Entdecken Sie unsere Auswahl an anderen einzigartigen Aufn\u00e4hern<\/a> und finden Sie weitere M\u00f6glichkeiten, Ihren Stil zu \u043f\u0435\u0440\u0441\u043enalisieren. Besuchen Sie die <a href=\"https:\/\/ak47.nu\/de\/zubehor-2\/ovriga-tillbehor\/\">Kategorieseite f\u00fcr Aufn\u00e4her<\/a> zur Inspiration! Verpassen Sie nicht die Chance, ein pers\u00f6nliches Statement zu setzen - bestellen Sie noch heute Ihren Union Jack Aufn\u00e4her und peppen Sie Ihre Garderobe auf. Weitere einzigartige Produkte finden Sie auf unserer <a href=\"https:\/\/ak47.nu\/de\/\">Homepage<\/a>.<\/p>","protected":false},"excerpt":{"rendered":"<p>Union Jack Aufn\u00e4her Hochwertiger Aufn\u00e4her zum Aufb\u00fcgeln Zeigen Sie Ihren britischen Geist mit diesem detaillierten Union Jack Aufn\u00e4her! Perfekt zum \u043f\u0435\u0440\u0441\u043enalisieren von Kleidung, Taschen oder anderen Textilien. Dieser Aufn\u00e4her zum Aufb\u00fcgeln ist einfach anzubringen und aus hochwertigen Materialien f\u00fcr lange Haltbarkeit gefertigt. Verleihen Sie Ihren Lieblingsst\u00fccken mit diesem klassischen Emblem eine einzigartige Note. Produktinformationen Material: [&#8230;]","protected":false},"featured_media":61797,"template":"","meta":[],"product_brand":[],"product_cat":[475],"product_tag":[],"class_list":{"0":"post-61798","1":"product","2":"type-product","3":"status-publish","4":"has-post-thumbnail","6":"product_cat-ovriga-tillbehor","7":"pa_brand-no-brand","9":"first","10":"instock","11":"sale","12":"taxable","13":"shipping-taxable","14":"purchasable","15":"product-type-simple"},"_links":{"self":[{"href":"https:\/\/ak47.nu\/de\/wp-json\/wp\/v2\/product\/61798","targetHints":{"allow":["GET"]}}],"collection":[{"href":"https:\/\/ak47.nu\/de\/wp-json\/wp\/v2\/product"}],"about":[{"href":"https:\/\/ak47.nu\/de\/wp-json\/wp\/v2\/types\/product"}],"wp:featuredmedia":[{"embeddable":true,"href":"https:\/\/ak47.nu\/de\/wp-json\/wp\/v2\/media\/61797"}],"wp:attachment":[{"href":"https:\/\/ak47.nu\/de\/wp-json\/wp\/v2\/media?parent=61798"}],"wp:term":[{"taxonomy":"product_brand","embeddable":true,"href":"https:\/\/ak47.nu\/de\/wp-json\/wp\/v2\/product_brand?post=61798"},{"taxonomy":"product_cat","embeddable":true,"href":"https:\/\/ak47.nu\/de\/wp-json\/wp\/v2\/product_cat?post=61798"},{"taxonomy":"product_tag","embeddable":true,"href":"https:\/\/ak47.nu\/de\/wp-json\/wp\/v2\/product_tag?post=61798"}],"curies":[{"name":"wp","href":"https:\/\/api.w.org\/{rel}","templated":true}]}}