{"id":61800,"date":"2025-08-17T18:58:02","date_gmt":"2025-08-17T16:58:02","guid":{"rendered":"https:\/\/ak47.nu\/produkt\/okategoriserad\/solglasogon-svarta-med-svart-lins\/"},"modified":"2026-01-13T16:53:39","modified_gmt":"2026-01-13T15:53:39","slug":"schwarze-sonnenbrille-mit-schwarzem-glas-2","status":"publish","type":"product","link":"https:\/\/ak47.nu\/de\/produkt\/zubehor-2\/ovriga-tillbehor\/schwarze-sonnenbrille-mit-schwarzem-glas-2\/","title":{"rendered":"Schwarze Sonnenbrille mit schwarzem Glas | UV400-Schutz"},"content":{"rendered":"<h1>Schwarze Sonnenbrille mit schwarzem Glas<\/h1>\n<h2>Trendige schwarze Sonnenbrille f\u00fcr optimalen Schutz<\/h2>\n<p>Diese <strong>schwarze Sonnenbrille<\/strong> kombiniert Stil und Funktion mit einem dickeren Rahmen um das Glas und schildpattfarbenen Details an den Enden der B\u00fcgel. Seien Sie trendy und sch\u00fctzen Sie gleichzeitig Ihre Augen! Die Sonnenbrille verf\u00fcgt \u00fcber <strong>UV400-Schutz<\/strong>, was bedeutet, dass sie sch\u00e4dliche Strahlung und Licht bis zu einer Wellenl\u00e4nge von 400 Nanometern filtert. Sch\u00fctzen Sie Ihre Augen mit Stil \u2013 entdecken Sie noch heute unsere Auswahl an <a href=\"https:\/\/ak47.nu\/de\/butik\/\">anderen Sonnenbrillen<\/a>.<\/p>\n\n<h3>UV400-Schutz und stilvolles Design<\/h3>\n<p>Diese stilvolle, ovale Sonnenbrille mit schwarzen Gl\u00e4sern ist eine perfekte Wahl f\u00fcr jeden Anlass. Mit einer Nasenbr\u00fccke von ca. 15 mm und einer Glasbreite von ca. 55 mm bietet sie eine bequeme Passform. Die B\u00fcgell\u00e4nge betr\u00e4gt 14 cm und bietet optimalen Komfort. Entdecken Sie unser Angebot an <a href=\"https:\/\/ak47.nu\/de\/zubehor-2\/ovriga-tillbehor\/\">Accessoires<\/a>, um Ihren Stil zu vervollst\u00e4ndigen.<\/p>\n\n<ul>\n  <li><strong>Rahmenfarbe:<\/strong> Schwarz<\/li>\n  <li><strong>Glasfarbe:<\/strong> Schwarz<\/li>\n  <li><strong>Gewicht:<\/strong> 21g<\/li>\n<\/ul>\n\n<h3>Produktinformationen und Vorteile<\/h3>\n<p>Diese Sonnenbrille ist nicht nur ein Modeaccessoire, sondern auch ein wichtiger Schutz f\u00fcr Ihre Augen. Durch das leichte Material ist sie den ganzen Tag angenehm zu tragen. Besuchen Sie <a href=\"https:\/\/ak47.nu\/de\/\">unsere Website<\/a>, um die gesamte Kollektion zu sehen und Ihre Favoriten zu finden!<\/p>","protected":false},"excerpt":{"rendered":"<p>Hitta de b\u00e4sta svarta solglas\u00f6gonen med svart lins &#8211; Perfekt f\u00f6r att skydda dina \u00f6gon och se snygg ut. Utforska v\u00e5rt sortiment av solglas\u00f6gon med svarta b\u00e5gar och svarta linser f\u00f6r att hitta din perfekta stil. K\u00f6p nu och njut av solen med stil och skydd.<\/p>","protected":false},"featured_media":61799,"template":"","meta":[],"product_brand":[],"product_cat":[475],"product_tag":[],"class_list":{"0":"post-61800","1":"product","2":"type-product","3":"status-publish","4":"has-post-thumbnail","6":"product_cat-ovriga-tillbehor","7":"pa_brand-no-brand","9":"first","10":"instock","11":"sale","12":"taxable","13":"shipping-taxable","14":"purchasable","15":"product-type-simple"},"_links":{"self":[{"href":"https:\/\/ak47.nu\/de\/wp-json\/wp\/v2\/product\/61800","targetHints":{"allow":["GET"]}}],"collection":[{"href":"https:\/\/ak47.nu\/de\/wp-json\/wp\/v2\/product"}],"about":[{"href":"https:\/\/ak47.nu\/de\/wp-json\/wp\/v2\/types\/product"}],"wp:featuredmedia":[{"embeddable":true,"href":"https:\/\/ak47.nu\/de\/wp-json\/wp\/v2\/media\/61799"}],"wp:attachment":[{"href":"https:\/\/ak47.nu\/de\/wp-json\/wp\/v2\/media?parent=61800"}],"wp:term":[{"taxonomy":"product_brand","embeddable":true,"href":"https:\/\/ak47.nu\/de\/wp-json\/wp\/v2\/product_brand?post=61800"},{"taxonomy":"product_cat","embeddable":true,"href":"https:\/\/ak47.nu\/de\/wp-json\/wp\/v2\/product_cat?post=61800"},{"taxonomy":"product_tag","embeddable":true,"href":"https:\/\/ak47.nu\/de\/wp-json\/wp\/v2\/product_tag?post=61800"}],"curies":[{"name":"wp","href":"https:\/\/api.w.org\/{rel}","templated":true}]}}