{"id":61802,"date":"2025-08-17T18:58:11","date_gmt":"2025-08-17T16:58:11","guid":{"rendered":"https:\/\/ak47.nu\/produkt\/okategoriserad\/solglasogon-ovala-guld\/"},"modified":"2026-01-12T22:23:34","modified_gmt":"2026-01-12T21:23:34","slug":"ovale-gold-sonnenbrille-uv400","status":"publish","type":"product","link":"https:\/\/ak47.nu\/de\/produkt\/zubehor-2\/ovriga-tillbehor\/ovale-gold-sonnenbrille-uv400\/","title":{"rendered":"Ovale Gold Sonnenbrille mit UV400-Schutz"},"content":{"rendered":"<h1>Ovale Gold Sonnenbrille<\/h1>\n<h2>Trendige Sonnenbrille mit UV-Schutz<\/h2>\n<p>Diese <strong>ovalen Gold Sonnenbrillen<\/strong> vereinen Stil und Funktionalit\u00e4t. Sch\u00fctzen Sie Ihre Augen und bleiben Sie gleichzeitig trendy mit dieser stylischen Sonnenbrille. Mit einer schwarzen Linse und einem geringen Gewicht von nur 20g sind sie den ganzen Tag angenehm zu tragen. Perfekt f\u00fcr sonnige Tage und Modebegeisterte.<\/p>\n\n<h3>UV-Schutz<\/h3>\n<p>Die Sonnenbrille verf\u00fcgt \u00fcber einen UV400-Schutz, was bedeutet, dass sie sch\u00e4dliche Strahlung und Licht bis zu einer Wellenl\u00e4nge von 400 Nanometern filtert. Dies sch\u00fctzt Ihre Augen vor den gef\u00e4hrlichen UV-Strahlen der Sonne. Vervollst\u00e4ndigen Sie Ihren Look und pflegen Sie Ihre Augen mit dieser eleganten Sonnenbrille. Entdecken Sie weitere <a href=\"https:\/\/ak47.nu\/de\/butik\/\">trendige Accessoires<\/a> in unserem Sortiment.<\/p>\n\n<h3>Produktinformationen<\/h3>\n<ul>\n    <li><strong>Modell:<\/strong> Ovale Sonnenbrille<\/li>\n    <li><strong>Rahmenfarbe:<\/strong> Gold<\/li>\n    <li><strong>Linsenfarbe:<\/strong> Schwarz<\/li>\n    <li><strong>Gewicht:<\/strong> 20g<\/li>\n<\/ul>\n\n<h3>Ma\u00dfe<\/h3>\n<ul>\n    <li><strong>Nasenbr\u00fcckenbreite:<\/strong> ~20 mm<\/li>\n    <li><strong>Linsenbreite:<\/strong> ~58 mm<\/li>\n    <li><strong>B\u00fcgell\u00e4nge:<\/strong> ~13,5 cm<\/li>\n<\/ul>\n<p>Suchen Sie nach weiteren Optionen? Schauen Sie sich unsere <a href=\"https:\/\/ak47.nu\/de\/zubehor-2\/ovriga-tillbehor\/\">Sonnenbrillen Kategorie<\/a> an, um das perfekte Paar zu finden. Verpassen Sie auch nicht unsere anderen Produkte auf der <a href=\"https:\/\/ak47.nu\/de\/\">Homepage<\/a>.<\/p>","protected":false},"excerpt":{"rendered":"<p>Hitta de b\u00e4sta ovala guld solglas\u00f6gonen f\u00f6r att skydda dina \u00f6gon fr\u00e5n solen. Utforska v\u00e5rt breda sortiment och v\u00e4lj solglas\u00f6gon som passar din stil och behov. K\u00f6p nu f\u00f6r att f\u00e5 den perfekta kombinationen av mode och skydd.<\/p>","protected":false},"featured_media":61801,"template":"","meta":[],"product_brand":[],"product_cat":[475],"product_tag":[],"class_list":{"0":"post-61802","1":"product","2":"type-product","3":"status-publish","4":"has-post-thumbnail","6":"product_cat-ovriga-tillbehor","7":"pa_brand-no-brand","9":"first","10":"instock","11":"sale","12":"taxable","13":"shipping-taxable","14":"purchasable","15":"product-type-simple"},"_links":{"self":[{"href":"https:\/\/ak47.nu\/de\/wp-json\/wp\/v2\/product\/61802","targetHints":{"allow":["GET"]}}],"collection":[{"href":"https:\/\/ak47.nu\/de\/wp-json\/wp\/v2\/product"}],"about":[{"href":"https:\/\/ak47.nu\/de\/wp-json\/wp\/v2\/types\/product"}],"wp:featuredmedia":[{"embeddable":true,"href":"https:\/\/ak47.nu\/de\/wp-json\/wp\/v2\/media\/61801"}],"wp:attachment":[{"href":"https:\/\/ak47.nu\/de\/wp-json\/wp\/v2\/media?parent=61802"}],"wp:term":[{"taxonomy":"product_brand","embeddable":true,"href":"https:\/\/ak47.nu\/de\/wp-json\/wp\/v2\/product_brand?post=61802"},{"taxonomy":"product_cat","embeddable":true,"href":"https:\/\/ak47.nu\/de\/wp-json\/wp\/v2\/product_cat?post=61802"},{"taxonomy":"product_tag","embeddable":true,"href":"https:\/\/ak47.nu\/de\/wp-json\/wp\/v2\/product_tag?post=61802"}],"curies":[{"name":"wp","href":"https:\/\/api.w.org\/{rel}","templated":true}]}}