{"id":61812,"date":"2025-08-17T19:00:01","date_gmt":"2025-08-17T17:00:01","guid":{"rendered":"https:\/\/ak47.nu\/produkt\/okategoriserad\/runda-solglasogon-silver-med-svart-lins-och-metallgaller-trekant\/"},"modified":"2026-01-07T14:26:53","modified_gmt":"2026-01-07T13:26:53","slug":"runde-sonnenbrille-silber-schwarze-linse-metallgitter","status":"publish","type":"product","link":"https:\/\/ak47.nu\/de\/produkt\/zubehor-2\/ovriga-tillbehor\/runde-sonnenbrille-silber-schwarze-linse-metallgitter\/","title":{"rendered":"Runde Silber Sonnenbrille mit Schwarzem Glas und Metallgitter"},"content":{"rendered":"<h1>Stylische Runde Sonnenbrille in Silber mit Einzigartigem Metallgitter<\/h1><h2>Entdecken Sie Diese Multifunktionalen Runden Sonnenbrillen<\/h2><p>Steigern Sie Ihren Stil mit dieser auff\u00e4lligen runden Sonnenbrille in Silber, ausgestattet mit einer klassischen schwarzen Linse. Das einzigartige Designmerkmal ist das verstellbare silberfarbene Metallgitter, das Ihnen einen scharfen und unverwechselbaren Look verleiht. Dieses Gitter kann heruntergeklappt werden, um Ihren Look anzupassen, wann immer Sie m\u00f6chten. Entdecken Sie unsere gro\u00dfe Auswahl an Accessoires, indem Sie unsere https:\/\/ak47.nu\/tillbehor-2\/ovriga-tillbehor\/ Kategorie besuchen. Wir garantieren, dass diese Sonnenbrille, wie alle unsere Produkte auf https:\/\/ak47.nu\/, von hoher Qualit\u00e4t ist. Wenn Sie bereit sind, Ihre Sammlung zu erweitern, schauen Sie sich auch unsere https:\/\/ak47.nu\/butik\/ f\u00fcr \u00e4hnlich stilvolle Alternativen an.<\/p><h3>Detaillierte Funktionen und Schutz<\/h3><p>Diese Sonnenbrille bietet mehr als nur \u00c4sthetik; sie wurde entwickelt, um Ihre Augen effektiv zu sch\u00fctzen. Der integrierte UV-Schutz stellt sicher, dass sch\u00e4dliche Strahlung und helles Licht gefiltert werden, was Ihnen an sonnigen Tagen Sicherheit gibt. Egal, ob Sie in der Stadt unterwegs sind oder eine Pause genie\u00dfen, diese Gl\u00e4ser sch\u00fctzen Ihre Augen und erg\u00e4nzen gleichzeitig Ihr Outfit. Diese Sonnenbrille ist leicht und angenehm f\u00fcr l\u00e4ngeres Tragen.<\/p><h3>Spezifikationen f\u00fcr eine Perfekte Passform<\/h3><p>Wir haben die Details sorgf\u00e4ltig gemessen, um Ihnen eine bequeme und genaue Passform zu gew\u00e4hrleisten:<\/p><ul><li><strong>Nasenstegbreite:<\/strong> Ungef\u00e4hr 19 mm, was f\u00fcr stabilen Halt sorgt.<\/li><li><strong>Glasbreite:<\/strong> Ungef\u00e4hr 47 mm, bietet ausreichende Abdeckung.<\/li><li><strong>B\u00fcgell\u00e4nge:<\/strong> Ungef\u00e4hr 13 cm, f\u00fcr einen sicheren Sitz hinter dem Ohr.<\/li><li><strong>Rahmenfarbe:<\/strong> Elegantes Silber.<\/li><li><strong>Glasfarbe:<\/strong> Klassisches Schwarz f\u00fcr maximalen Kontrast.<\/li><li><strong>Gewicht:<\/strong> Nur 34g, macht sie den ganzen Tag angenehm zu tragen.<\/li><\/ul><p>Das unverwechselbare Gitter weist ein kompliziertes Lochmuster aus unterschiedlich gro\u00dfen Dreiecken auf, was der klassischen runden Form eine moderne Note verleiht. Erleben Sie noch heute die Kombination aus Schutz, geringem Gewicht und einzigartigem Design!<\/p>","protected":false},"excerpt":{"rendered":"<p>Stylische Runde Sonnenbrille in Silber mit Einzigartigem MetallgitterEntdecken Sie Diese Multifunktionalen Runden SonnenbrillenSteigern Sie Ihren Stil mit dieser auff\u00e4lligen runden Sonnenbrille in Silber, ausgestattet mit einer klassischen schwarzen Linse. Das einzigartige Designmerkmal ist das verstellbare silberfarbene Metallgitter, das Ihnen einen scharfen und unverwechselbaren Look verleiht. Dieses Gitter kann heruntergeklappt werden, um Ihren Look anzupassen, wann [&#8230;]","protected":false},"featured_media":61810,"template":"","meta":[],"product_brand":[],"product_cat":[475],"product_tag":[],"class_list":{"0":"post-61812","1":"product","2":"type-product","3":"status-publish","4":"has-post-thumbnail","6":"product_cat-ovriga-tillbehor","7":"pa_brand-no-brand","9":"first","10":"instock","11":"sale","12":"taxable","13":"shipping-taxable","14":"purchasable","15":"product-type-simple"},"_links":{"self":[{"href":"https:\/\/ak47.nu\/de\/wp-json\/wp\/v2\/product\/61812","targetHints":{"allow":["GET"]}}],"collection":[{"href":"https:\/\/ak47.nu\/de\/wp-json\/wp\/v2\/product"}],"about":[{"href":"https:\/\/ak47.nu\/de\/wp-json\/wp\/v2\/types\/product"}],"wp:featuredmedia":[{"embeddable":true,"href":"https:\/\/ak47.nu\/de\/wp-json\/wp\/v2\/media\/61810"}],"wp:attachment":[{"href":"https:\/\/ak47.nu\/de\/wp-json\/wp\/v2\/media?parent=61812"}],"wp:term":[{"taxonomy":"product_brand","embeddable":true,"href":"https:\/\/ak47.nu\/de\/wp-json\/wp\/v2\/product_brand?post=61812"},{"taxonomy":"product_cat","embeddable":true,"href":"https:\/\/ak47.nu\/de\/wp-json\/wp\/v2\/product_cat?post=61812"},{"taxonomy":"product_tag","embeddable":true,"href":"https:\/\/ak47.nu\/de\/wp-json\/wp\/v2\/product_tag?post=61812"}],"curies":[{"name":"wp","href":"https:\/\/api.w.org\/{rel}","templated":true}]}}