{"id":61816,"date":"2025-08-17T19:00:24","date_gmt":"2025-08-17T17:00:24","guid":{"rendered":"https:\/\/ak47.nu\/produkt\/okategoriserad\/solglasogon-petrolfargade-med-gra-spegellins\/"},"modified":"2026-01-07T14:26:47","modified_gmt":"2026-01-07T13:26:47","slug":"petrol-sonnenbrille-grauen-spiegelglasern","status":"publish","type":"product","link":"https:\/\/ak47.nu\/de\/produkt\/zubehor-2\/ovriga-tillbehor\/petrol-sonnenbrille-grauen-spiegelglasern\/","title":{"rendered":"Matte Petrol Sonnenbrille mit Grauer Spiegellinse"},"content":{"rendered":"<h1>Matte Petrol Sonnenbrille mit Grauer Spiegellinse im Klassischen Sportdesign<\/h1><h2>Seien Sie Trendig und Sch\u00fctzen Sie Ihre Augen<\/h2><p>Diese Sonnenbrille kombiniert eine matte petrolfarbene Fassung mit grauen Spiegellinsen in einem klassischen Sportdesign. Sie sind ideal f\u00fcr alle, die sowohl modisch als auch sch\u00fctzend unterwegs sein wollen. Entdecken Sie unser breiteres Sortiment an trendigen Artikeln und Accessoires, die Ihren Stil erg\u00e4nzen: https:\/\/ak47.nu\/butik\/.<\/p><h3>Umfassender UV400-Schutz<\/h3><p>Ihre Augengesundheit wird gro\u00dfgeschrieben. Diese Sonnenbrille bietet dank der <strong>UV400-Klassifizierung<\/strong> vollwertigen Schutz. Das bedeutet, die Gl\u00e4ser filtern sch\u00e4dliche Strahlung und Licht bis zu einer Wellenl\u00e4nge von 400 Nanometern effektiv heraus und gew\u00e4hrleisten so Ihre Sicherheit bei starker Sonneneinstrahlung. Sehen Sie alle unsere Sonnenschutzprodukte dieser Kategorie: https:\/\/ak47.nu\/tillbehor-2\/ovriga-tillbehor\/.<\/p><h3>Spezifikationen und Ma\u00dfe f\u00fcr Komfort<\/h3><p>Diese leichtgewichtige Sonnenbrille wurde f\u00fcr maximalen Tragekomfort \u00fcber den ganzen Tag konzipiert. Die durchdachte Konstruktion gew\u00e4hrleistet einen guten Sitz. Informieren Sie sich \u00fcber alle unsere beliebten Produkte, indem Sie unsere Startseite besuchen: https:\/\/ak47.nu\/.<\/p><ul><li><strong>Rahmenfarbe:<\/strong> Petrol (Matte Oberfl\u00e4che)<\/li><li><strong>Linsenfarbe:<\/strong> Grau, verspiegelt<\/li><li><strong>Gewicht:<\/strong> Nur ca. 26 g f\u00fcr leichtes Tragegef\u00fchl<\/li><\/ul><h4>Genaue Abmessungen f\u00fcr Perfekte Passform<\/h4><p>Um Ihnen einen bequemen und sicheren Sitz zu garantieren, haben wir die exakten Ma\u00dfe dieser Sonnenbrille detailliert aufgef\u00fchrt:<\/p><ol><li><strong>Nasenstegbreite:<\/strong> Ca. 20 mm<\/li><li><strong>Glasbreite:<\/strong> Ca. 90 mm<\/li><li><strong>B\u00fcgell\u00e4nge (Schl\u00e4fenl\u00e4nge):<\/strong> Ca. 11 cm<\/li><\/ol><p>Investieren Sie noch heute in diese stilvolle und sch\u00fctzende Sonnenbrille und seien Sie der Sonne gewachsen!<\/p>","protected":false},"excerpt":{"rendered":"<p>Matte Petrol Sonnenbrille mit Grauer Spiegellinse im Klassischen SportdesignSeien Sie Trendig und Sch\u00fctzen Sie Ihre AugenDiese Sonnenbrille kombiniert eine matte petrolfarbene Fassung mit grauen Spiegellinsen in einem klassischen Sportdesign. Sie sind ideal f\u00fcr alle, die sowohl modisch als auch sch\u00fctzend unterwegs sein wollen. Entdecken Sie unser breiteres Sortiment an trendigen Artikeln und Accessoires, die Ihren [&#8230;]","protected":false},"featured_media":61815,"template":"","meta":[],"product_brand":[],"product_cat":[475],"product_tag":[],"class_list":{"0":"post-61816","1":"product","2":"type-product","3":"status-publish","4":"has-post-thumbnail","6":"product_cat-ovriga-tillbehor","7":"pa_brand-no-brand","9":"first","10":"instock","11":"sale","12":"taxable","13":"shipping-taxable","14":"purchasable","15":"product-type-simple"},"_links":{"self":[{"href":"https:\/\/ak47.nu\/de\/wp-json\/wp\/v2\/product\/61816","targetHints":{"allow":["GET"]}}],"collection":[{"href":"https:\/\/ak47.nu\/de\/wp-json\/wp\/v2\/product"}],"about":[{"href":"https:\/\/ak47.nu\/de\/wp-json\/wp\/v2\/types\/product"}],"wp:featuredmedia":[{"embeddable":true,"href":"https:\/\/ak47.nu\/de\/wp-json\/wp\/v2\/media\/61815"}],"wp:attachment":[{"href":"https:\/\/ak47.nu\/de\/wp-json\/wp\/v2\/media?parent=61816"}],"wp:term":[{"taxonomy":"product_brand","embeddable":true,"href":"https:\/\/ak47.nu\/de\/wp-json\/wp\/v2\/product_brand?post=61816"},{"taxonomy":"product_cat","embeddable":true,"href":"https:\/\/ak47.nu\/de\/wp-json\/wp\/v2\/product_cat?post=61816"},{"taxonomy":"product_tag","embeddable":true,"href":"https:\/\/ak47.nu\/de\/wp-json\/wp\/v2\/product_tag?post=61816"}],"curies":[{"name":"wp","href":"https:\/\/api.w.org\/{rel}","templated":true}]}}