{"id":61818,"date":"2025-08-17T19:00:29","date_gmt":"2025-08-17T17:00:29","guid":{"rendered":"https:\/\/ak47.nu\/produkt\/okategoriserad\/solglasogon-silver-med-svart-lins-2\/"},"modified":"2026-01-07T14:26:44","modified_gmt":"2026-01-07T13:26:44","slug":"silberne-sonnenbrille-mit-schwarzem-glas","status":"publish","type":"product","link":"https:\/\/ak47.nu\/de\/produkt\/zubehor-2\/ovriga-tillbehor\/silberne-sonnenbrille-mit-schwarzem-glas\/","title":{"rendered":"Silberne Sonnenbrille mit schwarzer Linse | Moderner UV400 Schutz"},"content":{"rendered":"<h1>Matt-silberne Sonnenbrille mit schwarzem Glas f\u00fcr modernen Stil<\/h1>\n<h2>Sch\u00fctzen Sie Ihre Augen mit dem Stil, den Sie verdienen<\/h2>\n<p>Seien Sie sowohl trendig als auch sch\u00fctzen Sie Ihre Augen mit dieser eleganten Sonnenbrille. Diese matt-silberfarbene Sonnenbrille mit klassisch schwarzem Glas bietet eine Kombination aus moderner \u00c4sthetik und notwendigem Augenschutz. Wenn Sie sich f\u00fcr diese Brille entscheiden, investieren Sie in einen Look, der Aufmerksamkeit erregt, w\u00e4hrend Sie gleichzeitig Ihre Sehgesundheit pflegen. Um weitere Stile zu entdecken, die Ihre Garderobe erg\u00e4nzen, besuchen Sie unsere Auswahl an <a href=\"https:\/\/ak47.nu\/de\/zubehor-2\/ovriga-tillbehor\/\">Modeaccessoires<\/a>.<\/p>\n\n<h3>Detaillierte Funktionen und UV-Schutz<\/h3>\n<p>Diese stilvolle, ovale Sonnenbrille ist mit <strong>UV400-Schutz<\/strong> ausgestattet. Dieser Schutz wurde rigoros entwickelt, um Strahlung und Licht bis zu einer Wellenl\u00e4nge von 400 Nanometern zu filtern, um sicherzustellen, dass Ihre Augen an sonnigen Tagen gut abgeschirmt sind. Neben dem \u00fcberlegenen Schutz betont das schwarze Glas den matt-silbernen Rahmen f\u00fcr ein raffiniertes Erscheinungsbild. F\u00fcr den kompletten Look, sehen Sie sich unsere <a href=\"https:\/\/ak47.nu\/de\/butik\/\">neuesten Sonnenbrillen-Angebote<\/a> an.<\/p>\n\n<h3>Ma\u00dfe und Spezifikationen<\/h3>\n<p>Wir wissen, wie wichtig die Passform ist. Diese Sonnenbrille garantiert eine bequeme und sichere Passform basierend auf den folgenden genauen Spezifikationen. Diese detaillierten Ma\u00dfe helfen Ihnen zu verstehen, wie diese eleganten B\u00fcgel auf Ihrem Gesicht sitzen werden:<\/p>\n<ul>\n    <li><strong>Rahmen Farbe:<\/strong> Silber (Matt-silberfarbene Oberfl\u00e4che)<\/li>\n    <li><strong>Linsen Farbe:<\/strong> Schwarz<\/li>\n    <li><strong>UV-Schutz:<\/strong> UV400 (Filtert Strahlung bis zu 400 nm)<\/li>\n    <li><strong>Stegbreite:<\/strong> Ungef\u00e4hr 22 mm<\/li>\n    <li><strong>Glasbreite:<\/strong> Ungef\u00e4hr 60 mm<\/li>\n    <li><strong>B\u00fcgell\u00e4nge:<\/strong> Ungef\u00e4hr 13 cm (13 cm)<\/li>\n    <li><strong>Gewicht:<\/strong> Nur 23g (Extrem leicht f\u00fcr ganzt\u00e4gigen Komfort)<\/li>\n<\/ul>\n\n<p>Erleben Sie Komfort und Stil in einem. Diese ultraleichten 23g Sonnenbrillen sind perfekt f\u00fcr den l\u00e4ngeren Gebrauch. Denken Sie beim Einkaufen daran, dass Sie jederzeit zu unserer <a href=\"https:\/\/ak47.nu\/de\/\">Startseite<\/a> zur\u00fcckkehren k\u00f6nnen, um unsere neuesten Angebote zu sehen.<\/p>","protected":false},"excerpt":{"rendered":"<p>Matt-silberne Sonnenbrille mit schwarzem Glas f\u00fcr modernen Stil Sch\u00fctzen Sie Ihre Augen mit dem Stil, den Sie verdienen Seien Sie sowohl trendig als auch sch\u00fctzen Sie Ihre Augen mit dieser eleganten Sonnenbrille. Diese matt-silberfarbene Sonnenbrille mit klassisch schwarzem Glas bietet eine Kombination aus moderner \u00c4sthetik und notwendigem Augenschutz. Wenn Sie sich f\u00fcr diese Brille entscheiden, [&#8230;]","protected":false},"featured_media":62091,"template":"","meta":[],"product_brand":[],"product_cat":[475],"product_tag":[],"class_list":{"0":"post-61818","1":"product","2":"type-product","3":"status-publish","4":"has-post-thumbnail","6":"product_cat-ovriga-tillbehor","7":"pa_brand-no-brand","9":"first","10":"instock","11":"sale","12":"taxable","13":"shipping-taxable","14":"purchasable","15":"product-type-simple"},"_links":{"self":[{"href":"https:\/\/ak47.nu\/de\/wp-json\/wp\/v2\/product\/61818","targetHints":{"allow":["GET"]}}],"collection":[{"href":"https:\/\/ak47.nu\/de\/wp-json\/wp\/v2\/product"}],"about":[{"href":"https:\/\/ak47.nu\/de\/wp-json\/wp\/v2\/types\/product"}],"wp:featuredmedia":[{"embeddable":true,"href":"https:\/\/ak47.nu\/de\/wp-json\/wp\/v2\/media\/62091"}],"wp:attachment":[{"href":"https:\/\/ak47.nu\/de\/wp-json\/wp\/v2\/media?parent=61818"}],"wp:term":[{"taxonomy":"product_brand","embeddable":true,"href":"https:\/\/ak47.nu\/de\/wp-json\/wp\/v2\/product_brand?post=61818"},{"taxonomy":"product_cat","embeddable":true,"href":"https:\/\/ak47.nu\/de\/wp-json\/wp\/v2\/product_cat?post=61818"},{"taxonomy":"product_tag","embeddable":true,"href":"https:\/\/ak47.nu\/de\/wp-json\/wp\/v2\/product_tag?post=61818"}],"curies":[{"name":"wp","href":"https:\/\/api.w.org\/{rel}","templated":true}]}}