{"id":61849,"date":"2025-08-17T19:01:34","date_gmt":"2025-08-17T17:01:34","guid":{"rendered":"https:\/\/ak47.nu\/produkt\/okategoriserad\/runda-solglasogon-guld-med-bla-lins\/"},"modified":"2026-04-29T05:23:48","modified_gmt":"2026-04-29T03:23:48","slug":"runde-sonnenbrille-gold-blaue-linse","status":"publish","type":"product","link":"https:\/\/ak47.nu\/de\/produkt\/zubehor-2\/ovriga-tillbehor\/runde-sonnenbrille-gold-blaue-linse\/","title":{"rendered":"Runde Sonnenbrille Gold mit Blauer Linse | UV-Schutz"},"content":{"rendered":"<h1>Elegante Runde Sonnenbrille in Gold mit Blauen Gl\u00e4sern<\/h1>\n<h2>Stil und Essentieller Augenschutz Vereint<\/h2>\n<p>Entdecken Sie diese schicken runden Sonnenbrillen mit einem klassischen Goldrahmen und markanten blauen Gl\u00e4sern. Diese Brillen sind mehr als nur ein modisches Statement; sie bieten wesentlichen Schutz f\u00fcr Ihre Augen. Wenn Sie nach Ihrem n\u00e4chsten Lieblingsaccessoire suchen, durchst\u00f6bern Sie unser breites Sortiment an Artikeln unter https:\/\/ak47.nu\/tillbehor-2\/ovriga-tillbehor\/.<\/p>\n\n<h3>Unverzichtbarer UV-Schutz<\/h3>\n<p>Diese Sonnenbrille ist mit einem umfassenden UV-Schutz ausgestattet. Diese entscheidende Eigenschaft bedeutet, dass die Gl\u00e4ser sch\u00e4dliche Strahlung und Licht aktiv filtern, was Ihnen die n\u00f6tige Sicherheit an sonnigen Tagen gibt. Sch\u00fctzen Sie Ihre Sehkraft bei gleichzeitigem Erhalt eines raffinierten Looks. F\u00fcr weitere Designvarianten sehen Sie sich unser Angebot auf https:\/\/ak47.nu\/butik\/ an.<\/p>\n\n<h3>Detaillierte Spezifikationen f\u00fcr Perfekte Passform<\/h3>\n<p>Wir legen Wert auf Passform und Komfort. Diese leichtgewichtige Sonnenbrille wiegt nur 19g und ist daher ganzt\u00e4gig angenehm zu tragen. Besuchen Sie unsere Startseite, um die neuesten Trends und Produkte auf https:\/\/ak47.nu\/ zu entdecken.<\/p>\n<ul>\n    <li><strong>Rahmenfarbe:<\/strong> Klassisches Gold<\/li>\n    <li><strong>Linsenfarbe:<\/strong> Intensives Blau<\/li>\n    <li><strong>Gewicht:<\/strong> Nur 19g f\u00fcr maximalen Tragekomfort<\/li>\n    <li><strong>Nasenstegbreite:<\/strong> Ungef\u00e4hr 24 mm<\/li>\n    <li><strong>Glasbreite:<\/strong> Ungef\u00e4hr 44 mm<\/li>\n    <li><strong>B\u00fcgell\u00e4nge:<\/strong> Ungef\u00e4hr 12.6 cm (126 mm)<\/li>\n<\/ul>\n<p>Investieren Sie noch heute in diese runde Sonnenbrille f\u00fcr eine Kombination aus zeitlosem Design und notwendiger Augenverteidigung.<\/p>","protected":false},"excerpt":{"rendered":"<p>Hitta de b\u00e4sta runda solglas\u00f6gonen i guld med bl\u00e5 lins p\u00e5 v\u00e5r hemsida. Utforska v\u00e5rt breda utbud av trendiga solglas\u00f6gon och hitta din perfekta stil. K\u00f6p nu f\u00f6r att f\u00e5 den perfekta kombinationen av stil och skydd f\u00f6r dina \u00f6gon.<\/p>","protected":false},"featured_media":62110,"template":"","meta":[],"product_brand":[],"product_cat":[475],"product_tag":[],"class_list":{"0":"post-61849","1":"product","2":"type-product","3":"status-publish","4":"has-post-thumbnail","6":"product_cat-ovriga-tillbehor","7":"pa_brand-no-brand","9":"first","10":"instock","11":"sale","12":"taxable","13":"shipping-taxable","14":"purchasable","15":"product-type-simple"},"_links":{"self":[{"href":"https:\/\/ak47.nu\/de\/wp-json\/wp\/v2\/product\/61849","targetHints":{"allow":["GET"]}}],"collection":[{"href":"https:\/\/ak47.nu\/de\/wp-json\/wp\/v2\/product"}],"about":[{"href":"https:\/\/ak47.nu\/de\/wp-json\/wp\/v2\/types\/product"}],"wp:featuredmedia":[{"embeddable":true,"href":"https:\/\/ak47.nu\/de\/wp-json\/wp\/v2\/media\/62110"}],"wp:attachment":[{"href":"https:\/\/ak47.nu\/de\/wp-json\/wp\/v2\/media?parent=61849"}],"wp:term":[{"taxonomy":"product_brand","embeddable":true,"href":"https:\/\/ak47.nu\/de\/wp-json\/wp\/v2\/product_brand?post=61849"},{"taxonomy":"product_cat","embeddable":true,"href":"https:\/\/ak47.nu\/de\/wp-json\/wp\/v2\/product_cat?post=61849"},{"taxonomy":"product_tag","embeddable":true,"href":"https:\/\/ak47.nu\/de\/wp-json\/wp\/v2\/product_tag?post=61849"}],"curies":[{"name":"wp","href":"https:\/\/api.w.org\/{rel}","templated":true}]}}