{"id":62093,"date":"2025-09-26T17:05:56","date_gmt":"2025-09-26T15:05:56","guid":{"rendered":"https:\/\/ak47.nu\/produkt\/okategoriserad\/sport-solglasogon-silver-guld-med-spegelglas\/"},"modified":"2026-04-30T07:23:20","modified_gmt":"2026-04-30T05:23:20","slug":"sport-sonnenbrille-silber-gold-spiegelglaesern","status":"publish","type":"product","link":"https:\/\/ak47.nu\/de\/produkt\/zubehor-2\/ovriga-tillbehor\/sport-sonnenbrille-silber-gold-spiegelglaesern\/","title":{"rendered":"Sport Sonnenbrille Silber\/Gold mit verspiegelten Gl\u00e4sern - UV400"},"content":{"rendered":"<h1>Trendige Sportsonnenbrille in Silber und Gold mit verspiegelten Gl\u00e4sern<\/h1>\n<h2>Sch\u00fctzen Sie Ihre Augen mit Stil und Leistung<\/h2>\n<p>Entdecken Sie diese echten Sportsonnenbrillen, die modernes Design mit effektivem Augenschutz verbinden. Diese Sonnenbrille verf\u00fcgt \u00fcber einen auff\u00e4lligen silbernen Rahmen mit stilvollen Goldakzenten und einem markanten Lochmuster an den B\u00fcgeln, sodass Sie sowohl modisch als auch funktional sein k\u00f6nnen. Egal, ob Sie Schutz bei Aktivit\u00e4ten suchen oder ein stylisches Accessoire f\u00fcr den Alltag \u2013 diese Brille liefert beides. Entdecken Sie unser breites Sortiment an [kategorin f\u00f6r sportaccessoarer] f\u00fcr weitere Optionen.<\/p>\n\n<h2>Zertifizierter UV400 Schutz<\/h2>\n<p>Der Schutz Ihrer Augen vor sch\u00e4dlicher Strahlung ist unerl\u00e4sslich. Diese Sonnenbrille ist mit <strong>UV400-Schutz<\/strong> ausgestattet. Diese technische Spezifikation bedeutet, dass sie sch\u00e4dliche Strahlung und Licht bis zu einer Wellenl\u00e4nge von 400 Nanometern effektiv filtert. Genie\u00dfen Sie Ihre Outdoor-Aktivit\u00e4ten in dem Wissen, dass Ihre Augen gut gesch\u00fctzt sind. Um erg\u00e4nzende Ausr\u00fcstung zu finden, besuchen Sie unsere [sida f\u00f6r relaterade produkter].<\/p>\n\n<h2>Detaillierte Spezifikationen<\/h2>\n<p>Diese Sonnenbrille wurde f\u00fcr Komfort und Passform entwickelt. Ihr leichtes Gewicht macht sie ideal f\u00fcr l\u00e4ngeres Tragen. \u00dcberpr\u00fcfen Sie unten die exakten Ma\u00dfe:<\/p>\n<ul>\n    <li><strong>Rahmenfarbe:<\/strong> Silber und Gold<\/li>\n    <li><strong>Gl\u00e4serfarbe:<\/strong> Verspiegelte Gl\u00e4ser<\/li>\n    <li><strong>Nasenstegbreite:<\/strong> Ungef\u00e4hr 20 mm<\/li>\n    <li><strong>Glasbreite (Gesamt):<\/strong> Ungef\u00e4hr 14 cm<\/li>\n    <li><strong>B\u00fcgell\u00e4nge:<\/strong> Ungef\u00e4hr 11 cm<\/li>\n    <li><strong>Gewicht:<\/strong> Ungef\u00e4hr 29g (Sehr leicht)<\/li>\n<\/ul>\n\n<p>Machen Sie heute den Schritt zu besserem Augenschutz. Vergessen Sie nicht, [hemsidans l\u00e4nk] f\u00fcr die neuesten Nachrichten und Angebote zu besuchen. Diese Sportsonnenbrille ist bereit, Sie bei all Ihren Abenteuern zu begleiten!<\/p>","protected":false},"excerpt":{"rendered":"<p>Trendige Sportsonnenbrille in Silber und Gold mit verspiegelten Gl\u00e4sern Sch\u00fctzen Sie Ihre Augen mit Stil und Leistung Entdecken Sie diese echten Sportsonnenbrillen, die modernes Design mit effektivem Augenschutz verbinden. Diese Sonnenbrille verf\u00fcgt \u00fcber einen auff\u00e4lligen silbernen Rahmen mit stilvollen Goldakzenten und einem markanten Lochmuster an den B\u00fcgeln, sodass Sie sowohl modisch als auch funktional sein [&#8230;]","protected":false},"featured_media":62130,"template":"","meta":[],"product_brand":[],"product_cat":[475],"product_tag":[],"class_list":{"0":"post-62093","1":"product","2":"type-product","3":"status-publish","4":"has-post-thumbnail","6":"product_cat-ovriga-tillbehor","7":"pa_brand-no-brand","9":"first","10":"instock","11":"sale","12":"taxable","13":"shipping-taxable","14":"purchasable","15":"product-type-simple"},"_links":{"self":[{"href":"https:\/\/ak47.nu\/de\/wp-json\/wp\/v2\/product\/62093","targetHints":{"allow":["GET"]}}],"collection":[{"href":"https:\/\/ak47.nu\/de\/wp-json\/wp\/v2\/product"}],"about":[{"href":"https:\/\/ak47.nu\/de\/wp-json\/wp\/v2\/types\/product"}],"wp:featuredmedia":[{"embeddable":true,"href":"https:\/\/ak47.nu\/de\/wp-json\/wp\/v2\/media\/62130"}],"wp:attachment":[{"href":"https:\/\/ak47.nu\/de\/wp-json\/wp\/v2\/media?parent=62093"}],"wp:term":[{"taxonomy":"product_brand","embeddable":true,"href":"https:\/\/ak47.nu\/de\/wp-json\/wp\/v2\/product_brand?post=62093"},{"taxonomy":"product_cat","embeddable":true,"href":"https:\/\/ak47.nu\/de\/wp-json\/wp\/v2\/product_cat?post=62093"},{"taxonomy":"product_tag","embeddable":true,"href":"https:\/\/ak47.nu\/de\/wp-json\/wp\/v2\/product_tag?post=62093"}],"curies":[{"name":"wp","href":"https:\/\/api.w.org\/{rel}","templated":true}]}}