{"id":224,"date":"2021-10-06T13:25:51","date_gmt":"2021-10-06T11:25:51","guid":{"rendered":"https:\/\/kalashnikov.se\/?page_id=224"},"modified":"2024-10-23T11:31:16","modified_gmt":"2024-10-23T09:31:16","slug":"kopvillkor","status":"publish","type":"page","link":"https:\/\/ak47.nu\/en\/kopvillkor\/","title":{"rendered":"Terms and conditions"},"content":{"rendered":"<h2>Generella villkor<\/h2>\n<p>Var sn\u00e4ll och t\u00e4nk p\u00e5 f\u00f6ljande saker innan du best\u00e4ller f\u00f6r att ni ska kunna f\u00e5 en s\u00e5 bra upplevelse som m\u00f6jligt:<\/p>\n<ul>\n<li>Se till att du \u00e4r myndig och f\u00e5r best\u00e4lla &#8211; 18 \u00e5rs gr\u00e4ns g\u00e4ller alla k\u00f6p ifr\u00e5n oss. Best\u00e4llningar i strid mot villkor och\/eller bedr\u00e4gligt lagda, \u00e5terbetalas inte.<\/li>\n<li>Se till att du skriver i r\u00e4tt uppgifter f\u00f6r att leverans ska kunna g\u00f6ras inkl mobiltelefonnr f\u00f6r sms-avisering d\u00e5 detta \u00e4r vanligast.&nbsp;<\/li>\n<li>se till att du m\u00f6jligg\u00f6r f\u00f6r leverans (t.ex \u00e4r hemma vid \u00f6verenskommen tid eller h\u00e4mtar ut paketet innan det skickas tillbaka) f\u00f6r att undvika att extra kostnader uppst\u00e5r.&nbsp;<\/li>\n<\/ul>\n<h2>Pricing and payments<\/h2>\n<p>Alla best\u00e4llningar skickas efter mottagen betalning alternativt godk\u00e4nd garant fr\u00e5n n\u00e5gon av v\u00e5ra partners.<br \/>All betalning genomf\u00f6rs i kassan vid utcheckning alternativt via bank\u00f6verf\u00f6ring eller ins\u00e4ttning p\u00e5 bankkonto.<br \/>Vid \u00f6verf\u00f6ring fr\u00e5n utlandet och vid ins\u00e4ttning p\u00e5 bankgiro tar det oftast 1-3 dagar f\u00f6r betalningen att registreras i v\u00e5rt system.<br \/>Order skickas f\u00f6rst fr\u00e5n lager n\u00e4r betalning \u00e4r bekr\u00e4ftad. Order kan \u00e4ven levereras mot postf\u00f6rskott till folkbokf\u00f6rd adress. Kostnader f\u00f6r detta tillkommer.<\/p>\n<p>Alla priser \u00e4r inklusive svensk moms, f\u00f6r n\u00e4rvarande 25% om inget annat anges. Detta inneb\u00e4r att ingen moms tillkommer f\u00f6r best\u00e4llning inom Europeiska Unionen.<br \/>F\u00f6r best\u00e4llningar utanf\u00f6r Sverige kan f\u00f6r respektive land g\u00e4ngse kostnader tillkomma som vi inte k\u00e4nner till. Utanf\u00f6r EU kan \u00e4ven kostnader f\u00f6r moms tillkomma.<\/p>\n<p>Best\u00e4llningar gjorda som saknar betalning kommer tas bort efter 10 dagar om inte betalning eller meddelande om anledning kommit till v\u00e5r k\u00e4nnedom.<\/p>\n<p>F\u00f6retagsfaktura (via Svea):<o:p><\/o:p><\/p>\n<p>Kreditpr\u00f6vning:<br \/>            Vid ans\u00f6kan om betalning via f\u00f6retagsfaktura genomf\u00f6rs sedvanlig kreditpr\u00f6vning, vilket kan inneb\u00e4ra att en kreditupplysning inh\u00e4mtas.<o:p><\/o:p><\/p>\n<p>Betalningsvillkor:<br \/>            F\u00f6rfallodatum och \u00f6vriga villkor f\u00f6r f\u00f6retagsfaktura framg\u00e5r av fakturan. Vid fakturabetalning ska betalningen ha mottagits senast 30 dagar fr\u00e5n fakturadatum. Vid dr\u00f6jsm\u00e5l med betalning tillkommer en p\u00e5minnelseavgift om 60 kr samt dr\u00f6jsm\u00e5lsr\u00e4nta om 2% per m\u00e5nad fr\u00e5n f\u00f6rfallodatum till dess<br \/>            full betalning sker.<o:p><\/o:p><\/p>\n<p>\u00d6verl\u00e5telse:<br \/>            Samtliga f\u00f6retagsfakturor kommer att \u00f6verl\u00e5tas till Svea Bank AB, 556158-7634 (\u201dSvea Bank\u201d). Alla betalningar med anledning av fakturan ska erl\u00e4ggas till Svea Bank.<o:p><\/o:p><\/p>\n<\/p>\n<p>GDPR:<br \/>            Vid betalning via f\u00f6retagsfaktura kommer fakturan att \u00f6verl\u00e5tas till Svea Bank AB och vi delar d\u00e5 f\u00f6retagskundens personuppgifter med Svea Bank. Svea Bank \u00e4r personuppgiftsansvarig f\u00f6r de fordringar som vi har \u00f6verl\u00e5tit till Svea Bank. F\u00f6r detaljerad information om Svea Banks behandling av personuppgifter, v\u00e4nligen l\u00e4s vidare i Sveas dataskyddsinformation som finns tillg\u00e4nglig p\u00e5 <a href=\"https:\/\/www.svea.com\/dataskydd\" moz-do-not-send=\"true\" rel=\"nofollow noopener\" target=\"_blank\">https:\/\/www.svea.com\/dataskydd<\/a>&nbsp;eller kontakta Svea via post 169 81 Solna, telefon 08 \u2013 514<br \/>            931 13 eller&nbsp;<a href=\"mailto:swp@svea.com\" moz-do-not-send=\"true\">swp@svea.com<\/a>. Dataskyddsombud n\u00e5s p\u00e5&nbsp;<a href=\"mailto:privacy@svea.com\" moz-do-not-send=\"true\">privacy@svea.com<\/a>.<\/p>\n<h2><strong>Leveranser<\/strong><\/h2>\n<p>Alla leveranser sker p\u00e5 v\u00e5rat ansvar. Kund ansvarar f\u00f6r att ange korrekta och tillr\u00e4ckliga uppgifter f\u00f6r oss att utf\u00f6ra leverans.<br \/>Kund ansvarar f\u00f6r att k\u00e4nna till eventuella regler som g\u00e4ller f\u00f6r deras omr\u00e5de eller land n\u00e4r det kommer till speciella produkter.<\/p>\n<p>Vi f\u00f6rbeh\u00e5ller oss r\u00e4tten att sj\u00e4lva v\u00e4lja transport\u00f6r vid val av fri frakt. I vissa fall kan vi \u00e4ven vara tvungna att \u00e4ndra ert val p\u00e5 grund av destination eller produktens beskaffenhet som om\u00f6jligg\u00f6r leverans enligt \u00f6nskem\u00e5l. Vi f\u00f6rs\u00f6ker dock s\u00e5 l\u00e5ngt som det \u00e4r m\u00f6jligt att f\u00f6lja kunds \u00f6nskem\u00e5l.<\/p>\n<p>Leveranser sker efter respektive transport\u00f6rs villkor. Vi s\u00e4kerst\u00e4ller att alla best\u00e4llningar skickas fr\u00e5n oss inom 24 timmar vardagar. Leveranser inom Sverige tar vanligtvis 1 dag men vi kan inte garantera leveranstiden. Inom Europa \u00e4r leveranstiden vanligtvis 3-5 dagar och f\u00f6r resten av v\u00e4rlden 5-15 dagar.<\/p>\n<p>Reklamation p\u00e5 saknad leverans ska inkomma till oss via e-post senast 30 dagar efter leverans bekr\u00e4ftelse. Men h\u00f6r helst av er innan 14 dagar d\u00e5 det \u00e4r g\u00e4ngse liggetid f\u00f6r gods p\u00e5 utl\u00e4mningsst\u00e4lle om det skulle vara s\u00e5 att best\u00e4llningen ligger f\u00f6r uth\u00e4mtning.<\/p>\n<p>Avisering av leverans sker efter transport\u00f6rs rutiner till e-post, sms eller via brev. Samtliga uppgifter m\u00e5ste vara korrekt ifyllda av kund.<\/p>\n<p>I de fall att en s\u00e4ndning inte kan levereras p\u00e5 grund av felaktiga uppgifter eller att best\u00e4llning inte h\u00e4mtats ut i tid s\u00e5 kommer kund debiteras 250 kr f\u00f6r retur och hanteringskostnader.<\/p>\n<h2><strong>\u00c5ngerr\u00e4tt<\/strong><\/h2>\n<p>14 dagars \u00e5ngerr\u00e4tt \/ \u00f6ppet k\u00f6p g\u00e4ller \u2013 tiden r\u00e4knas fr\u00e5n mottagande av varan. F\u00f6r att \u00e5ngra ert k\u00f6p meddelas detta oss p\u00e5 <a href=\"mailto:info@ak47.nu\">info@ak47.nu<\/a><br \/>K\u00f6pare st\u00e5r f\u00f6r returfrakt. \u00c5terbetalning sker inom senast 30 dagar genom samma betalningsalternativ som k\u00f6pare ursprungligen valt. F\u00f6renade kostnader med returen bekostas av kunden.<br \/>\u00c5ngerr\u00e4tten g\u00e4ller ej produkter d\u00e4r ev. plombering brutits, d\u00e4r produkt eller f\u00f6rpackning \u00e4r skadad. Kund ansvarar f\u00f6r att godset packas tillr\u00e4ckligt v\u00e4l f\u00f6r transporten. Ansvar f\u00f6r returtransporten faller p\u00e5 kunden. Vi kan vid \u00f6nskem\u00e5l f\u00f6rse er med retursedel mot sj\u00e4lvkostnad f\u00f6r frakten &#8211; h\u00f6r i s\u00e5 fall av er p\u00e5 info@ak47.nu<\/p>\n<h3><strong>Reklamation, retur &amp; garanti<\/strong><\/h3>\n<p>Vid fel vara eller fel p\u00e5 mottagen vara, eller utebliven vara ska detta skyndsamt meddelas oss p\u00e5 <a href=\"mailto:info@ak47.nu\">info@ak47.nu.<\/a><br \/>Bifoga g\u00e4rna bilder eller video f\u00f6r att styrka problemet med varan.<br \/>Vid f\u00f6rekommande fall att vi anser att produkten m\u00e5ste \u00e5terb\u00f6rdas till oss f\u00f6r bed\u00f6mning bekostar vi frakten. \u00c4r reklamationen inte giltig och produkten \u00e4r skadad pga felaktig eller omd\u00f6mesl\u00f6s anv\u00e4ndning debiteras samtliga uppkomna kostnader k\u00f6paren. Vi f\u00f6rbeh\u00e5ller oss r\u00e4tten att avg\u00f6ra vilken \u00e5tg\u00e4rd som g\u00f6rs f\u00f6r reklamationen (ny vara, h\u00e4va k\u00f6pet, erbjuda rabatt, reparera eller ers\u00e4tta f\u00f6r reparation)<\/p>\n<p>Synliga skador, fel och saknade f\u00f6rs\u00e4ndelser ska reklameras inom 30 dagar fr\u00e5n betalning. Dolda fabrikationsfel ska reklameras inom 3 \u00e5r fr\u00e5n k\u00f6pet och inte senare \u00e4n 2 m\u00e5nader efter att det uppdagats. Reklamationsr\u00e4tten omfattar inte normalt slitage och f\u00f6rv\u00e4ntad levnadsl\u00e4ngd f\u00f6r produkten.<\/p>\n<p>Garantier g\u00e4ller f\u00f6ljande respektive produkts och leverant\u00f6rs villkor vilket framg\u00e5r av produktbeskrivningen i fr\u00e5ga.<\/p>\n<h3><strong>Personuppgifter<\/strong><\/h3>\n<p>N\u00e4r du l\u00e4gger din best\u00e4llning hos oss godk\u00e4nner du att vi lagrar och anv\u00e4nder dina uppgifter i v\u00e5r verksamhet f\u00f6r att fullf\u00f6lja avtalet gentemot dig. Du har enligt Personuppgiftslagen r\u00e4tt att f\u00e5 den information som vi har registrerat om dig. Om den \u00e4r felaktig, ofullst\u00e4ndig eller irrelevant kan du beg\u00e4ra att informationen ska r\u00e4ttas eller tas bort. Kontakta oss i s\u00e5 fall via e-post.<\/p>","protected":false},"excerpt":{"rendered":"<p>Generella villkor Var sn\u00e4ll och t\u00e4nk p\u00e5 f\u00f6ljande saker innan du best\u00e4ller f\u00f6r att ni ska kunna f\u00e5 en s\u00e5 bra upplevelse som m\u00f6jligt: Se till att du \u00e4r myndig och f\u00e5r best\u00e4lla &#8211; 18 \u00e5rs gr\u00e4ns g\u00e4ller alla k\u00f6p ifr\u00e5n oss. Best\u00e4llningar i strid mot villkor och\/eller bedr\u00e4gligt lagda, \u00e5terbetalas inte. Se till att [&#8230;]","protected":false},"author":43,"featured_media":0,"parent":0,"menu_order":0,"comment_status":"closed","ping_status":"closed","template":"elementor_header_footer","meta":{"footnotes":""},"class_list":["post-224","page","type-page","status-publish","hentry"],"_links":{"self":[{"href":"https:\/\/ak47.nu\/en\/wp-json\/wp\/v2\/pages\/224","targetHints":{"allow":["GET"]}}],"collection":[{"href":"https:\/\/ak47.nu\/en\/wp-json\/wp\/v2\/pages"}],"about":[{"href":"https:\/\/ak47.nu\/en\/wp-json\/wp\/v2\/types\/page"}],"author":[{"embeddable":true,"href":"https:\/\/ak47.nu\/en\/wp-json\/wp\/v2\/users\/43"}],"replies":[{"embeddable":true,"href":"https:\/\/ak47.nu\/en\/wp-json\/wp\/v2\/comments?post=224"}],"version-history":[{"count":0,"href":"https:\/\/ak47.nu\/en\/wp-json\/wp\/v2\/pages\/224\/revisions"}],"wp:attachment":[{"href":"https:\/\/ak47.nu\/en\/wp-json\/wp\/v2\/media?parent=224"}],"curies":[{"name":"wp","href":"https:\/\/api.w.org\/{rel}","templated":true}]}}