{"id":229,"date":"2021-10-06T13:30:45","date_gmt":"2021-10-06T11:30:45","guid":{"rendered":"https:\/\/kalashnikov.se\/?page_id=229"},"modified":"2022-10-18T11:51:56","modified_gmt":"2022-10-18T09:51:56","slug":"prisgaranti","status":"publish","type":"page","link":"https:\/\/ak47.nu\/en\/prisgaranti\/","title":{"rendered":"Price guarantee"},"content":{"rendered":"<p><strong>V\u00e5r prisgaranti g\u00e4ller p\u00e5 alla varor vi s\u00e4ljer inom Sverige.<\/strong>*<\/p>\n<p>Prisgarantin g\u00e4ller ej varor som<br \/>-inte lagerh\u00e5lls av \u00e5terf\u00f6rs\u00e4ljaren i Sverige<br \/>-tillf\u00e4lliga kampanjer<br \/>-varor s\u00e5lda p\u00e5 andra plattformar<br \/>-k\u00f6p l\u00e4ngre \u00e4n 3 m\u00e5nader bak\u00e5t i tiden<br \/>*G\u00e4ller ej Batterier och Batteritillbeh\u00f6r<\/p>\n<p>F<strong>\u00f6r att nyttja v\u00e5r prisgaranti<\/strong><\/p>\n<p>-maila oss p\u00e5 info@ak47.nu<br \/>-bifoga underlag som styrker pris hos annat f\u00f6retag. (ex. kvitto, bild p\u00e5 vara samt pris, l\u00e4nk till vara etc.)<br \/>-om du redan genomf\u00f6rt k\u00f6pet, bifoga kvitto eller ordernummer p\u00e5 k\u00f6pet<\/p>\n<p>Efter detta kontrollerar vi informationen och st\u00e4mmer allt s\u00e5 \u00e5terbetalar vi mellanskillnaden till er i form av tillgodohavande p\u00e5 AK47.nu<br \/>Har ni \u00e4nnu ej genomf\u00f6rt k\u00f6pet s\u00e5 korrigerar vi priset och informerar er.<\/p>","protected":false},"excerpt":{"rendered":"<p>V\u00e5r prisgaranti g\u00e4ller p\u00e5 alla varor vi s\u00e4ljer inom Sverige.* Prisgarantin g\u00e4ller ej varor som-inte lagerh\u00e5lls av \u00e5terf\u00f6rs\u00e4ljaren i Sverige-tillf\u00e4lliga kampanjer-varor s\u00e5lda p\u00e5 andra plattformar-k\u00f6p l\u00e4ngre \u00e4n 3 m\u00e5nader bak\u00e5t i tiden*G\u00e4ller ej Batterier och Batteritillbeh\u00f6r F\u00f6r att nyttja v\u00e5r prisgaranti -maila oss p\u00e5 info@ak47.nu-bifoga underlag som styrker pris hos annat f\u00f6retag. (ex. kvitto, bild [&#8230;]","protected":false},"author":43,"featured_media":0,"parent":0,"menu_order":0,"comment_status":"closed","ping_status":"closed","template":"","meta":{"footnotes":""},"class_list":["post-229","page","type-page","status-publish","hentry"],"_links":{"self":[{"href":"https:\/\/ak47.nu\/en\/wp-json\/wp\/v2\/pages\/229","targetHints":{"allow":["GET"]}}],"collection":[{"href":"https:\/\/ak47.nu\/en\/wp-json\/wp\/v2\/pages"}],"about":[{"href":"https:\/\/ak47.nu\/en\/wp-json\/wp\/v2\/types\/page"}],"author":[{"embeddable":true,"href":"https:\/\/ak47.nu\/en\/wp-json\/wp\/v2\/users\/43"}],"replies":[{"embeddable":true,"href":"https:\/\/ak47.nu\/en\/wp-json\/wp\/v2\/comments?post=229"}],"version-history":[{"count":0,"href":"https:\/\/ak47.nu\/en\/wp-json\/wp\/v2\/pages\/229\/revisions"}],"wp:attachment":[{"href":"https:\/\/ak47.nu\/en\/wp-json\/wp\/v2\/media?parent=229"}],"curies":[{"name":"wp","href":"https:\/\/api.w.org\/{rel}","templated":true}]}}