{"id":17170,"date":"2022-05-05T10:13:03","date_gmt":"2022-05-05T08:13:03","guid":{"rendered":"https:\/\/ak47.nu\/produkt\/gg-cm18-mod1-black-tan-soft-air-gun\/"},"modified":"2025-12-03T12:50:17","modified_gmt":"2025-12-03T11:50:17","slug":"gg-cm18-mod1-black-tan-soft-air-gun","status":"publish","type":"product","link":"https:\/\/ak47.nu\/en\/product\/airsoft\/electric-driven\/automatic-carbines\/gg-cm18-mod1-black-tan-soft-air-gun\/","title":{"rendered":"G&amp;G CM18 MOD1 Black\/Tan \/ soft-air gun"},"content":{"rendered":"<p>G&amp;G CM18 MOD1 \/\/ 100<br \/>Sportline-karbiner uppgraderade direkt fr\u00e5n fabrik. CM18 Mod1 g\u00e5r riktigt rappt och k\u00e4nns riktigt solida genom l\u00e5da och railssytem i glasfiberf\u00f6rst\u00e4rkt komposit. Modellerna har friflytade pipa, gedigna flip-uppsikten och avtagbara greppinl\u00e4gg p\u00e5 handskyddets picatinnyskenor.<br \/>GC Intermediate<br \/>Best realism &amp; innovation<br \/>G&amp;G:s instegsmodeller \u00e4r komponerade f\u00f6r att erbjuda maximal prestanda f\u00f6r pengarna. P\u00e5 insidan sitter en gearbox som i likhet med de dyrare modellerna har mycket bra passning, finish och mycket h\u00e5llbara delar. Ett vapen i GC Intermidate serien t\u00e5l att drivas med ett 9,6V batteri.<br \/>Exteri\u00f6rt har man p\u00e5 vissa modeller bytt ut metalldelar mot plast. Men utan att tumma p\u00e5 h\u00e5llbarheten. Det \u00e4r helt klart skillnad p\u00e5 plast och plast. G&amp;G anv\u00e4nder en nylonfi berf\u00f6rst\u00e4rkt komposit som ofta \u00e4r sv\u00e5r att s\u00e4rskilja fr\u00e5n riktig metall. Materialet \u00e4r l\u00e4ttare \u00e4n metall men mycket starkare \u00e4n ABS-plast. GC Intermediate-klassen finns med olika kombinationer och egenskaper.<\/p>\n<p>Egenskaper<br \/>Svart receiver med sandf\u00e4rgad kolv,magasin och grepp<br \/>Flip up-sikten i metall<br \/>Vapnen levereras med 120-skotts Mid-Cap magasin<br \/>Utdragbar cranstock<br \/>Friflytande pipa<\/p>\n<p>Specifikationer<br \/>Vikt: 2570 g<br \/>Totall\u00e4ngd: 763 mm<br \/>Pipl\u00e4ngd: 330 mm<br \/>Kaliber: 6mm<br \/>Reciever: Glasfiberf\u00f6rst\u00e4rkt komposit<br \/>Drivning: El<br \/>Motor: 18000 Hi-Torque Long Axis v\/min<br \/>Gearbox konstruktion: Metall<br \/>Piptyp: Precisionspipa<br \/>Kilsp\u00e5r: Picatinny<br \/>Magasinkapacitet: 450 skott<br \/>Utg\u00e5ngshastighet 0,20g: 100 m\/s<br \/>Anslagsenergi: 1 J<br \/>Eldalternativ: Semi \/ Full Auto<br \/>Batteri-kontakt: Tamiya Liten kontakt<br \/>Batteri-sp\u00e4nning: 7,4 &#8211; 11,1 V<br \/>Made in: Taiwan<br \/>Gearbox version: Version 2<br \/>Gearbox kullager: 8 mm<br \/>Blowback: Nej<br \/>Justerbar Hop Up: Ja<\/p>\n<p>G&amp;G (Guay Guay)<br \/>Made in Taiwan<br \/>G&amp;G (Guay Guay) \u00e4r en h\u00f6gt respekterad tillverkare av airsoftprodukter som utm\u00e4rkes av h\u00f6g kvalite och solida produkter, oavsett prisklass. De tillverkar n\u00e4stan alla komponeter sj\u00e4lva i en toppmodern fabrik i Taiwan med full kontroll \u00f6ver hela tillverkningsprocessen. Ett vapen fr\u00e5n G&amp;G g\u00e5r oftast mycket bra direkt ur l\u00e5dan men skulle man vilja uppgradera \u00e4r det mesta kompatibelt med de vanligaste komponenterna p\u00e5 marknaden. Alla vapen \u00e4r standardutrustade med precisionspipor som levererar h\u00f6g precision.<\/p>","protected":false},"excerpt":{"rendered":"<p>G&amp;G CM18 MOD1 \/\/ 100Sportline-karbiner uppgraderade direkt fr\u00e5n fabrik. CM18 Mod1 g\u00e5r riktigt rappt och k\u00e4nns riktigt solida genom l\u00e5da och railssytem i glasfiberf\u00f6rst\u00e4rkt komposit. Modellerna har friflytade pipa, gedigna flip-uppsikten och avtagbara greppinl\u00e4gg p\u00e5 handskyddets picatinnyskenor.GC IntermediateBest realism &amp; innovationG&amp;G:s instegsmodeller \u00e4r komponerade f\u00f6r att erbjuda maximal prestanda f\u00f6r pengarna. P\u00e5 insidan sitter en [&#8230;]","protected":false},"featured_media":17169,"template":"","meta":[],"product_brand":[],"product_cat":[400],"product_tag":[],"class_list":{"0":"post-17170","1":"product","2":"type-product","3":"status-publish","4":"has-post-thumbnail","6":"product_cat-automatkarbiner","7":"pa_brand-no-brand","9":"first","10":"outofstock","11":"sale","12":"taxable","13":"shipping-taxable","14":"purchasable","15":"product-type-simple"},"_links":{"self":[{"href":"https:\/\/ak47.nu\/en\/wp-json\/wp\/v2\/product\/17170","targetHints":{"allow":["GET"]}}],"collection":[{"href":"https:\/\/ak47.nu\/en\/wp-json\/wp\/v2\/product"}],"about":[{"href":"https:\/\/ak47.nu\/en\/wp-json\/wp\/v2\/types\/product"}],"wp:featuredmedia":[{"embeddable":true,"href":"https:\/\/ak47.nu\/en\/wp-json\/wp\/v2\/media\/17169"}],"wp:attachment":[{"href":"https:\/\/ak47.nu\/en\/wp-json\/wp\/v2\/media?parent=17170"}],"wp:term":[{"taxonomy":"product_brand","embeddable":true,"href":"https:\/\/ak47.nu\/en\/wp-json\/wp\/v2\/product_brand?post=17170"},{"taxonomy":"product_cat","embeddable":true,"href":"https:\/\/ak47.nu\/en\/wp-json\/wp\/v2\/product_cat?post=17170"},{"taxonomy":"product_tag","embeddable":true,"href":"https:\/\/ak47.nu\/en\/wp-json\/wp\/v2\/product_tag?post=17170"}],"curies":[{"name":"wp","href":"https:\/\/api.w.org\/{rel}","templated":true}]}}