{"id":17192,"date":"2022-05-05T10:13:16","date_gmt":"2022-05-05T08:13:16","guid":{"rendered":"https:\/\/ak47.nu\/produkt\/cyma-cm-522-ak47-replica-6mm-ebb-airsoft\/"},"modified":"2025-12-03T20:11:51","modified_gmt":"2025-12-03T19:11:51","slug":"cyma-cm-522-ak47-replica-6mm-ebb-airsoft","status":"publish","type":"product","link":"https:\/\/ak47.nu\/en\/product\/airsoft\/electric-driven\/automatic-carbines\/cyma-cm-522-ak47-replica-6mm-ebb-airsoft\/","title":{"rendered":"CYMA CM.522 AK47 Replica 6MM EBB Airsoft"},"content":{"rendered":"<p>Replika av en ny serie l\u00e5gbudgetgev\u00e4r, en av de mest popul\u00e4ra kinesiska tillverkarna i v\u00e4rlden &#8211; CYMA. Gev\u00e4ret erbjuder samma saker som de andra produkterna fr\u00e5n den tillverkaren (metallv\u00e4xell\u00e5da och andra mekaniska delar), men tack vare anv\u00e4ndningen av h\u00f6gkvalitativ plast ist\u00e4llet f\u00f6r element tillverkade av metall (t.ex. kaross, handskydd, sikt, lager, magasin) till\u00e5tet s\u00e4nkte priset. Nu kommer varje nyb\u00f6rjare att ha r\u00e5d att k\u00f6pa sina favoritgev\u00e4r och starta \u00e4ventyret med ASG med p\u00e5litlig kopia f\u00f6r l\u00e4gre pris.<\/p>\n<p><b>L\u00c4GGA M\u00c4RKE TILL! Replikan har ett unikt serienummer!<\/b><\/p>\n<p>Delar som anv\u00e4nds i replikens mekanism:<br \/>* metallv\u00e4xell\u00e5da<br \/>* cylinder typ 0<br \/>* f\u00f6rst\u00e4rkt kolv med en aluminiumhylsa inuti vilket resulterar i \u00f6kad sk\u00f6tkraft (st\u00f6rre kompression av fj\u00e4dern)<br \/>* f\u00f6rst\u00e4rkt nylonkolv och cylinderhuvud<br \/>* armerad st\u00e5lglidlager 7 mm<br \/>* M120 fj\u00e4der<br \/>* st\u00e5lv\u00e4xelsats<br \/>* nylonfj\u00e4derguide<\/p>\n<p>Upps\u00e4ttningen inkluderar:<br \/>* kopia med 12 m\u00e5naders garanti<br \/>* 525: e Hi-Cap-tidningen<br \/>* 8,4V 1100mAh batteri med laddare<\/p>\n<p><b>Weight:<\/b> 2155 g<br \/><b>Magazine model:<\/b> ABS<br \/><b>Bearings type:<\/b> steel sliding<br \/><b>Gearbox version:<\/b> 9 mm<br \/><b>Bearings diameter:<\/b> 7 mm<br \/><b>Magazine model:<\/b> 3-9<br \/><b>Accumulator type:<\/b> NiMH<br \/><b>Muzzle velocity:<\/b> 400 fps<br \/><b>Accumulator type:<\/b> hi-cap<br \/><b>Accumulator connector type:<\/b> small Tamiya<br \/><b>Accumulator cells type:<\/b> mini<br \/><b>Accumulator included in set:<\/b> YES<br \/><b>Diameter of Internal barrel:<\/b> 6.03 mm<br \/><b>Magazine capacity:<\/b> 525 BBs<br \/><b>Accumulator capacitance:<\/b> 1100 mAh<br \/><b>Material:<\/b> ABS, aluminum, steel<br \/><b>Color:<\/b> black<br \/><b>Length:<\/b> 875 mm<br \/><b>Accumulator voltage:<\/b> 8,4 V<br \/><b>Muzzle energy:<\/b> 1,64 J<br \/><b>Length of internal barrel:<\/b> 455 mm<br \/><b>Fire mode:<\/b> auto, single<br \/><b>Ammunition:<\/b> .25g, .23g<\/p>","protected":false},"excerpt":{"rendered":"<p>K\u00f6p CYMA CM.522 AK47 Replica 6MM EBB Airsoft &#8211; H\u00f6gkvalitativ replika f\u00f6r airsoft-spel. Perfekt f\u00f6r b\u00e5de nyb\u00f6rjare och erfarna spelare. L\u00e5ng h\u00e5llbarhet och realistisk design. Best\u00e4ll nu f\u00f6r att f\u00f6rb\u00e4ttra din airsoft-upplevelse!<\/p>","protected":false},"featured_media":17185,"template":"","meta":[],"product_brand":[],"product_cat":[400],"product_tag":[],"class_list":{"0":"post-17192","1":"product","2":"type-product","3":"status-publish","4":"has-post-thumbnail","6":"product_cat-automatkarbiner","7":"pa_brand-cyma","9":"first","10":"outofstock","11":"taxable","12":"shipping-taxable","13":"purchasable","14":"product-type-simple"},"_links":{"self":[{"href":"https:\/\/ak47.nu\/en\/wp-json\/wp\/v2\/product\/17192","targetHints":{"allow":["GET"]}}],"collection":[{"href":"https:\/\/ak47.nu\/en\/wp-json\/wp\/v2\/product"}],"about":[{"href":"https:\/\/ak47.nu\/en\/wp-json\/wp\/v2\/types\/product"}],"wp:featuredmedia":[{"embeddable":true,"href":"https:\/\/ak47.nu\/en\/wp-json\/wp\/v2\/media\/17185"}],"wp:attachment":[{"href":"https:\/\/ak47.nu\/en\/wp-json\/wp\/v2\/media?parent=17192"}],"wp:term":[{"taxonomy":"product_brand","embeddable":true,"href":"https:\/\/ak47.nu\/en\/wp-json\/wp\/v2\/product_brand?post=17192"},{"taxonomy":"product_cat","embeddable":true,"href":"https:\/\/ak47.nu\/en\/wp-json\/wp\/v2\/product_cat?post=17192"},{"taxonomy":"product_tag","embeddable":true,"href":"https:\/\/ak47.nu\/en\/wp-json\/wp\/v2\/product_tag?post=17192"}],"curies":[{"name":"wp","href":"https:\/\/api.w.org\/{rel}","templated":true}]}}