{"id":17263,"date":"2022-05-05T10:13:51","date_gmt":"2022-05-05T08:13:51","guid":{"rendered":"https:\/\/ak47.nu\/produkt\/famas-milspec-spartan-f1-evo-aeg-training-airsoft-6mm-rifle\/"},"modified":"2025-12-03T20:20:35","modified_gmt":"2025-12-03T19:20:35","slug":"famas-milspec-spartan-f1-evo-aeg-training-airsoft-6mm-rifle","status":"publish","type":"product","link":"https:\/\/ak47.nu\/en\/product\/airsoft\/electric-driven\/automatic-carbines\/famas-milspec-spartan-f1-evo-aeg-training-airsoft-6mm-rifle\/","title":{"rendered":"FAMAS &#8211; Milspec &#8211; Spartan &#8211; F1 EVO AEG Training Airsoft 6mm Rifle"},"content":{"rendered":"<p><em>1977 antog den franska arm&eacute;n FAMAS (Fusil d&#039;Assaut de la Manufacture d&#039;Armes de Saint-&Eacute;tienne) som ersatte de olika vapnen i dotation (MAS 49\/56, MAT 49 SMG och MAC 24\/29 LMG).<\/p>\n<p>Ett effektivt taktiskt vapen, l&auml;tt att anv&auml;nda och till&aring;ter anv&auml;ndning av gev&auml;rsgranater med kulf&auml;lla, FAMAS &auml;r k&auml;nt f&ouml;r sin ambidextrous arkitektur och dess h&ouml;ga eldhastighet p&aring; 1100 kulor per minut.<\/p>\n<p>FAMAS blev snabbt DET franska vapnet, producerat i Frankrike, av en fransk tillverkare, f&ouml;r den franska arm&eacute;n. Den har en ikonisk status &ouml;ver hela v&auml;rlden.<\/em><\/p>\n<p>Framtaget som tr&auml;ningsvapen f&ouml;r franska armen f&ouml;r att efterlikna orginalet s&aring; mycket som m&ouml;jligt i hantering.<br \/>*inbyggd mosfet<br \/>*sp&auml;rrad f&ouml;r 25 skott d&auml;refter m&aring;ste magasin tas ut \/ in<br \/>*bb retainer<br \/>*vikt och m&aring;tt efter orginalet<br \/>*st&auml;llbar utg&aring;ngshastighet &#8211; 100-115m\/s<br \/>*1-1,3 joule<br \/>*unikt serienummer<br \/>*3000mah batteri ing&aring;r<br \/>*extra mag ing&aring;r<br \/>*batteriladdare ing&aring;r<br \/>*grepp ing&aring;r<br \/>*batteriadapter ing&aring;r<\/p>","protected":false},"excerpt":{"rendered":"<p>K\u00f6p FAMAS Milspec Spartan F1 EVO AEG Training Airsoft 6mm Rifle online. Denna h\u00f6gkvalitativa airsoftgev\u00e4r \u00e4r perfekt f\u00f6r tr\u00e4ning och spel. Best\u00e4ll nu och f\u00e5 snabb leverans och konkurrenskraftigt pris.<\/p>","protected":false},"featured_media":17261,"template":"","meta":[],"product_brand":[],"product_cat":[400],"product_tag":[],"class_list":{"0":"post-17263","1":"product","2":"type-product","3":"status-publish","4":"has-post-thumbnail","6":"product_cat-automatkarbiner","7":"pa_brand-famas","9":"first","10":"outofstock","11":"sale","12":"taxable","13":"shipping-taxable","14":"purchasable","15":"product-type-simple"},"_links":{"self":[{"href":"https:\/\/ak47.nu\/en\/wp-json\/wp\/v2\/product\/17263","targetHints":{"allow":["GET"]}}],"collection":[{"href":"https:\/\/ak47.nu\/en\/wp-json\/wp\/v2\/product"}],"about":[{"href":"https:\/\/ak47.nu\/en\/wp-json\/wp\/v2\/types\/product"}],"wp:featuredmedia":[{"embeddable":true,"href":"https:\/\/ak47.nu\/en\/wp-json\/wp\/v2\/media\/17261"}],"wp:attachment":[{"href":"https:\/\/ak47.nu\/en\/wp-json\/wp\/v2\/media?parent=17263"}],"wp:term":[{"taxonomy":"product_brand","embeddable":true,"href":"https:\/\/ak47.nu\/en\/wp-json\/wp\/v2\/product_brand?post=17263"},{"taxonomy":"product_cat","embeddable":true,"href":"https:\/\/ak47.nu\/en\/wp-json\/wp\/v2\/product_cat?post=17263"},{"taxonomy":"product_tag","embeddable":true,"href":"https:\/\/ak47.nu\/en\/wp-json\/wp\/v2\/product_tag?post=17263"}],"curies":[{"name":"wp","href":"https:\/\/api.w.org\/{rel}","templated":true}]}}