{"id":17322,"date":"2022-05-05T10:14:15","date_gmt":"2022-05-05T08:14:15","guid":{"rendered":"https:\/\/ak47.nu\/produkt\/umarex-g36-c-fjaderdrivet-airsoft-gevar-6mm\/"},"modified":"2025-12-03T20:23:53","modified_gmt":"2025-12-03T19:23:53","slug":"umarex-g36-c-fjaderdrivet-airsoft-gevar-6mm","status":"publish","type":"product","link":"https:\/\/ak47.nu\/en\/product\/airsoft\/fed\/automatkarbiner-fjader\/umarex-g36-c-fjaderdrivet-airsoft-gevar-6mm\/","title":{"rendered":"UMAREX &#8211; G36 C &#8211; FJ\u00c4DERDRIVET AIRSOFT GEV\u00c4R 6MM"},"content":{"rendered":"<p>UMAREX &#8211; G36 C &#8211; Fj&auml;derdrivet<\/p>\n<p>H&auml;ftigt nyb&ouml;rjargev&auml;r som ser ut som en G36 fr&aring;n ber&ouml;mda Heckler och koch<\/p>\n<p>Laddas mellan varje skott med att dra tillbaka slutstycket som kan n&aring;s fr&aring;n b&aring;de v&auml;nster och h&ouml;ger.<\/p>\n<p>* frontgrepp<br \/>* ihopf&auml;llbar kolv<br \/>* r&ouml;dpunktssikte<br \/>* 2 mynningstillbeh&ouml;r<\/p>\n<p>obs. gev&auml;ret levereras med glas&ouml;gon som inte &auml;r godk&auml;nda f&ouml;r airsoftspel. observera d&auml;rf&ouml;r att inte anv&auml;nda dessa f&ouml;r s&auml;kerhets skull.<\/p>\n<p>Vikt: 2030 gram<br \/>l&auml;ngd: 716 mm<br \/>material: komposit<br \/>drivning: fj&auml;der<br \/>sikten: fast, justerbart, r&ouml;dpunkt<br \/>kilsp&aring;r: picatinny<br \/>kaliber: 6mm<br \/>Magasin: 40 skott<br \/>utg&aring;ngshastighet: 70m\/s<br \/>anslagsenergi: 0,5joule<\/p>\n<p><\/p>","protected":false},"excerpt":{"rendered":"<p>Umarex G36 C &#8211; Fj\u00e4derdrivet Airsoftgev\u00e4r 6mm f\u00f6r spel och tr\u00e4ning. K\u00f6p ditt G36 C airsoftgev\u00e4r fr\u00e5n Umarex idag och njut av h\u00f6gkvalitativt och p\u00e5litligt vapen f\u00f6r dina airsoftbehov.<\/p>","protected":false},"featured_media":17314,"template":"","meta":[],"product_brand":[],"product_cat":[420],"product_tag":[],"class_list":{"0":"post-17322","1":"product","2":"type-product","3":"status-publish","4":"has-post-thumbnail","6":"product_cat-automatkarbiner-fjader","7":"pa_brand-umarex","9":"first","10":"outofstock","11":"taxable","12":"shipping-taxable","13":"purchasable","14":"product-type-simple"},"_links":{"self":[{"href":"https:\/\/ak47.nu\/en\/wp-json\/wp\/v2\/product\/17322","targetHints":{"allow":["GET"]}}],"collection":[{"href":"https:\/\/ak47.nu\/en\/wp-json\/wp\/v2\/product"}],"about":[{"href":"https:\/\/ak47.nu\/en\/wp-json\/wp\/v2\/types\/product"}],"wp:featuredmedia":[{"embeddable":true,"href":"https:\/\/ak47.nu\/en\/wp-json\/wp\/v2\/media\/17314"}],"wp:attachment":[{"href":"https:\/\/ak47.nu\/en\/wp-json\/wp\/v2\/media?parent=17322"}],"wp:term":[{"taxonomy":"product_brand","embeddable":true,"href":"https:\/\/ak47.nu\/en\/wp-json\/wp\/v2\/product_brand?post=17322"},{"taxonomy":"product_cat","embeddable":true,"href":"https:\/\/ak47.nu\/en\/wp-json\/wp\/v2\/product_cat?post=17322"},{"taxonomy":"product_tag","embeddable":true,"href":"https:\/\/ak47.nu\/en\/wp-json\/wp\/v2\/product_tag?post=17322"}],"curies":[{"name":"wp","href":"https:\/\/api.w.org\/{rel}","templated":true}]}}