{"id":17389,"date":"2022-05-05T10:28:36","date_gmt":"2022-05-05T08:28:36","guid":{"rendered":"https:\/\/ak47.nu\/produkt\/umarex-g36-c-idz-dual-power-electric-airsoft-replica-6mm\/"},"modified":"2025-12-03T20:25:23","modified_gmt":"2025-12-03T19:25:23","slug":"umarex-g36-c-idz-dual-power-electric-airsoft-replica-6mm","status":"publish","type":"product","link":"https:\/\/ak47.nu\/en\/product\/airsoft\/electric-driven\/automatic-carbines\/umarex-g36-c-idz-dual-power-electric-airsoft-replica-6mm\/","title":{"rendered":"Umarex &#8211; G36 C IDZ &#8211; Dual Power &#8211; Electric &#8211; Airsoft Replica 6mm"},"content":{"rendered":"<p>Heckler &amp; Koch G36 C IDZ Assault Rifle Replica<\/p>\n<p>En licensierad HK G36 C-replika fr&aring;n IDZ-serien. Repliken gjordes av en h&aring;llbar polymer av h&ouml;g kvalitet. Metalldelar inkluderar sm&aring; f&ouml;rem&aring;l som avtryckare eller monteringsstift.<\/p>\n<p>H&ouml;gkvalitativt material som anv&auml;nds garanterar produktens h&ouml;ga h&aring;llbarhet och tack vare licensen fr&aring;n tyska Heckler &amp; Koch GmbH, en tillverkare av levande skjutvapen, g&ouml;r det m&ouml;jligt f&ouml;r anv&auml;ndaren att festa sina &ouml;gon med originalmarkeringar p&aring; kopian. N&auml;sta generations lager &auml;r reglerat i l&auml;ngd och har en reglerad kindkudde.<\/p>\n<p>Karbinen &auml;r utrustad med en l&aring;ng, 22 mm, topp RIS-monteringsskena, som m&ouml;jligg&ouml;r fasts&auml;ttning av olika optiska sev&auml;rdheter. Handskyddet har 3 22 mm RIS-monteringsskenor. Batteriet lagras inuti handskyddet &#8211; som enkelt kan tas is&auml;r genom att ta bort en enda monteringsstift.<\/p>\n<p>Repliken har ett innovativt kraftsystem. Replikens hj&auml;rta &auml;r en elektrisk GB tillverkad av h&aring;llbar polymer. Men om det beh&ouml;vs kan repliken bli en replik f&ouml;r v&aring;ren! Man beh&ouml;ver bara dra i sp&auml;nnhandtaget f&ouml;re varje skott.<\/p>\n<p>Satsen inneh&aring;ller:<\/p>\n<p>&#8211; En replika<\/p>\n<p>&#8211; Ett magasin<\/p>\n<p>&#8211; Ett batteri<\/p>\n<p>&#8211; En laddare<\/p>\n<p>&#8211; Ett paket BBS<\/p>\n<p>&#8211; En manual<\/p>\n<p>Vikt1894 g<br \/>Totall&auml;ngd745 mm<br \/>Drivning El \/ fj&auml;der<br \/>Kilsp&aring;rPicatinny<br \/>Kaliber6 BB mm<br \/>Magasinkapacitet400 skott<br \/>Utg&aring;ngshastighet 0,20g70 m\/s<br \/>Anslagsenergi0,5 J<br \/>EldalternativSemi &amp; Full Auto<br \/>RecieverKomposit<br \/>BlowbackJa, Elektrisk<br \/>Justbar Hop UpJa<br \/>Batteri-sp&auml;nning7,2 V<\/p>","protected":false},"excerpt":{"rendered":"<p>K\u00f6p Umarex G36 C IDZ Dual Power Electric Airsoft Replica 6mm online &#8211; b\u00e4sta priser och kvalitet. Perfekt f\u00f6r airsoft-entusiaster.<\/p>","protected":false},"featured_media":17384,"template":"","meta":[],"product_brand":[],"product_cat":[400],"product_tag":[],"class_list":{"0":"post-17389","1":"product","2":"type-product","3":"status-publish","4":"has-post-thumbnail","6":"product_cat-automatkarbiner","7":"pa_brand-umarex","8":"pa_farg-svart","10":"first","11":"outofstock","12":"sale","13":"taxable","14":"shipping-taxable","15":"purchasable","16":"product-type-simple"},"_links":{"self":[{"href":"https:\/\/ak47.nu\/en\/wp-json\/wp\/v2\/product\/17389","targetHints":{"allow":["GET"]}}],"collection":[{"href":"https:\/\/ak47.nu\/en\/wp-json\/wp\/v2\/product"}],"about":[{"href":"https:\/\/ak47.nu\/en\/wp-json\/wp\/v2\/types\/product"}],"wp:featuredmedia":[{"embeddable":true,"href":"https:\/\/ak47.nu\/en\/wp-json\/wp\/v2\/media\/17384"}],"wp:attachment":[{"href":"https:\/\/ak47.nu\/en\/wp-json\/wp\/v2\/media?parent=17389"}],"wp:term":[{"taxonomy":"product_brand","embeddable":true,"href":"https:\/\/ak47.nu\/en\/wp-json\/wp\/v2\/product_brand?post=17389"},{"taxonomy":"product_cat","embeddable":true,"href":"https:\/\/ak47.nu\/en\/wp-json\/wp\/v2\/product_cat?post=17389"},{"taxonomy":"product_tag","embeddable":true,"href":"https:\/\/ak47.nu\/en\/wp-json\/wp\/v2\/product_tag?post=17389"}],"curies":[{"name":"wp","href":"https:\/\/api.w.org\/{rel}","templated":true}]}}