{"id":17456,"date":"2022-05-05T14:44:56","date_gmt":"2022-05-05T12:44:56","guid":{"rendered":"https:\/\/ak47.nu\/produkt\/swiss-arms-p1911-match-co2-45mm-luftpistol-nbb\/"},"modified":"2025-12-03T20:25:39","modified_gmt":"2025-12-03T19:25:39","slug":"swiss-arms-p1911-match-co2-45mm-luftpistol-nbb","status":"publish","type":"product","link":"https:\/\/ak47.nu\/en\/product\/luftvapen\/co2-airguns\/the-co2-airguns\/swiss-arms-p1911-match-co2-45mm-luftpistol-nbb\/","title":{"rendered":"Swiss Arms &#8211; P1911 MATCH &#8211; co2 &#8211; 4,5mm &#8211; Luftpistol &#8211; NBB"},"content":{"rendered":"<p>Swiss Arms vapen passar perfekt till den stereotyp som vi alla har av saker schweiziska, eftersom precision och kvalitet &auml;r f&ouml;retagets grundl&auml;ggande v&auml;rden. Alla f&ouml;retagets produkter har utformats f&ouml;r att optimera prestanda, vilket &auml;r fallet f&ouml;r alla tillbeh&ouml;r.<\/p>\n<p>Idag betraktas Swiss Arms ofta som det f&ouml;retag med de mest presterande vapnen och det bredaste utbudet av tillbeh&ouml;r p&aring; marknaden.<\/p>\n<p>Denna semi-automatiska Co2 replikan &auml;r en av Swiss Arms versioner av den legendariska 1911-pistolen. Denna pistol skjuter 4,5 mm pellets med en energi p&aring; 2,2 J och har en magasinkapacitet p&aring; 20 pellets. Den har ocks&aring; en Picatinnyr&auml;ls under pipan, vilket g&ouml;r det m&ouml;jligt att f&auml;sta tillbeh&ouml;r som exempelvis en lampa. R&auml;lsen &auml;r gjord av polymer, vilket &ouml;kar replikans realism och h&aring;llbarhet<\/p>\n<p>M&auml;rke: Swiss Arms<br \/>F&auml;rg: Svart<br \/>Kaliber: 4.5mm<br \/>Drivsystem: CO2<br \/>Vikt: 650g<br \/>FPS (0,20gr): 361<br \/>L&auml;gen: Safe, Semi auto<br \/>Material: Metall, polymer<br \/>L&auml;ngd: 229mm<br \/>Magasin kapacitet (St&aring;lrundkulor): 20<\/p>","protected":false},"excerpt":{"rendered":"<p>K\u00f6p Swiss Arms P1911 MATCH co2 4,5mm luftpistol NBB online. Perfekt f\u00f6r precisionsskytte och t\u00e4vlingar. H\u00f6gkvalitativt vapen med realistisk k\u00e4nsla och h\u00f6g precision. Best\u00e4ll idag f\u00f6r snabb leverans.<\/p>","protected":false},"featured_media":17455,"template":"","meta":[],"product_brand":[],"product_cat":[432],"product_tag":[],"class_list":{"0":"post-17456","1":"product","2":"type-product","3":"status-publish","4":"has-post-thumbnail","6":"product_cat-pistoler-co2-airguns","7":"pa_brand-swiss-arms","9":"first","10":"outofstock","11":"taxable","12":"shipping-taxable","13":"purchasable","14":"product-type-simple"},"_links":{"self":[{"href":"https:\/\/ak47.nu\/en\/wp-json\/wp\/v2\/product\/17456","targetHints":{"allow":["GET"]}}],"collection":[{"href":"https:\/\/ak47.nu\/en\/wp-json\/wp\/v2\/product"}],"about":[{"href":"https:\/\/ak47.nu\/en\/wp-json\/wp\/v2\/types\/product"}],"wp:featuredmedia":[{"embeddable":true,"href":"https:\/\/ak47.nu\/en\/wp-json\/wp\/v2\/media\/17455"}],"wp:attachment":[{"href":"https:\/\/ak47.nu\/en\/wp-json\/wp\/v2\/media?parent=17456"}],"wp:term":[{"taxonomy":"product_brand","embeddable":true,"href":"https:\/\/ak47.nu\/en\/wp-json\/wp\/v2\/product_brand?post=17456"},{"taxonomy":"product_cat","embeddable":true,"href":"https:\/\/ak47.nu\/en\/wp-json\/wp\/v2\/product_cat?post=17456"},{"taxonomy":"product_tag","embeddable":true,"href":"https:\/\/ak47.nu\/en\/wp-json\/wp\/v2\/product_tag?post=17456"}],"curies":[{"name":"wp","href":"https:\/\/api.w.org\/{rel}","templated":true}]}}