{"id":17462,"date":"2022-05-05T14:45:01","date_gmt":"2022-05-05T12:45:01","guid":{"rendered":"https:\/\/ak47.nu\/produkt\/gletcher-m712-mauser-96-broomhandle-full-auto-bb-airgun-co2-4-5mm-replica\/"},"modified":"2025-12-03T20:08:33","modified_gmt":"2025-12-03T19:08:33","slug":"gletcher-m712-mauser-96-broomhandle-full-auto-bb-airgun-co2-4-5mm-replica","status":"publish","type":"product","link":"https:\/\/ak47.nu\/en\/product\/luftvapen\/co2-airguns\/the-co2-airguns\/gletcher-m712-mauser-96-broomhandle-full-auto-bb-airgun-co2-4-5mm-replica\/","title":{"rendered":"Gletcher M712 Mauser 96 &#8221;broomhandle&#8221; Full auto BB Airgun CO2 4.5mm replica"},"content":{"rendered":"<p>M712<br \/>A true Classic<br \/>&#8221;The Gletcher M712 implements the main highlights of the authentic 1932 model, including full auto mode, which is rather rare in air guns. The M712 also preserves the historic characteristics of the original thanks to a breech mechanism that moves when firing and a Blowback system.&#8221;<br \/>Reproduction of the original Breech Mechanism<br \/>Original breech lever: This is one of the main distinguishing features of this gun. Gletcher carefully reproduced the visual and mechanical characteristics of this component.<br \/>A true Classic<br \/>This is one of the first handguns in the world which had full auto mode. It is a substantial handgun with a large capacity magazine and it quickly became an iconic weapon used by military forces throughout the world. Even today, this pistol remains one of the most fascinating and famous firearms in history. The Gletcher M712 implements the main highlights of the authentic 1932 model, including full auto mode, which is rather rare in air guns.<br \/>Blowback system<br \/>Not everyone has the opportunity to shoot an original gun from the end of the twentieth century. It is for this reason that we create our own guns, meticulusly giving them historical features. Appearance, detail, and an operational blowback system are carefully crafted to exactly match the original.<br \/>Utilized in all the wars of the twentieth century<br \/>Thanks to its unmatched range and capability of full auto mode (some models), this gun was extremely popular worldwide. This gun was Winston Churchill&#8217;s weapon of choice during the Boer Wars and it was also issued to German &#8221;Luftwaffe&#8221; pilots during World War II.<br \/>Mag Capacity: 18 bb&#8217;s<br \/>Weight: 1540 gram<br \/>Length: 305 mm<br \/>Average velocity : 100 m \/s<br \/>Power output : &lt; 3 Joule<br \/>Body material: Metal<br \/>Slide material: Metal<br \/>Grip material: wood<br \/>Driven by: CO2 12gr (not included)<br \/>Other: full blowback, full auto.possible to fieldstrip<\/p>","protected":false},"excerpt":{"rendered":"<p>Gletcher M712 Mauser 96 &#8221;broomhandle&#8221; \u00e4r en fullautomatisk BB Airgun co2-replika i skala 4.5mm. Perfekt f\u00f6r samlare och entusiaster som vill ha en autentisk och kraftfull luftgev\u00e4r. K\u00f6p din egen replika idag och njut av en realistisk och sp\u00e4nnande skjutupplevelse.<\/p>","protected":false},"featured_media":17457,"template":"","meta":[],"product_brand":[],"product_cat":[432],"product_tag":[],"class_list":{"0":"post-17462","1":"product","2":"type-product","3":"status-publish","4":"has-post-thumbnail","6":"product_cat-pistoler-co2-airguns","7":"pa_brand-gletcher","9":"first","10":"outofstock","11":"sale","12":"taxable","13":"shipping-taxable","14":"purchasable","15":"product-type-simple"},"_links":{"self":[{"href":"https:\/\/ak47.nu\/en\/wp-json\/wp\/v2\/product\/17462","targetHints":{"allow":["GET"]}}],"collection":[{"href":"https:\/\/ak47.nu\/en\/wp-json\/wp\/v2\/product"}],"about":[{"href":"https:\/\/ak47.nu\/en\/wp-json\/wp\/v2\/types\/product"}],"wp:featuredmedia":[{"embeddable":true,"href":"https:\/\/ak47.nu\/en\/wp-json\/wp\/v2\/media\/17457"}],"wp:attachment":[{"href":"https:\/\/ak47.nu\/en\/wp-json\/wp\/v2\/media?parent=17462"}],"wp:term":[{"taxonomy":"product_brand","embeddable":true,"href":"https:\/\/ak47.nu\/en\/wp-json\/wp\/v2\/product_brand?post=17462"},{"taxonomy":"product_cat","embeddable":true,"href":"https:\/\/ak47.nu\/en\/wp-json\/wp\/v2\/product_cat?post=17462"},{"taxonomy":"product_tag","embeddable":true,"href":"https:\/\/ak47.nu\/en\/wp-json\/wp\/v2\/product_tag?post=17462"}],"curies":[{"name":"wp","href":"https:\/\/api.w.org\/{rel}","templated":true}]}}