{"id":17477,"date":"2022-05-05T14:45:22","date_gmt":"2022-05-05T12:45:22","guid":{"rendered":"https:\/\/ak47.nu\/produkt\/swiss-arms-sa-p92-co2-45mm-luftpistol-nbb\/"},"modified":"2025-12-03T20:24:42","modified_gmt":"2025-12-03T19:24:42","slug":"swiss-arms-sa-p92-co2-45mm-luftpistol-nbb","status":"publish","type":"product","link":"https:\/\/ak47.nu\/en\/product\/luftvapen\/co2-airguns\/the-co2-airguns\/swiss-arms-sa-p92-co2-45mm-luftpistol-nbb\/","title":{"rendered":"Swiss Arms &#8211; SA P92 &#8211; co2 &#8211; 4,5mm &#8211; luftpistol &#8211; nbb"},"content":{"rendered":"<p>Swiss Arms SA P92<\/p>\n<p>Enkel men p&aring;litlig och ekonomisk luftpistol av slagt&aring;lig nylon<\/p>\n<p>Modell &nbsp; &nbsp;PT92 BLACK<br \/>Kaliber 4,5 mm St&aring;ltundkula<br \/>Drivsystem CO2<br \/>S&auml;kring YES<br \/>Anslagsernergi 2,11 J<br \/>Utg&aring;ngshastighet 110 m\/s<br \/>Vikt ca 400g<br \/>Totall&auml;ngd 217mm<br \/>Materail Nylonfiber<br \/>Magasinkapacitet 15rds<\/p>","protected":false},"excerpt":{"rendered":"<p>K\u00f6p Swiss Arms SA P92 4,5mm luftpistol med co2-teknik &#8211; NBB. H\u00f6gkvalitativ och p\u00e5litlig luftpistol f\u00f6r skjutning och tr\u00e4ning. Best\u00e4ll nu f\u00f6r snabb leverans!<\/p>","protected":false},"featured_media":17475,"template":"","meta":[],"product_brand":[],"product_cat":[432],"product_tag":[],"class_list":{"0":"post-17477","1":"product","2":"type-product","3":"status-publish","4":"has-post-thumbnail","6":"product_cat-pistoler-co2-airguns","7":"pa_brand-swiss-arms","9":"first","10":"outofstock","11":"taxable","12":"shipping-taxable","13":"purchasable","14":"product-type-simple"},"_links":{"self":[{"href":"https:\/\/ak47.nu\/en\/wp-json\/wp\/v2\/product\/17477","targetHints":{"allow":["GET"]}}],"collection":[{"href":"https:\/\/ak47.nu\/en\/wp-json\/wp\/v2\/product"}],"about":[{"href":"https:\/\/ak47.nu\/en\/wp-json\/wp\/v2\/types\/product"}],"wp:featuredmedia":[{"embeddable":true,"href":"https:\/\/ak47.nu\/en\/wp-json\/wp\/v2\/media\/17475"}],"wp:attachment":[{"href":"https:\/\/ak47.nu\/en\/wp-json\/wp\/v2\/media?parent=17477"}],"wp:term":[{"taxonomy":"product_brand","embeddable":true,"href":"https:\/\/ak47.nu\/en\/wp-json\/wp\/v2\/product_brand?post=17477"},{"taxonomy":"product_cat","embeddable":true,"href":"https:\/\/ak47.nu\/en\/wp-json\/wp\/v2\/product_cat?post=17477"},{"taxonomy":"product_tag","embeddable":true,"href":"https:\/\/ak47.nu\/en\/wp-json\/wp\/v2\/product_tag?post=17477"}],"curies":[{"name":"wp","href":"https:\/\/api.w.org\/{rel}","templated":true}]}}