{"id":17547,"date":"2022-05-05T14:46:11","date_gmt":"2022-05-05T12:46:11","guid":{"rendered":"https:\/\/ak47.nu\/produkt\/swiss-arms-seventies-1911-replika-luftpistol-blowback-co2-4-5mm\/"},"modified":"2026-04-06T23:57:38","modified_gmt":"2026-04-06T21:57:38","slug":"swiss-arms-seventies-1911-replica-air-pistol","status":"publish","type":"product","link":"https:\/\/ak47.nu\/en\/product\/luftvapen\/co2-airguns\/the-co2-airguns\/swiss-arms-seventies-1911-replica-air-pistol\/","title":{"rendered":"Swiss Arms 1911 Replica Blowback Air Pistol"},"content":{"rendered":"<h1>Swiss Arms - Seventies 1911 - Replica Air Pistol - Blowback - co2 - 4.5mm<\/h1>\n<h2>Swiss Precision in a Replica Format<\/h2>\n<p>Swiss Arms is known for its precision and quality, reflected in this well-made replica of the famous 1911 pistol. Designed for optimal performance, this air pistol delivers an authentic shooting experience. Swiss Arms products are designed to optimize performance and this air pistol is no exception.<\/p>\n<h3>Authentic Design and Function<\/h3>\n<p>This replica features a moving slide, a slim magazine, and the ability to field strip, enhancing realism and user experience. Licensed by Swiss Arms, high quality and accuracy are guaranteed.<\/p>\n<ul>\n <li><strong>Moving Slide:<\/strong> Provides a realistic blowback effect.<\/li>\n <li><strong>Slim Magazine:<\/strong> Smooth handling and realistic feel.<\/li>\n <li><strong>Field Stripping:<\/strong> Ability to disassemble and clean the pistol.<\/li>\n<\/ul>\n<h3>Technical Specifications<\/h3>\n<p>The Swiss Arms Seventies 1911 delivers a speed of 314 FPS with 0.20g pellets and has a power of 1.6 Joules.<\/p>\n<ul>\n <li>Caliber: 4.5 mm<\/li>\n <li>Propulsion: CO2 GAZ<\/li>\n <li>Speed: 314 FPS (with 0.20g pellets)<\/li>\n <li>Power: 1.6 Joules<\/li>\n <li>Color: Stainless Steel<\/li>\n<\/ul>\n<p>Experience the classic 1911 design with modern airgun technology. <a href=\"https:\/\/ak47.nu\/en\/shop-2\/\">Explore our range of air pistols<\/a> to find more options to suit your needs. Also, visit our <a href=\"https:\/\/ak47.nu\/en\/luftvapen\/co2-airguns\/\">Swiss Arms product category<\/a> to see other high-quality products. For more information about Swiss Arms and their commitment to quality, visit our <a href=\"https:\/\/ak47.nu\/en\/\">website<\/a>.<\/p>","protected":false},"excerpt":{"rendered":"<p>Swiss Arms Seventies 1911 \u00e4r en h\u00f6gkvalitativ replika luftpistol med blowback och co2-drift. Pistolen \u00e4r utformad som en exakt kopia av den popul\u00e4ra modellen fr\u00e5n 1970-talet och skjuter 4,5 mm st\u00e5lrundkulor. Uppt\u00e4ck denna autentiska och imponerande luftpistol fr\u00e5n Swiss Arms idag.<\/p>","protected":false},"featured_media":17545,"template":"","meta":[],"product_brand":[],"product_cat":[432],"product_tag":[],"class_list":{"0":"post-17547","1":"product","2":"type-product","3":"status-publish","4":"has-post-thumbnail","6":"product_cat-pistoler-co2-airguns","7":"pa_brand-swiss-arms","8":"pa_farg-gra","10":"first","11":"instock","12":"sale","13":"taxable","14":"shipping-taxable","15":"purchasable","16":"product-type-simple"},"_links":{"self":[{"href":"https:\/\/ak47.nu\/en\/wp-json\/wp\/v2\/product\/17547","targetHints":{"allow":["GET"]}}],"collection":[{"href":"https:\/\/ak47.nu\/en\/wp-json\/wp\/v2\/product"}],"about":[{"href":"https:\/\/ak47.nu\/en\/wp-json\/wp\/v2\/types\/product"}],"wp:featuredmedia":[{"embeddable":true,"href":"https:\/\/ak47.nu\/en\/wp-json\/wp\/v2\/media\/17545"}],"wp:attachment":[{"href":"https:\/\/ak47.nu\/en\/wp-json\/wp\/v2\/media?parent=17547"}],"wp:term":[{"taxonomy":"product_brand","embeddable":true,"href":"https:\/\/ak47.nu\/en\/wp-json\/wp\/v2\/product_brand?post=17547"},{"taxonomy":"product_cat","embeddable":true,"href":"https:\/\/ak47.nu\/en\/wp-json\/wp\/v2\/product_cat?post=17547"},{"taxonomy":"product_tag","embeddable":true,"href":"https:\/\/ak47.nu\/en\/wp-json\/wp\/v2\/product_tag?post=17547"}],"curies":[{"name":"wp","href":"https:\/\/api.w.org\/{rel}","templated":true}]}}