{"id":17614,"date":"2022-05-05T14:46:47","date_gmt":"2022-05-05T12:46:47","guid":{"rendered":"https:\/\/ak47.nu\/produkt\/gletcher-tt-p-airgun-4-5mm-co2-nbb\/"},"modified":"2025-12-03T20:08:27","modified_gmt":"2025-12-03T19:08:27","slug":"gletcher-tt-p-airgun-4-5mm-co2-nbb","status":"publish","type":"product","link":"https:\/\/ak47.nu\/en\/product\/luftvapen\/co2-airguns\/the-co2-airguns\/gletcher-tt-p-airgun-4-5mm-co2-nbb\/","title":{"rendered":"Gletcher TT-P Airgun 4.5mm co2 NBB"},"content":{"rendered":"<p><b>Gletcher Airgun 4.5mm Soviet Replica<\/b><\/p>\n<p>The most famous Soviet World War II era gun. For a long time the original model and its variations were used in the Soviet Army as well as a number countries in the socialist camp. Due to its simplicity, power, and precision, this model won the admiration of soldiers and became truly legendary.<\/p>\n<p><b>Firemode:<\/b> safe and semi, double action only.<br \/><b>Weight:<\/b> 389 g<br \/><b>mag cap:<\/b> 15 steel 4.5mm bb<br \/><b>lenght:<\/b> 195 mm<br \/><b>power:<\/b> &lt; 3joule<br \/><b>power source:<\/b> co2 12g (not included)<br \/><b>avarage velocity:<\/b> 120m\/s<br \/><b>Body material:<\/b> Plastic<br \/><b>grip material:<\/b> plastic<br \/><b>Slide material:<\/b> plastic<br \/><b>other info:<\/b> fixed slide, removable mag. co2 cart in grip.<\/p>\n<p><b>Please mind that airguns are a great source of enjoyment for recreational target shooting and collectors alike. All airguns are to be threated with respect and can cause injury if handled careless. Responsible handled its harmless and safe and a perfect source of a lot of fun.<\/b><\/p>","protected":false},"excerpt":{"rendered":"<p>Gletcher TT-P AIRGUN 4.5mm co2 NBB \u00e4r en kraftfull och p\u00e5litlig luftpistol med co2-drift. Den \u00e4r utrustad med en 4.5mm kaliber och har en Non-Blowback (NBB) funktion f\u00f6r \u00f6kad precision och effektivitet. Denna luftpistol \u00e4r perfekt f\u00f6r b\u00e5de nyb\u00f6rjare och erfarna skyttar och \u00e4r idealisk f\u00f6r tr\u00e4ning och rekreation. K\u00f6p Gletcher TT-P AIRGUN 4.5mm co2 NBB idag och njut av en fantastisk skjutupplevelse.<\/p>","protected":false},"featured_media":17605,"template":"","meta":[],"product_brand":[],"product_cat":[432],"product_tag":[],"class_list":{"0":"post-17614","1":"product","2":"type-product","3":"status-publish","4":"has-post-thumbnail","6":"product_cat-pistoler-co2-airguns","7":"pa_brand-gletcher","9":"first","10":"outofstock","11":"sale","12":"taxable","13":"shipping-taxable","14":"purchasable","15":"product-type-simple"},"_links":{"self":[{"href":"https:\/\/ak47.nu\/en\/wp-json\/wp\/v2\/product\/17614","targetHints":{"allow":["GET"]}}],"collection":[{"href":"https:\/\/ak47.nu\/en\/wp-json\/wp\/v2\/product"}],"about":[{"href":"https:\/\/ak47.nu\/en\/wp-json\/wp\/v2\/types\/product"}],"wp:featuredmedia":[{"embeddable":true,"href":"https:\/\/ak47.nu\/en\/wp-json\/wp\/v2\/media\/17605"}],"wp:attachment":[{"href":"https:\/\/ak47.nu\/en\/wp-json\/wp\/v2\/media?parent=17614"}],"wp:term":[{"taxonomy":"product_brand","embeddable":true,"href":"https:\/\/ak47.nu\/en\/wp-json\/wp\/v2\/product_brand?post=17614"},{"taxonomy":"product_cat","embeddable":true,"href":"https:\/\/ak47.nu\/en\/wp-json\/wp\/v2\/product_cat?post=17614"},{"taxonomy":"product_tag","embeddable":true,"href":"https:\/\/ak47.nu\/en\/wp-json\/wp\/v2\/product_tag?post=17614"}],"curies":[{"name":"wp","href":"https:\/\/api.w.org\/{rel}","templated":true}]}}