{"id":17686,"date":"2022-05-05T14:47:27","date_gmt":"2022-05-05T12:47:27","guid":{"rendered":"https:\/\/ak47.nu\/produkt\/sig-sauer-p320-m17-co2-pellet-airgun-full-metal-and-blowback\/"},"modified":"2025-12-03T19:48:37","modified_gmt":"2025-12-03T18:48:37","slug":"sig-sauer-p320-m17-co2-pellet-airgun-full-metal-and-blowback","status":"publish","type":"product","link":"https:\/\/ak47.nu\/en\/product\/luftvapen\/co2-airguns\/the-co2-airguns\/sig-sauer-p320-m17-co2-pellet-airgun-full-metal-and-blowback\/","title":{"rendered":"Sig Sauer P320-M17 CO2 Pellet airgun full metal and blowback"},"content":{"rendered":"<p>Sig Sauer P320-M17 ASP 4,5mm, Coyote tan<br \/>Identisk replika av U.S. Army P320-M17. Perfekt f\u00f6r \u00f6vningsskytte, likv\u00e4l som prickskytte. Skjuter diabolokulor.<\/p>\n<p>Egenskaper<br \/>Blowback<br \/>Metall slide<br \/>Field stripes<\/p>\n<p>Specifikationer<br \/>Vikt: 975 g<br \/>Totall\u00e4ngd: 203 mm<br \/>Drivning: CO2<br \/>Kaliber: 4,5mm<br \/>Magasinkapacitet: 20 skott<br \/>Utg\u00e5ngshastighet diabol: 131 m\/s<\/p>","protected":false},"excerpt":{"rendered":"<p>K\u00f6p SIG SAUER P320-M17 CO2 Pellet luftgev\u00e4r med full metall och blowback f\u00f6r en autentisk och realistisk skjutupplevelse. Perfekt f\u00f6r tr\u00e4ning eller rekreation. Best\u00e4ll idag och njut av h\u00f6g kvalitet och precision.<\/p>","protected":false},"featured_media":17683,"template":"","meta":[],"product_brand":[],"product_cat":[432],"product_tag":[],"class_list":{"0":"post-17686","1":"product","2":"type-product","3":"status-publish","4":"has-post-thumbnail","6":"product_cat-pistoler-co2-airguns","7":"pa_brand-sig-sauer","9":"first","10":"outofstock","11":"taxable","12":"shipping-taxable","13":"purchasable","14":"product-type-simple"},"_links":{"self":[{"href":"https:\/\/ak47.nu\/en\/wp-json\/wp\/v2\/product\/17686","targetHints":{"allow":["GET"]}}],"collection":[{"href":"https:\/\/ak47.nu\/en\/wp-json\/wp\/v2\/product"}],"about":[{"href":"https:\/\/ak47.nu\/en\/wp-json\/wp\/v2\/types\/product"}],"wp:featuredmedia":[{"embeddable":true,"href":"https:\/\/ak47.nu\/en\/wp-json\/wp\/v2\/media\/17683"}],"wp:attachment":[{"href":"https:\/\/ak47.nu\/en\/wp-json\/wp\/v2\/media?parent=17686"}],"wp:term":[{"taxonomy":"product_brand","embeddable":true,"href":"https:\/\/ak47.nu\/en\/wp-json\/wp\/v2\/product_brand?post=17686"},{"taxonomy":"product_cat","embeddable":true,"href":"https:\/\/ak47.nu\/en\/wp-json\/wp\/v2\/product_cat?post=17686"},{"taxonomy":"product_tag","embeddable":true,"href":"https:\/\/ak47.nu\/en\/wp-json\/wp\/v2\/product_tag?post=17686"}],"curies":[{"name":"wp","href":"https:\/\/api.w.org\/{rel}","templated":true}]}}