{"id":17713,"date":"2022-05-05T14:47:40","date_gmt":"2022-05-05T12:47:40","guid":{"rendered":"https:\/\/ak47.nu\/produkt\/umarex-smith-wesson-327-trr8-silver-co2-airgun-4-5mm\/"},"modified":"2025-12-03T19:48:30","modified_gmt":"2025-12-03T18:48:30","slug":"umarex-smith-wesson-327-trr8-silver-co2-airgun-4-5mm","status":"publish","type":"product","link":"https:\/\/ak47.nu\/en\/product\/luftvapen\/co2-airguns\/revolvrar-co2-airguns\/umarex-smith-wesson-327-trr8-silver-co2-airgun-4-5mm\/","title":{"rendered":"Umarex Smith &amp; Wesson 327 TRR8 Silver Co2 airgun 4.5mm"},"content":{"rendered":"<p>Smith and Wesson 327 TRR8 Silver<\/p>\n<p>Tung och realistisk revolver med kraftfull kolsyredrift. TRR8 \u00e4r tillverkad n\u00e4stan helt i metall och har en autentisk laddningsman\u00f6ver och riktmedel med fiberoptik<\/p>\n<p>Egenskaper<br \/>Full Metal<br \/>Picatinnybas under pipan f\u00f6r tillbeh\u00f6r<br \/>Picatinnybas p\u00e5 pipan f\u00f6r siktesmontage<br \/>Magasintrumman laddas med 6st &#8221;patroner&#8221;. Varje patron rymmer en st\u00e5lrundkula<br \/>Med den medf\u00f6ljande snabbladdaren matar man blixtsnabbt in 6st nya patroner i trumman<\/p>\n<p>Specifikationer<br \/>Vikt: 930 g<br \/>Totall\u00e4ngd: 300 mm<br \/>Konstruktion: Metall<br \/>Drivning: Co2<br \/>Mekanism: Revolver<br \/>Piptyp: Sl\u00e4tborrad<br \/>Pipl\u00e4ngd: 138 mm<br \/>Kilsp\u00e5r: Picatinny<br \/>Magasinkapacitet: 6 skott<br \/>Anslagsenergi: 3,4 J<br \/>Extra magasin: 2132<br \/>Extra magasin ing\u00e5r: Nej<br \/>Manual: Ja, Engelsk<br \/>Avtryck: SA\/DA<br \/>Pipl\u00e4ngd: 7,9 &#8221;<br \/>Utg\u00e5ngshastighet BB: 120 m\/s<br \/>Kaliber st\u00e5lrundkulor: 4,5 (.177) Steel BB mm<\/p>","protected":false},"excerpt":{"rendered":"<p>Smith and Wesson 327 TRR8 Silver Tung och realistisk revolver med kraftfull kolsyredrift. TRR8 \u00e4r tillverkad n\u00e4stan helt i metall och har en autentisk laddningsman\u00f6ver och riktmedel med fiberoptik EgenskaperFull MetalPicatinnybas under pipan f\u00f6r tillbeh\u00f6rPicatinnybas p\u00e5 pipan f\u00f6r siktesmontageMagasintrumman laddas med 6st &#8221;patroner&#8221;. Varje patron rymmer en st\u00e5lrundkulaMed den medf\u00f6ljande snabbladdaren matar man blixtsnabbt in [&#8230;]","protected":false},"featured_media":17706,"template":"","meta":[],"product_brand":[],"product_cat":[433],"product_tag":[],"class_list":{"0":"post-17713","1":"product","2":"type-product","3":"status-publish","4":"has-post-thumbnail","6":"product_cat-revolvrar-co2-airguns","7":"pa_brand-umarex","9":"first","10":"outofstock","11":"sale","12":"taxable","13":"shipping-taxable","14":"purchasable","15":"product-type-simple"},"_links":{"self":[{"href":"https:\/\/ak47.nu\/en\/wp-json\/wp\/v2\/product\/17713","targetHints":{"allow":["GET"]}}],"collection":[{"href":"https:\/\/ak47.nu\/en\/wp-json\/wp\/v2\/product"}],"about":[{"href":"https:\/\/ak47.nu\/en\/wp-json\/wp\/v2\/types\/product"}],"wp:featuredmedia":[{"embeddable":true,"href":"https:\/\/ak47.nu\/en\/wp-json\/wp\/v2\/media\/17706"}],"wp:attachment":[{"href":"https:\/\/ak47.nu\/en\/wp-json\/wp\/v2\/media?parent=17713"}],"wp:term":[{"taxonomy":"product_brand","embeddable":true,"href":"https:\/\/ak47.nu\/en\/wp-json\/wp\/v2\/product_brand?post=17713"},{"taxonomy":"product_cat","embeddable":true,"href":"https:\/\/ak47.nu\/en\/wp-json\/wp\/v2\/product_cat?post=17713"},{"taxonomy":"product_tag","embeddable":true,"href":"https:\/\/ak47.nu\/en\/wp-json\/wp\/v2\/product_tag?post=17713"}],"curies":[{"name":"wp","href":"https:\/\/api.w.org\/{rel}","templated":true}]}}