{"id":17776,"date":"2022-05-05T14:49:34","date_gmt":"2022-05-05T12:49:34","guid":{"rendered":"https:\/\/ak47.nu\/produkt\/norica-combo-dead-eye-grs-camo-luftgevar-10-j-4-5mm\/"},"modified":"2025-08-21T11:23:01","modified_gmt":"2025-08-21T09:23:01","slug":"norica-dead-eye-grs-camo-air-rifle-4-5mm","status":"publish","type":"product","link":"https:\/\/ak47.nu\/en\/product\/luftvapen\/break-pipe\/gevar-breaking\/norica-dead-eye-grs-camo-air-rifle-4-5mm\/","title":{"rendered":"Norica Dead Eye GRS Camo Air Rifle 4.5mm | 10J"},"content":{"rendered":"<h1>Norica - Combo Dead Eye GRS Camo - Air Rifle - 10 J - 4.5MM<\/h1>\n<h2>Tactical Design and Adjustability in Focus<\/h2>\n<p>The Norica Combo Dead Eye GRS Camo air rifle combines the latest technology with a tactical synthetic stock, offering both performance and adaptability. Please note that scope is NOT included. This model is equipped with an adjustable cheek piece and a military digital camo design, making it both functional and visually appealing.  <a href=\"https:\/\/ak47.nu\/en\/shop-2\/\">Explore our range of Norica air rifles<\/a>.\n<\/p>\n\n<h3>Features and Benefits<\/h3>\n<ul>\n <li><strong>Anti-shock synthetic stock:<\/strong> Provides increased durability and comfort during use.<\/li>\n <li><strong>Fully adjustable cheek piece:<\/strong> Customize the rifle to your preferences for optimal precision.<\/li>\n <li><strong>Polymer-coated high-quality steel barrel:<\/strong> Ensures accuracy and long lifespan.<\/li>\n <li><strong>Reduced cocking effort:<\/strong> Less effort is required to reload, enhancing the user experience.<\/li>\n <li><strong>11 mm. dovetail rail:<\/strong> Allows easy mounting of scopes and other accessories.<\/li>\n <li><strong>Front sight protected by steel hood:<\/strong> Protects the sight from damage and extends its lifespan.<\/li>\n<\/ul>\n\n<h3>Technical Specifications<\/h3>\n<p>This model (Reference: 111.25.025) has a caliber of 4.5 mm (.177) and weighs 3 kg. The barrel length is 474 mm and the total length is 1,155 mm. <a href=\"https:\/\/ak47.nu\/en\/luftvapen\/break-pipe\/\">Browse our wide selection of air rifles<\/a> to find the one that best suits you. With a velocity of 200 m\/s and a power of 10 J, this air rifle delivers impressive performance.<\/p>\n\n<p>For extra customization, it has 2 picatinny rails placed on each side of the stock, allowing you to attach various accessories as needed.  <a href=\"https:\/\/ak47.nu\/en\/\">Visit our website<\/a> to see our entire range and find the accessories you need.<\/p>","protected":false},"excerpt":{"rendered":"<p>K\u00f6p Norica Combo Dead Eye GRS Camo luftgev\u00e4r med 10 J kraft och 4.5MM kaliber. Perfekt f\u00f6r jakt och tr\u00e4ning. Best\u00e4ll nu och f\u00e5 snabb leverans!<\/p>","protected":false},"featured_media":58302,"template":"","meta":[],"product_brand":[],"product_cat":[424,428,375],"product_tag":[],"class_list":{"0":"post-17776","1":"product","2":"type-product","3":"status-publish","4":"has-post-thumbnail","6":"product_cat-brytpipa","7":"product_cat-gevar-brytpipa","8":"product_cat-luftvapen","9":"pa_brand-norica","11":"first","12":"instock","13":"sale","14":"taxable","15":"shipping-taxable","16":"purchasable","17":"product-type-simple"},"_links":{"self":[{"href":"https:\/\/ak47.nu\/en\/wp-json\/wp\/v2\/product\/17776","targetHints":{"allow":["GET"]}}],"collection":[{"href":"https:\/\/ak47.nu\/en\/wp-json\/wp\/v2\/product"}],"about":[{"href":"https:\/\/ak47.nu\/en\/wp-json\/wp\/v2\/types\/product"}],"wp:featuredmedia":[{"embeddable":true,"href":"https:\/\/ak47.nu\/en\/wp-json\/wp\/v2\/media\/58302"}],"wp:attachment":[{"href":"https:\/\/ak47.nu\/en\/wp-json\/wp\/v2\/media?parent=17776"}],"wp:term":[{"taxonomy":"product_brand","embeddable":true,"href":"https:\/\/ak47.nu\/en\/wp-json\/wp\/v2\/product_brand?post=17776"},{"taxonomy":"product_cat","embeddable":true,"href":"https:\/\/ak47.nu\/en\/wp-json\/wp\/v2\/product_cat?post=17776"},{"taxonomy":"product_tag","embeddable":true,"href":"https:\/\/ak47.nu\/en\/wp-json\/wp\/v2\/product_tag?post=17776"}],"curies":[{"name":"wp","href":"https:\/\/api.w.org\/{rel}","templated":true}]}}