{"id":17781,"date":"2022-05-05T14:49:42","date_gmt":"2022-05-05T12:49:42","guid":{"rendered":"https:\/\/ak47.nu\/produkt\/swiss-arms-tg-1-nitro-piston-luftgevar-10-joule-brytpipa\/"},"modified":"2025-12-03T20:31:04","modified_gmt":"2025-12-03T19:31:04","slug":"swiss-arms-tg-1-nitro-air-rifle-10j-break-barrel","status":"publish","type":"product","link":"https:\/\/ak47.nu\/en\/product\/luftvapen\/break-pipe\/gevar-breaking\/swiss-arms-tg-1-nitro-air-rifle-10j-break-barrel\/","title":{"rendered":"Swiss Arms TG 1 Nitro Air Rifle 10J | Break Barrel"},"content":{"rendered":"<h1>Swiss Arms TG 1 Nitro Piston Air Rifle - 10 Joule - Break Barrel<\/h1>\n<h2>Swiss Precision and Quality in an Air Rifle<\/h2>\n<p>Swiss Arms is synonymous with Swiss precision and high quality. Their products are designed for optimal performance, including this TG 1 Nitro Piston air rifle. With a wide range of accessories, Swiss Arms is a top choice for many shooters.<\/p>\n\n<h2>Product Overview of the TG 1 Air Rifle<\/h2>\n<p>The TG 1 is a 4.5 mm precision rifle with a break barrel and a power of 10 joules. It features a Nitro Piston system for better control and easier cocking. <a href=\"https:\/\/ak47.nu\/en\/shop-2\/\">Check out our other air rifles to compare models<\/a>.<\/p>\n\n<h3>Ergonomic Handle and Adjustable Stock<\/h3>\n<p>The ergonomic handle and adjustable stock provide an optimal shooting position. This allows you to shoot comfortably and with precision. <a href=\"https:\/\/ak47.nu\/en\/luftvapen\/break-pipe\/\">See our range of rifle accessories<\/a>.<\/p>\n\n<h3>Muzzle Brake for Stability<\/h3>\n<p>The muzzle brake contributes to a more stable shot and increased precision. You get better control over the shots and can hit the target more safely.<\/p>\n\n<h3>4x40 Riflescope<\/h3>\n<p>The included 4x40 riflescope makes it possible to shoot at longer distances. Improve your accuracy and enjoy an optimal shooting experience with this air rifle. Visit our <a href=\"https:\/\/ak47.nu\/en\/\">homepage<\/a> for more information.<\/p>\n\n<h2>Details of the TG 1 Air Rifle<\/h2>\n<ul>\n <li>4.5mm rifle<\/li>\n <li>Gas spring (Nitro Piston) system<\/li>\n <li>Better stability<\/li>\n <li>More consistent (FPS)<\/li>\n <li>Easy to reload<\/li>\n <li>Easy to disassemble<\/li>\n<\/ul>\n\n<h2>Package Contains:<\/h2>\n<ul>\n <li>1 x Swiss Arms TG 1 4.5 mm Black 10J<\/li>\n <li>1 x 4x40 Scope<\/li>\n <li>1 x User Manual<\/li>\n<\/ul>\n\n<h2>Specifications:<\/h2>\n<ul>\n <li>Scope included<\/li>\n <li>Caliber - 4.5mm \/ .177<\/li>\n <li>Power - 10 joules<\/li>\n <li>Weight - 3.5 kg<\/li>\n <li>Length - 1150mm<\/li>\n <li>Material - ABS \/ Metal<\/li>\n <li>Drive - Gas piston\/break barrel<\/li>\n<\/ul>","protected":false},"excerpt":{"rendered":"<p>K\u00f6p Swiss Arms TG 1 Nitro Piston luftgev\u00e4r med 10 Joule och brytpipa f\u00f6r optimal precision och kraft. Utforska v\u00e5rt breda sortiment av luftgev\u00e4r och hitta det perfekta vapnet f\u00f6r dina behov. Best\u00e4ll nu och njut av en fantastisk skjutupplevelse med Swiss Arms.<\/p>","protected":false},"featured_media":17780,"template":"","meta":[],"product_brand":[],"product_cat":[428],"product_tag":[],"class_list":{"0":"post-17781","1":"product","2":"type-product","3":"status-publish","4":"has-post-thumbnail","6":"product_cat-gevar-brytpipa","7":"pa_brand-swiss-arms","9":"first","10":"outofstock","11":"taxable","12":"shipping-taxable","13":"purchasable","14":"product-type-simple"},"_links":{"self":[{"href":"https:\/\/ak47.nu\/en\/wp-json\/wp\/v2\/product\/17781","targetHints":{"allow":["GET"]}}],"collection":[{"href":"https:\/\/ak47.nu\/en\/wp-json\/wp\/v2\/product"}],"about":[{"href":"https:\/\/ak47.nu\/en\/wp-json\/wp\/v2\/types\/product"}],"wp:featuredmedia":[{"embeddable":true,"href":"https:\/\/ak47.nu\/en\/wp-json\/wp\/v2\/media\/17780"}],"wp:attachment":[{"href":"https:\/\/ak47.nu\/en\/wp-json\/wp\/v2\/media?parent=17781"}],"wp:term":[{"taxonomy":"product_brand","embeddable":true,"href":"https:\/\/ak47.nu\/en\/wp-json\/wp\/v2\/product_brand?post=17781"},{"taxonomy":"product_cat","embeddable":true,"href":"https:\/\/ak47.nu\/en\/wp-json\/wp\/v2\/product_cat?post=17781"},{"taxonomy":"product_tag","embeddable":true,"href":"https:\/\/ak47.nu\/en\/wp-json\/wp\/v2\/product_tag?post=17781"}],"curies":[{"name":"wp","href":"https:\/\/api.w.org\/{rel}","templated":true}]}}