{"id":17795,"date":"2022-05-05T14:50:05","date_gmt":"2022-05-05T12:50:05","guid":{"rendered":"https:\/\/ak47.nu\/produkt\/swiss-arms-hunter-co2-luftgevar-10-joule-akta-trastock\/"},"modified":"2025-12-03T20:19:02","modified_gmt":"2025-12-03T19:19:02","slug":"swiss-arms-hunter-co2-luftgevar-10-joule-akta-trastock","status":"publish","type":"product","link":"https:\/\/ak47.nu\/en\/product\/luftvapen\/break-pipe\/gevar-breaking\/swiss-arms-hunter-co2-luftgevar-10-joule-akta-trastock\/","title":{"rendered":"Swiss Arms &#8211; Hunter CO2 &#8211; luftgev\u00e4r &#8211; 10 Joule &#8211; \u00e4kta tr\u00e4stock"},"content":{"rendered":"<p>Swiss Arms &auml;r stereotypen f&ouml;r Schweizisk precission precis som alla andra Schweiziska saker.<\/p>\n<p>Kvalit&eacute;n &auml;r fundamental f&ouml;r Swiss Arms och alla tillverkade produkter optimeras precis som tillbeh&ouml;ren.<\/p>\n<p>Idag &auml;r Swiss Arms av m&aring;nga sedda som det mest ansedda f&ouml;retaget f&ouml;r h&ouml;gpresterande vapen och har ett brett utbud p&aring; tillbeh&ouml;r<\/p>\n<p>Kvalitetsgev&auml;r med &auml;kta bekv&auml;m tr&auml;stock.<\/p>\n<p>laddas med tv&aring; kolsyrepatroner och vid varje skott med repteterr&ouml;relse och ins&auml;ttning av diabolen. skjuter v&auml;l och kolsyrepatronerna r&auml;cker l&auml;nge.<\/p>\n<p>LicenceSwiss Arms<br \/>F&auml;rg Svart<br \/>Drivning co2<br \/>Pistolvikt (i kg) 2<br \/>Kraft (i Joule) 10<\/p>","protected":false},"excerpt":{"rendered":"<p>K\u00f6p Swiss Arms Hunter CO2 luftgev\u00e4r med \u00e4kta tr\u00e4stock &#8211; 10 Joule. Perfekt f\u00f6r jakt och tr\u00e4ning. H\u00f6gkvalitativt och p\u00e5litligt vapen till r\u00e4tt pris. Best\u00e4ll idag f\u00f6r snabb leverans!<\/p>","protected":false},"featured_media":17794,"template":"","meta":[],"product_brand":[],"product_cat":[428],"product_tag":[],"class_list":{"0":"post-17795","1":"product","2":"type-product","3":"status-publish","4":"has-post-thumbnail","6":"product_cat-gevar-brytpipa","7":"pa_brand-swiss-arms","9":"first","10":"outofstock","11":"taxable","12":"shipping-taxable","13":"purchasable","14":"product-type-simple"},"_links":{"self":[{"href":"https:\/\/ak47.nu\/en\/wp-json\/wp\/v2\/product\/17795","targetHints":{"allow":["GET"]}}],"collection":[{"href":"https:\/\/ak47.nu\/en\/wp-json\/wp\/v2\/product"}],"about":[{"href":"https:\/\/ak47.nu\/en\/wp-json\/wp\/v2\/types\/product"}],"wp:featuredmedia":[{"embeddable":true,"href":"https:\/\/ak47.nu\/en\/wp-json\/wp\/v2\/media\/17794"}],"wp:attachment":[{"href":"https:\/\/ak47.nu\/en\/wp-json\/wp\/v2\/media?parent=17795"}],"wp:term":[{"taxonomy":"product_brand","embeddable":true,"href":"https:\/\/ak47.nu\/en\/wp-json\/wp\/v2\/product_brand?post=17795"},{"taxonomy":"product_cat","embeddable":true,"href":"https:\/\/ak47.nu\/en\/wp-json\/wp\/v2\/product_cat?post=17795"},{"taxonomy":"product_tag","embeddable":true,"href":"https:\/\/ak47.nu\/en\/wp-json\/wp\/v2\/product_tag?post=17795"}],"curies":[{"name":"wp","href":"https:\/\/api.w.org\/{rel}","templated":true}]}}